{"id":80,"date":"2014-05-29T15:49:36","date_gmt":"2014-05-29T13:49:36","guid":{"rendered":"http:\/\/islanda.evolutiontravel.it\/infovacanze\/?page_id=80"},"modified":"2018-05-03T10:41:24","modified_gmt":"2018-05-03T08:41:24","slug":"fiumi-laghi","status":"publish","type":"page","link":"https:\/\/islanda.evolutiontravel.it\/infovacanze\/islanda-viaggi\/fiumi-laghi\/","title":{"rendered":"Fiumi e laghi in Islanda"},"content":{"rendered":"<p>I <strong>fiumi e i laghi dell&#8217;Islanda<\/strong> sono essi stessi <strong>attrazioni<\/strong> raggiunte ogni anno da tantissimi turisti e viaggiatori per <strong>scoprire la natura<\/strong>, protagonista assoluta di questa isola magica.<\/p>\n<p>In Islanda potrete partecipare a tour ed escursioni alla scoperta di<strong> cascate, vulcani, geyser, lagune glaciali<\/strong>, e, appunto, fiumi e laghi: siamo infatti nell\u2019Europa del nord, e questa \u00e8 la seconda isola per grandezza del continente ricoperta per lo pi\u00f9 da ghiacciai, altopiani e circa 200 vulcani.<\/p>\n<div id=\"attachment_58\" style=\"width: 310px\" class=\"wp-caption alignright\"><img loading=\"lazy\" decoding=\"async\" aria-describedby=\"caption-attachment-58\" class=\"wp-image-58 size-medium\" src=\"http:\/\/islanda.evolutiontravel.it\/infovacanze\/wp-content\/uploads\/sites\/21\/2014\/05\/Lago-di-Tj\u00f6rnin-300x225.jpg\" alt=\"Lago di Tj\u00f6rnin\" width=\"300\" height=\"225\" srcset=\"https:\/\/islanda.evolutiontravel.it\/infovacanze\/wp-content\/uploads\/sites\/21\/2014\/05\/Lago-di-Tj\u00f6rnin-300x225.jpg 300w, https:\/\/islanda.evolutiontravel.it\/infovacanze\/wp-content\/uploads\/sites\/21\/2014\/05\/Lago-di-Tj\u00f6rnin-400x300.jpg 400w, https:\/\/islanda.evolutiontravel.it\/infovacanze\/wp-content\/uploads\/sites\/21\/2014\/05\/Lago-di-Tj\u00f6rnin.jpg 800w\" sizes=\"(max-width: 300px) 100vw, 300px\" \/><p id=\"caption-attachment-58\" class=\"wp-caption-text\">Lago di Tj\u00f6rnin<\/p><\/div>\n<p>L&#8217;elevato numero di corsi di acqua, non solo fiumi e laghi ma anche fiumiciattoli e ruscelli, \u00e8 frutto di due eventi: la presenza dei <strong>ghiacciai<\/strong> che, sciogliendosi durante la stagione estiva, forniscono acqua che li alimenta periodicamente e le <strong>frequenti precipitazioni<\/strong> che avvengono in questo paese.<\/p>\n<p>Questi fiumi arrivano al massimo a 230 chilometri di lunghezza ma le loro acque sono caratterizzate da una forte rapidit\u00e0 e la loro presenza \u00e8 di grande importanza per la generazione di grandi fonti d\u2019energia rinnovabile.<\/p>\n<p><strong>Il fiume pi\u00f9 lungo \u00e8 il \u00dej\u00f3rs\u00e1<\/strong> seguito dal <strong>J\u00f6kuls\u00e1<\/strong> con i suoi 206 chilometri mentre quello con la <strong>maggiore portata d\u2019acqua annuale<\/strong> \u00e8 <strong>\u00d6lfus\u00e1<\/strong>.\u00a0 <strong>J\u00f6kuls\u00e1<\/strong> \u00e8 il fiume con il <strong>bacino idrografico maggiore<\/strong>.<\/p>\n<p>Anche <strong>i laghi<\/strong> sono un\u2019altra caratteristica tipica dell\u2019Islanda: nella pianificazione del vostro itinerario inserite una di queste mete.<\/p>\n<p>Il pi\u00f9 famoso \u00e8 il <a href=\"https:\/\/islanda.evolutiontravel.it\/infovacanze\/dove-andare\/lago-myvatn\/\"><strong>lago M\u00fdvatn, <\/strong><em>lago dei moscerini:<\/em><\/a> uno splendido <strong>lago blu<\/strong> abitato da molte specie di volatili (potete osservare circa 20 variet\u00e0 di anatre). Protetto da un ghiacciaio, vanta un ottimo clima che permette ai viaggiatori di <strong>campeggiare<\/strong>.<\/p>\n<p>Una volta qui potete approfittare per vedere <strong>il ghiacciaio del Kverkfj\u00f6ll<\/strong>, il <strong>Parco nazionale dello J\u00f6kuls\u00e1rglj\u00fafur<\/strong>, il cratere di<strong> Hverfell<\/strong> e <strong>la caldera di Askja<\/strong>.<\/p>\n<p>Tra gli altri bacini lacustri d\u2019Islanda da visitare c\u2019\u00e8 <strong>Skorradalsvatn<\/strong> nella regione di Borgarfjordur. <strong>Boschi di betulle nane <\/strong>lo circondano creando un panorama quasi fiabesco e qui potete fare <strong>trekking<\/strong> o a <strong>passeggiate a cavallo o in biciletta<\/strong>.<\/p>\n<p>Infine anche il <strong>lago Hre\u00f0avatn<\/strong> \u00e8 un\u2019ottima destinazione. A sud si trova <strong>Parad\u00edsarlaut, la cosiddetta Valle del Paradiso<\/strong> attraversata dal fiume Nor\u00f0ur\u00e1, uno dei fiumi che si snoda nell\u2019Islanda occidentale.<\/p>\n<h3 style=\"text-align: center\">&#8220;SPECIALE ISLANDA&#8221;<span style=\"color: #008000\"> MENDO DI 2000\u20ac<\/span><\/h3>\n<p style=\"text-align: center\"><strong>TI SVELIAMO UN SEGRETO:<\/strong><\/p>\n<p style=\"text-align: center\">non devi spendere una fortuna per fare una vacanza da sogno!<\/p>\n<p style=\"text-align: center\"><strong><span style=\"color: #008000\">CLICCA E SCOPRI<\/span><\/strong>: <strong>programma<\/strong> viaggio, <strong>foto<\/strong>, <strong>commenti<\/strong>, <strong>itinerari<\/strong> e <strong>servizi inclusi<\/strong>!<\/p>\n<div class=\"feedzy-0304d46a27d1ca38cdbbf53c9d2b672e feedzy-rss\">\n\t\t<ul class=\"feedzy-style2\">\n\t\t\t\t\t<li  style=\"padding: 23px 0 38px\" class=\"rss_item feedzy-rss-col-3\" >\n\t\t\t\t\t\t\t\t\t<div class=\"rss_image\" style=\"width:225px; height:225px;\">\n\t\t\t\t\t\t<a href=\"https:\/\/islanda.evolutiontravel.it\/it_IT\/908\/tab\/35174_luci-del-nord-tour-guidato-in-italiano.html\" target=\"_blank\" \n\t\t\t\t\t\t\trel=\"noopener \"\n\t\t\t\t\t\t\ttitle=\"Luci del Nord - Tour Guidato in italiano\"\n\t\t\t\t\t\t\tstyle=\"width:225px; height:225px;\">\n\t\t\t\t\t\t\t<span class=\"fetched\" style=\"background-image:  url('http:\/\/etcdn.net\/thumbnails\/35174\/it-reykjavik-luci-del-nord-tour-esclusivo-in-italiano-4d086.jpg');\" title=\"Luci del Nord - Tour Guidato in italiano\"><\/span><amp-img width=\"225\" height=\"225\" src=\"http:\/\/etcdn.net\/thumbnails\/35174\/it-reykjavik-luci-del-nord-tour-esclusivo-in-italiano-4d086.jpg\">\t\t\t\t\t\t<\/a>\n\t\t\t\t\t<\/div>\n\t\t\t\t\t\t\t\t<div class=\"rss_content_wrap\">\n\t\t\t\t\t<span class=\"title\">\n\t\t\t\t\t\t<a href=\"https:\/\/islanda.evolutiontravel.it\/it_IT\/908\/tab\/35174_luci-del-nord-tour-guidato-in-italiano.html\" target=\"_blank\"  rel=\"noopener \">\n\t\t\t\t\t\t\tLuci del Nord - Tour Guidato in italiano\t\t\t\t\t\t<\/a>\n\t\t\t\t\t<\/span>\n\t\t\t\t\t<div class=\"rss_content\"\n\t\t\t\t\t\t\tstyle=\"\">\n\t\t\t\t\t\t\n\t\t\t\t\t\t\t\t\t\t\t\t<p class=\"description\">Questo programma di viaggio \u00e8 specificamente realizzato per farvi godere al meglio le Luci del Nord o Aurore Boreali\u00a0che [&hellip;]<\/p>\n\t\t\t\t\t\t\n\t\t\t\t\t\t\t\t\t\t\t\t\t\t\t\t\t\t\t<div class=\"price-wrap\">\n\t\t\t\t\t\t\t\t<a href=\"https:\/\/islanda.evolutiontravel.it\/it_IT\/908\/tab\/35174_luci-del-nord-tour-guidato-in-italiano.html\" target=\"_blank\" rel=\"noopener\"><button class=\"price\"> 1810<\/button><\/a>\n\t\t\t\t\t\t\t<\/div>\n\t\t\t\t\t\t\t\t\t\t\t<\/div>\n\t\t\t\t<\/div>\n\t\t\t<\/li>\n\t\t\t\t\t\t<li  style=\"padding: 23px 0 38px\" class=\"rss_item feedzy-rss-col-3\" >\n\t\t\t\t\t\t\t\t\t<div class=\"rss_image\" style=\"width:225px; height:225px;\">\n\t\t\t\t\t\t<a href=\"https:\/\/islanda.evolutiontravel.it\/it_IT\/908\/tab\/32692_meravigliose-aurore-boreali-in-4x4-viaggio-fly-drive-invernale.html\" target=\"_blank\" \n\t\t\t\t\t\t\trel=\"noopener \"\n\t\t\t\t\t\t\ttitle=\"Meravigliose Aurore Boreali in 4x4 - Viaggio Fly &amp; Drive Invernale\"\n\t\t\t\t\t\t\tstyle=\"width:225px; height:225px;\">\n\t\t\t\t\t\t\t<span class=\"fetched\" style=\"background-image:  url('http:\/\/etcdn.net\/thumbnails\/32692\/it-reykjavik-meravigliose-aurore-boreali-in-4x4-viaggio-fly-drive-invernale-4d085.jpg');\" title=\"Meravigliose Aurore Boreali in 4x4 - Viaggio Fly &amp; Drive Invernale\"><\/span><amp-img width=\"225\" height=\"225\" src=\"http:\/\/etcdn.net\/thumbnails\/32692\/it-reykjavik-meravigliose-aurore-boreali-in-4x4-viaggio-fly-drive-invernale-4d085.jpg\">\t\t\t\t\t\t<\/a>\n\t\t\t\t\t<\/div>\n\t\t\t\t\t\t\t\t<div class=\"rss_content_wrap\">\n\t\t\t\t\t<span class=\"title\">\n\t\t\t\t\t\t<a href=\"https:\/\/islanda.evolutiontravel.it\/it_IT\/908\/tab\/32692_meravigliose-aurore-boreali-in-4x4-viaggio-fly-drive-invernale.html\" target=\"_blank\"  rel=\"noopener \">\n\t\t\t\t\t\t\tMeravigliose Aurore Boreali in 4x4 - Viaggio Fly &amp; Drive Invernale\t\t\t\t\t\t<\/a>\n\t\t\t\t\t<\/span>\n\t\t\t\t\t<div class=\"rss_content\"\n\t\t\t\t\t\t\tstyle=\"\">\n\t\t\t\t\t\t\n\t\t\t\t\t\t\t\t\t\t\t\t<p class=\"description\">L'Ovest e il Sud dell'Islanda mostrano un'incredibile variet\u00e0 di paesaggi contrastanti facilmente esplorabili in un'avventura di [&hellip;]<\/p>\n\t\t\t\t\t\t\n\t\t\t\t\t\t\t\t\t\t\t\t\t\t\t\t\t\t\t<div class=\"price-wrap\">\n\t\t\t\t\t\t\t\t<a href=\"https:\/\/islanda.evolutiontravel.it\/it_IT\/908\/tab\/32692_meravigliose-aurore-boreali-in-4x4-viaggio-fly-drive-invernale.html\" target=\"_blank\" rel=\"noopener\"><button class=\"price\"> 1450<\/button><\/a>\n\t\t\t\t\t\t\t<\/div>\n\t\t\t\t\t\t\t\t\t\t\t<\/div>\n\t\t\t\t<\/div>\n\t\t\t<\/li>\n\t\t\t\t\t\t<li  style=\"padding: 23px 0 38px\" class=\"rss_item feedzy-rss-col-3\" >\n\t\t\t\t\t\t\t\t\t<div class=\"rss_image\" style=\"width:225px; height:225px;\">\n\t\t\t\t\t\t<a href=\"https:\/\/islanda.evolutiontravel.it\/it_IT\/908\/tab\/36105_weekend-lungo-a-caccia-dellaurora-boreale.html\" target=\"_blank\" \n\t\t\t\t\t\t\trel=\"noopener \"\n\t\t\t\t\t\t\ttitle=\"Weekend lungo a caccia dell&#039;Aurora Boreale\"\n\t\t\t\t\t\t\tstyle=\"width:225px; height:225px;\">\n\t\t\t\t\t\t\t<span class=\"fetched\" style=\"background-image:  url('http:\/\/etcdn.net\/thumbnails\/36105\/it-reykjavik-weekend-lungo-a-caccia-dellaurora-boreale-62503.jpg');\" title=\"Weekend lungo a caccia dell&#039;Aurora Boreale\"><\/span><amp-img width=\"225\" height=\"225\" src=\"http:\/\/etcdn.net\/thumbnails\/36105\/it-reykjavik-weekend-lungo-a-caccia-dellaurora-boreale-62503.jpg\">\t\t\t\t\t\t<\/a>\n\t\t\t\t\t<\/div>\n\t\t\t\t\t\t\t\t<div class=\"rss_content_wrap\">\n\t\t\t\t\t<span class=\"title\">\n\t\t\t\t\t\t<a href=\"https:\/\/islanda.evolutiontravel.it\/it_IT\/908\/tab\/36105_weekend-lungo-a-caccia-dellaurora-boreale.html\" target=\"_blank\"  rel=\"noopener \">\n\t\t\t\t\t\t\tWeekend lungo a caccia dell'Aurora Boreale\t\t\t\t\t\t<\/a>\n\t\t\t\t\t<\/span>\n\t\t\t\t\t<div class=\"rss_content\"\n\t\t\t\t\t\t\tstyle=\"\">\n\t\t\t\t\t\t\n\t\t\t\t\t\t\t\t\t\t\t\t<p class=\"description\">Reykjav\u00edk \u00e8 perfetta per una breve vacanza. Scoprite la vita culturale della vibrante e attiva capitale d\u2018Islanda\u00a0con questo [&hellip;]<\/p>\n\t\t\t\t\t\t\n\t\t\t\t\t\t\t\t\t\t\t\t\t\t\t\t\t\t\t<div class=\"price-wrap\">\n\t\t\t\t\t\t\t\t<a href=\"https:\/\/islanda.evolutiontravel.it\/it_IT\/908\/tab\/36105_weekend-lungo-a-caccia-dellaurora-boreale.html\" target=\"_blank\" rel=\"noopener\"><button class=\"price\"> 790<\/button><\/a>\n\t\t\t\t\t\t\t<\/div>\n\t\t\t\t\t\t\t\t\t\t\t<\/div>\n\t\t\t\t<\/div>\n\t\t\t<\/li>\n\t\t\t\t\t\t<li  style=\"padding: 23px 0 38px\" class=\"rss_item feedzy-rss-col-3\" >\n\t\t\t\t\t\t\t\t\t<div class=\"rss_image\" style=\"width:225px; height:225px;\">\n\t\t\t\t\t\t<a href=\"https:\/\/islanda.evolutiontravel.it\/it_IT\/908\/tab\/30802_viaggio-fly-drive-classico-7-notti-e-noleggio-auto.html\" target=\"_blank\" \n\t\t\t\t\t\t\trel=\"noopener \"\n\t\t\t\t\t\t\ttitle=\"Viaggio Fly &amp; Drive Classico: 7 notti e Noleggio auto\"\n\t\t\t\t\t\t\tstyle=\"width:225px; height:225px;\">\n\t\t\t\t\t\t\t<span class=\"fetched\" style=\"background-image:  url('http:\/\/etcdn.net\/thumbnails\/30802\/it-reykjavik-viaggio-fly-drive-classico-2016-7-notti-e-noleggio-auto-5a12f.jpg');\" title=\"Viaggio Fly &amp; Drive Classico: 7 notti e Noleggio auto\"><\/span><amp-img width=\"225\" height=\"225\" src=\"http:\/\/etcdn.net\/thumbnails\/30802\/it-reykjavik-viaggio-fly-drive-classico-2016-7-notti-e-noleggio-auto-5a12f.jpg\">\t\t\t\t\t\t<\/a>\n\t\t\t\t\t<\/div>\n\t\t\t\t\t\t\t\t<div class=\"rss_content_wrap\">\n\t\t\t\t\t<span class=\"title\">\n\t\t\t\t\t\t<a href=\"https:\/\/islanda.evolutiontravel.it\/it_IT\/908\/tab\/30802_viaggio-fly-drive-classico-7-notti-e-noleggio-auto.html\" target=\"_blank\"  rel=\"noopener \">\n\t\t\t\t\t\t\tViaggio Fly &amp; Drive Classico: 7 notti e Noleggio auto\t\t\t\t\t\t<\/a>\n\t\t\t\t\t<\/span>\n\t\t\t\t\t<div class=\"rss_content\"\n\t\t\t\t\t\t\tstyle=\"\">\n\t\t\t\t\t\t\n\t\t\t\t\t\t\t\t\t\t\t\t<p class=\"description\">Il Viaggio in Islanda pi\u00f9 classico in assoluto: una settimana per un itinerario Fly and Drive con noleggio auto e 7 [&hellip;]<\/p>\n\t\t\t\t\t\t\n\t\t\t\t\t\t\t\t\t\t\t\t\t\t\t\t\t\t\t<div class=\"price-wrap\">\n\t\t\t\t\t\t\t\t<a href=\"https:\/\/islanda.evolutiontravel.it\/it_IT\/908\/tab\/30802_viaggio-fly-drive-classico-7-notti-e-noleggio-auto.html\" target=\"_blank\" rel=\"noopener\"><button class=\"price\"> 1750<\/button><\/a>\n\t\t\t\t\t\t\t<\/div>\n\t\t\t\t\t\t\t\t\t\t\t<\/div>\n\t\t\t\t<\/div>\n\t\t\t<\/li>\n\t\t\t\t\t\t<li  style=\"padding: 23px 0 38px\" class=\"rss_item feedzy-rss-col-3\" >\n\t\t\t\t\t\t\t\t\t<div class=\"rss_image\" style=\"width:225px; height:225px;\">\n\t\t\t\t\t\t<a href=\"https:\/\/islanda.evolutiontravel.it\/it_IT\/908\/tab\/31490_spa-e-benessere.html\" target=\"_blank\" \n\t\t\t\t\t\t\trel=\"noopener \"\n\t\t\t\t\t\t\ttitle=\"Spa e Benessere\"\n\t\t\t\t\t\t\tstyle=\"width:225px; height:225px;\">\n\t\t\t\t\t\t\t<span class=\"fetched\" style=\"background-image:  url('http:\/\/etcdn.net\/thumbnails\/31490\/it-reykjavik-spa-e-benessere-4d042.jpg');\" title=\"Spa e Benessere\"><\/span><amp-img width=\"225\" height=\"225\" src=\"http:\/\/etcdn.net\/thumbnails\/31490\/it-reykjavik-spa-e-benessere-4d042.jpg\">\t\t\t\t\t\t<\/a>\n\t\t\t\t\t<\/div>\n\t\t\t\t\t\t\t\t<div class=\"rss_content_wrap\">\n\t\t\t\t\t<span class=\"title\">\n\t\t\t\t\t\t<a href=\"https:\/\/islanda.evolutiontravel.it\/it_IT\/908\/tab\/31490_spa-e-benessere.html\" target=\"_blank\"  rel=\"noopener \">\n\t\t\t\t\t\t\tSpa e Benessere\t\t\t\t\t\t<\/a>\n\t\t\t\t\t<\/span>\n\t\t\t\t\t<div class=\"rss_content\"\n\t\t\t\t\t\t\tstyle=\"\">\n\t\t\t\t\t\t\n\t\t\t\t\t\t\t\t\t\t\t\t<p class=\"description\">Ringiovanisci con un soggiorno benessere in Islanda e allo stesso tempo scopri la natura incredibile dell'Islanda e dei dintorni [&hellip;]<\/p>\n\t\t\t\t\t\t\n\t\t\t\t\t\t\t\t\t\t\t\t\t\t\t\t\t\t\t<div class=\"price-wrap\">\n\t\t\t\t\t\t\t\t<a href=\"https:\/\/islanda.evolutiontravel.it\/it_IT\/908\/tab\/31490_spa-e-benessere.html\" target=\"_blank\" rel=\"noopener\"><button class=\"price\"> 1290<\/button><\/a>\n\t\t\t\t\t\t\t<\/div>\n\t\t\t\t\t\t\t\t\t\t\t<\/div>\n\t\t\t\t<\/div>\n\t\t\t<\/li>\n\t\t\t\t\t\t<li  style=\"padding: 23px 0 38px\" class=\"rss_item feedzy-rss-col-3\" >\n\t\t\t\t\t\t\t\t\t<div class=\"rss_image\" style=\"width:225px; height:225px;\">\n\t\t\t\t\t\t<a href=\"https:\/\/islanda.evolutiontravel.it\/it_IT\/908\/tab\/36620_energie-nascoste-e-caccia-dellaurora-boreale-tour-in-italiano.html\" target=\"_blank\" \n\t\t\t\t\t\t\trel=\"noopener \"\n\t\t\t\t\t\t\ttitle=\"Energie Nascoste e Caccia dell&#039;Aurora Boreale - Tour in Italiano\"\n\t\t\t\t\t\t\tstyle=\"width:225px; height:225px;\">\n\t\t\t\t\t\t\t<span class=\"fetched\" style=\"background-image:  url('http:\/\/etcdn.net\/thumbnails\/36620\/it-reykjavik-a-caccia-dellaurora-boreale-tour-in-italiano-668ba.jpg');\" title=\"Energie Nascoste e Caccia dell&#039;Aurora Boreale - Tour in Italiano\"><\/span><amp-img width=\"225\" height=\"225\" src=\"http:\/\/etcdn.net\/thumbnails\/36620\/it-reykjavik-a-caccia-dellaurora-boreale-tour-in-italiano-668ba.jpg\">\t\t\t\t\t\t<\/a>\n\t\t\t\t\t<\/div>\n\t\t\t\t\t\t\t\t<div class=\"rss_content_wrap\">\n\t\t\t\t\t<span class=\"title\">\n\t\t\t\t\t\t<a href=\"https:\/\/islanda.evolutiontravel.it\/it_IT\/908\/tab\/36620_energie-nascoste-e-caccia-dellaurora-boreale-tour-in-italiano.html\" target=\"_blank\"  rel=\"noopener \">\n\t\t\t\t\t\t\tEnergie Nascoste e Caccia dell'Aurora Boreale - Tour in Italiano\t\t\t\t\t\t<\/a>\n\t\t\t\t\t<\/span>\n\t\t\t\t\t<div class=\"rss_content\"\n\t\t\t\t\t\t\tstyle=\"\">\n\t\t\t\t\t\t\n\t\t\t\t\t\t\t\t\t\t\t\t<p class=\"description\">Ecco un tour di gruppo in Islanda con guida in Italiano che vi accompagner\u00e0 alla scoperta delle meraviglie naturali [&hellip;]<\/p>\n\t\t\t\t\t\t\n\t\t\t\t\t\t\t\t\t\t\t\t\t\t\t\t\t\t\t<div class=\"price-wrap\">\n\t\t\t\t\t\t\t\t<a href=\"https:\/\/islanda.evolutiontravel.it\/it_IT\/908\/tab\/36620_energie-nascoste-e-caccia-dellaurora-boreale-tour-in-italiano.html\" target=\"_blank\" rel=\"noopener\"><button class=\"price\"> 1480<\/button><\/a>\n\t\t\t\t\t\t\t<\/div>\n\t\t\t\t\t\t\t\t\t\t\t<\/div>\n\t\t\t\t<\/div>\n\t\t\t<\/li>\n\t\t\t\t<\/ul>\n<\/div>\n<style type=\"text\/css\" media=\"all\">.feedzy-rss .rss_item .rss_image{float:left;position:relative;border:none;text-decoration:none;max-width:100%}.feedzy-rss .rss_item .rss_image span{display:inline-block;position:absolute;width:100%;height:100%;background-position:50%;background-size:cover}.feedzy-rss .rss_item .rss_image{margin:.3em 1em 0 0;content-visibility:auto}.feedzy-rss ul{list-style:none}.feedzy-rss ul li{display:inline-block}<\/style>\n","protected":false},"excerpt":{"rendered":"<p>I fiumi e i laghi dell&#8217;Islanda sono essi stessi attrazioni raggiunte ogni anno da tantissimi turisti e viaggiatori per scoprire la natura, protagonista assoluta di questa isola magica. In Islanda potrete partecipare a tour ed escursioni alla scoperta di cascate, vulcani, geyser, lagune glaciali, e, appunto, fiumi e laghi: siamo infatti nell\u2019Europa del nord, e <a class=\"moretag\" href=\"https:\/\/islanda.evolutiontravel.it\/infovacanze\/islanda-viaggi\/fiumi-laghi\/\">[&#8230;]<\/a><\/p>\n","protected":false},"author":6,"featured_media":0,"parent":28,"menu_order":0,"comment_status":"closed","ping_status":"open","template":"templates\/template-with-right-sidebar.php","meta":{"footnotes":""},"yoast_head":"<!-- This site is optimized with the Yoast SEO plugin v21.9.1 - https:\/\/yoast.com\/wordpress\/plugins\/seo\/ -->\n<title>Fiumi e laghi d\u2019Islanda da visitare per una vacanza naturalistica<\/title>\n<meta name=\"description\" content=\"L&#039;Islanda, terra ricca di laghi e fiumi: scopri alcuni itinerari di viaggio e i nostri consigli utili per le tue vacanze e parti grazie alle nostre occasioni di viaggio e vacanze per tutti i gusti e per tutte le tasche!\" \/>\n<meta name=\"robots\" content=\"index, follow, max-snippet:-1, max-image-preview:large, max-video-preview:-1\" \/>\n<link rel=\"canonical\" href=\"https:\/\/islanda.evolutiontravel.it\/infovacanze\/islanda-viaggi\/fiumi-laghi\/\" \/>\n<meta property=\"og:locale\" content=\"it_IT\" \/>\n<meta property=\"og:type\" content=\"article\" \/>\n<meta property=\"og:title\" content=\"Fiumi e laghi d\u2019Islanda da visitare per una vacanza naturalistica\" \/>\n<meta property=\"og:description\" content=\"L&#039;Islanda, terra ricca di laghi e fiumi: scopri alcuni itinerari di viaggio e i nostri consigli utili per le tue vacanze e parti grazie alle nostre occasioni di viaggio e vacanze per tutti i gusti e per tutte le tasche!\" \/>\n<meta property=\"og:url\" content=\"https:\/\/islanda.evolutiontravel.it\/infovacanze\/islanda-viaggi\/fiumi-laghi\/\" \/>\n<meta property=\"og:site_name\" content=\"Islanda\" \/>\n<meta property=\"article:modified_time\" content=\"2018-05-03T08:41:24+00:00\" \/>\n<meta name=\"twitter:label1\" content=\"Tempo di lettura stimato\" \/>\n\t<meta name=\"twitter:data1\" content=\"2 minuti\" \/>\n<script type=\"application\/ld+json\" class=\"yoast-schema-graph\">{\"@context\":\"https:\/\/schema.org\",\"@graph\":[{\"@type\":\"WebPage\",\"@id\":\"https:\/\/islanda.evolutiontravel.it\/infovacanze\/islanda-viaggi\/fiumi-laghi\/\",\"url\":\"https:\/\/islanda.evolutiontravel.it\/infovacanze\/islanda-viaggi\/fiumi-laghi\/\",\"name\":\"Fiumi e laghi d\u2019Islanda da visitare per una vacanza naturalistica\",\"isPartOf\":{\"@id\":\"https:\/\/islanda.evolutiontravel.it\/infovacanze\/#website\"},\"datePublished\":\"2014-05-29T13:49:36+00:00\",\"dateModified\":\"2018-05-03T08:41:24+00:00\",\"description\":\"L'Islanda, terra ricca di laghi e fiumi: scopri alcuni itinerari di viaggio e i nostri consigli utili per le tue vacanze e parti grazie alle nostre occasioni di viaggio e vacanze per tutti i gusti e per tutte le tasche!\",\"breadcrumb\":{\"@id\":\"https:\/\/islanda.evolutiontravel.it\/infovacanze\/islanda-viaggi\/fiumi-laghi\/#breadcrumb\"},\"inLanguage\":\"it-IT\",\"potentialAction\":[{\"@type\":\"ReadAction\",\"target\":[\"https:\/\/islanda.evolutiontravel.it\/infovacanze\/islanda-viaggi\/fiumi-laghi\/\"]}]},{\"@type\":\"BreadcrumbList\",\"@id\":\"https:\/\/islanda.evolutiontravel.it\/infovacanze\/islanda-viaggi\/fiumi-laghi\/#breadcrumb\",\"itemListElement\":[{\"@type\":\"ListItem\",\"position\":1,\"name\":\"Viaggi in Islanda\",\"item\":\"https:\/\/islanda.evolutiontravel.it\/infovacanze\/islanda-viaggi\/\"},{\"@type\":\"ListItem\",\"position\":2,\"name\":\"Fiumi e laghi in Islanda\"}]},{\"@type\":\"WebSite\",\"@id\":\"https:\/\/islanda.evolutiontravel.it\/infovacanze\/#website\",\"url\":\"https:\/\/islanda.evolutiontravel.it\/infovacanze\/\",\"name\":\"Islanda\",\"description\":\"\",\"potentialAction\":[{\"@type\":\"SearchAction\",\"target\":{\"@type\":\"EntryPoint\",\"urlTemplate\":\"https:\/\/islanda.evolutiontravel.it\/infovacanze\/?s={search_term_string}\"},\"query-input\":\"required name=search_term_string\"}],\"inLanguage\":\"it-IT\"}]}<\/script>\n<!-- \/ Yoast SEO plugin. -->","yoast_head_json":{"title":"Fiumi e laghi d\u2019Islanda da visitare per una vacanza naturalistica","description":"L'Islanda, terra ricca di laghi e fiumi: scopri alcuni itinerari di viaggio e i nostri consigli utili per le tue vacanze e parti grazie alle nostre occasioni di viaggio e vacanze per tutti i gusti e per tutte le tasche!","robots":{"index":"index","follow":"follow","max-snippet":"max-snippet:-1","max-image-preview":"max-image-preview:large","max-video-preview":"max-video-preview:-1"},"canonical":"https:\/\/islanda.evolutiontravel.it\/infovacanze\/islanda-viaggi\/fiumi-laghi\/","og_locale":"it_IT","og_type":"article","og_title":"Fiumi e laghi d\u2019Islanda da visitare per una vacanza naturalistica","og_description":"L'Islanda, terra ricca di laghi e fiumi: scopri alcuni itinerari di viaggio e i nostri consigli utili per le tue vacanze e parti grazie alle nostre occasioni di viaggio e vacanze per tutti i gusti e per tutte le tasche!","og_url":"https:\/\/islanda.evolutiontravel.it\/infovacanze\/islanda-viaggi\/fiumi-laghi\/","og_site_name":"Islanda","article_modified_time":"2018-05-03T08:41:24+00:00","twitter_misc":{"Tempo di lettura stimato":"2 minuti"},"schema":{"@context":"https:\/\/schema.org","@graph":[{"@type":"WebPage","@id":"https:\/\/islanda.evolutiontravel.it\/infovacanze\/islanda-viaggi\/fiumi-laghi\/","url":"https:\/\/islanda.evolutiontravel.it\/infovacanze\/islanda-viaggi\/fiumi-laghi\/","name":"Fiumi e laghi d\u2019Islanda da visitare per una vacanza naturalistica","isPartOf":{"@id":"https:\/\/islanda.evolutiontravel.it\/infovacanze\/#website"},"datePublished":"2014-05-29T13:49:36+00:00","dateModified":"2018-05-03T08:41:24+00:00","description":"L'Islanda, terra ricca di laghi e fiumi: scopri alcuni itinerari di viaggio e i nostri consigli utili per le tue vacanze e parti grazie alle nostre occasioni di viaggio e vacanze per tutti i gusti e per tutte le tasche!","breadcrumb":{"@id":"https:\/\/islanda.evolutiontravel.it\/infovacanze\/islanda-viaggi\/fiumi-laghi\/#breadcrumb"},"inLanguage":"it-IT","potentialAction":[{"@type":"ReadAction","target":["https:\/\/islanda.evolutiontravel.it\/infovacanze\/islanda-viaggi\/fiumi-laghi\/"]}]},{"@type":"BreadcrumbList","@id":"https:\/\/islanda.evolutiontravel.it\/infovacanze\/islanda-viaggi\/fiumi-laghi\/#breadcrumb","itemListElement":[{"@type":"ListItem","position":1,"name":"Viaggi in Islanda","item":"https:\/\/islanda.evolutiontravel.it\/infovacanze\/islanda-viaggi\/"},{"@type":"ListItem","position":2,"name":"Fiumi e laghi in Islanda"}]},{"@type":"WebSite","@id":"https:\/\/islanda.evolutiontravel.it\/infovacanze\/#website","url":"https:\/\/islanda.evolutiontravel.it\/infovacanze\/","name":"Islanda","description":"","potentialAction":[{"@type":"SearchAction","target":{"@type":"EntryPoint","urlTemplate":"https:\/\/islanda.evolutiontravel.it\/infovacanze\/?s={search_term_string}"},"query-input":"required name=search_term_string"}],"inLanguage":"it-IT"}]}},"_links":{"self":[{"href":"https:\/\/islanda.evolutiontravel.it\/infovacanze\/wp-json\/wp\/v2\/pages\/80"}],"collection":[{"href":"https:\/\/islanda.evolutiontravel.it\/infovacanze\/wp-json\/wp\/v2\/pages"}],"about":[{"href":"https:\/\/islanda.evolutiontravel.it\/infovacanze\/wp-json\/wp\/v2\/types\/page"}],"author":[{"embeddable":true,"href":"https:\/\/islanda.evolutiontravel.it\/infovacanze\/wp-json\/wp\/v2\/users\/6"}],"replies":[{"embeddable":true,"href":"https:\/\/islanda.evolutiontravel.it\/infovacanze\/wp-json\/wp\/v2\/comments?post=80"}],"version-history":[{"count":6,"href":"https:\/\/islanda.evolutiontravel.it\/infovacanze\/wp-json\/wp\/v2\/pages\/80\/revisions"}],"predecessor-version":[{"id":564,"href":"https:\/\/islanda.evolutiontravel.it\/infovacanze\/wp-json\/wp\/v2\/pages\/80\/revisions\/564"}],"up":[{"embeddable":true,"href":"https:\/\/islanda.evolutiontravel.it\/infovacanze\/wp-json\/wp\/v2\/pages\/28"}],"wp:attachment":[{"href":"https:\/\/islanda.evolutiontravel.it\/infovacanze\/wp-json\/wp\/v2\/media?parent=80"}],"curies":[{"name":"wp","href":"https:\/\/api.w.org\/{rel}","templated":true}]}}