{"id":179,"date":"2014-09-09T16:34:34","date_gmt":"2014-09-09T14:34:34","guid":{"rendered":"http:\/\/islanda.evolutiontravel.it\/infovacanze\/?page_id=179"},"modified":"2018-04-27T11:28:55","modified_gmt":"2018-04-27T09:28:55","slug":"islanda-groenlandia","status":"publish","type":"page","link":"https:\/\/islanda.evolutiontravel.it\/infovacanze\/dove-andare\/islanda-groenlandia\/","title":{"rendered":"Islanda e Groenlandia"},"content":{"rendered":"<p>A circa <strong>200 km di distanza<\/strong> l\u2019una dall\u2019altra, l\u2019<strong>Islanda e la Groenlandia<\/strong> possono essere visitate in<strong> un unico tour<\/strong>. Il <strong>volo diretto dura circa 3 ore<\/strong>. Per organizzare un viaggio che preveda queste due destinazioni \u00e8 per\u00f2 consigliabile affidarsi <strong>a tour operator specializzati <\/strong>e puoi dare un&#8217;occhiata alle nostre offerte viaggi.<\/p>\n<p>Infatti viaggiare in Groenlandia con la formula &#8220;fai da te&#8221; non \u00e8 affatto semplice. Non esiste una rete stradale e gli spostamenti avvengono per lo pi\u00f9 in aereo o in nave tra questi territori fatti di ghiaccio, neve e acqua.<\/p>\n<p>Se cercate un viaggio originale,<strong> fuori dalle comuni rotte turistiche<\/strong>, alla ricerca di un\u2019esperienza a contatto con la natura allora le mete di destinazione sono proprio queste, Islanda e Groenlandia.<\/p>\n<div id=\"attachment_356\" style=\"width: 310px\" class=\"wp-caption alignright\"><img loading=\"lazy\" decoding=\"async\" aria-describedby=\"caption-attachment-356\" class=\"wp-image-356 size-medium\" src=\"http:\/\/islanda.evolutiontravel.it\/infovacanze\/wp-content\/uploads\/sites\/21\/2014\/09\/Groenlandia-300x201.jpg\" alt=\"Groenlandia\" width=\"300\" height=\"201\" srcset=\"https:\/\/islanda.evolutiontravel.it\/infovacanze\/wp-content\/uploads\/sites\/21\/2014\/09\/Groenlandia-300x201.jpg 300w, https:\/\/islanda.evolutiontravel.it\/infovacanze\/wp-content\/uploads\/sites\/21\/2014\/09\/Groenlandia.jpg 400w\" sizes=\"(max-width: 300px) 100vw, 300px\" \/><p id=\"caption-attachment-356\" class=\"wp-caption-text\">Tipico paesaggio della Groenlandia<\/p><\/div>\n<p>L&#8217;<strong>Islanda<\/strong>, isola nell\u2019Oceano Atlantico settentrionale, con capitale Reykjav\u00edk. Conosciuta come la <em>terra del ghiaccio e del fuoco<\/em> \u00e8 affascinante da visitare proprio per le sue caratteristiche geografiche: <strong>ghiacciai e vulcani<\/strong> ancora attivi.<\/p>\n<p>La <strong>Groenlandia<\/strong> \u00e8 uno stato che fa capo al Regno della Danimarca ma geograficamente fa parte del continente americano. \u00c8 la <strong>pi\u00f9 grande isola del mondo <\/strong>ricoperta per lo pi\u00f9 dalla calotta glaciale \u00e8 lo stato che pi\u00f9 di ogni altro contiene in s\u00e9 tutte le caratteristiche del continente artico.<\/p>\n<p>I viaggi che prevedono, in un&#8217;unica vacanza, escursioni e tour tra Islanda e Groenlandia sono diversi, qui ti proponiamo <strong>un viaggio organizzato da noi come &#8220;estensione dall&#8217;Islanda&#8221;<\/strong>; ecco i dettagli:<\/p>\n<ul>\n<li><strong>Durata pacchetto<\/strong>: 4 giorni\/3 notti<\/li>\n<li><strong>Tipologia viaggio<\/strong>: tour + voli interni e tour di gruppo<\/li>\n<\/ul>\n<p>Si parte con un volo da Reykjavik per arrivare a un villaggio della Groenlandia, <strong>Narsarsuaq<\/strong> e poi il tour inizia con una guida (italiano\/inglese) e si pernotter\u00e0 in rifugi e guesthouse.<\/p>\n<h3 style=\"text-align: center\">Offerte viaggi e vacanze in Islanda<\/h3>\n<p style=\"text-align: center\">In un solo click scopri tutti i dettagli delle nostre <span style=\"color: #008000\"><strong>IMPERDIBILI OFFERTE<\/strong><\/span>!<\/p>\n<p style=\"text-align: center\"><span style=\"color: #008000\"><strong>CLICCA ADESS<\/strong><\/span>O: programma, foto, commenti, itinerari e molto altro!<\/p>\n<div class=\"feedzy-cb02d0c3d47368aaec769c5619347ffe feedzy-rss\">\n\t\t<ul class=\"feedzy-style2\">\n\t\t\t\t\t<li  style=\"padding: 23px 0 38px\" class=\"rss_item feedzy-rss-col-3\" >\n\t\t\t\t\t\t\t\t\t<div class=\"rss_image\" style=\"width:225px; height:225px;\">\n\t\t\t\t\t\t<a href=\"https:\/\/islanda.evolutiontravel.it\/it_IT\/908\/tab\/39162_tour-di-gruppo-classico-in-italiano.html\" target=\"_blank\" \n\t\t\t\t\t\t\trel=\"noopener \"\n\t\t\t\t\t\t\ttitle=\"Tour di Gruppo Classico in italiano\"\n\t\t\t\t\t\t\tstyle=\"width:225px; height:225px;\">\n\t\t\t\t\t\t\t<span class=\"fetched\" style=\"background-image:  url('http:\/\/etcdn.net\/thumbnails\/39162\/it-reykjavik-tour-di-gruppo-classico-in-italiano-7998b.jpg');\" title=\"Tour di Gruppo Classico in italiano\"><\/span><amp-img width=\"225\" height=\"225\" src=\"http:\/\/etcdn.net\/thumbnails\/39162\/it-reykjavik-tour-di-gruppo-classico-in-italiano-7998b.jpg\">\t\t\t\t\t\t<\/a>\n\t\t\t\t\t<\/div>\n\t\t\t\t\t\t\t\t<div class=\"rss_content_wrap\">\n\t\t\t\t\t<span class=\"title\">\n\t\t\t\t\t\t<a href=\"https:\/\/islanda.evolutiontravel.it\/it_IT\/908\/tab\/39162_tour-di-gruppo-classico-in-italiano.html\" target=\"_blank\"  rel=\"noopener \">\n\t\t\t\t\t\t\tTour di Gruppo Classico in italiano\t\t\t\t\t\t<\/a>\n\t\t\t\t\t<\/span>\n\t\t\t\t\t<div class=\"rss_content\"\n\t\t\t\t\t\t\tstyle=\"\">\n\t\t\t\t\t\t\n\t\t\t\t\t\t\t\t\t\t\t\t<p class=\"description\">Il classico dei classici: un tour di gruppo con guida in italiano, che si sviluppa lungo la mitica Ring Road n. 1 per portarvi a [&hellip;]<\/p>\n\t\t\t\t\t\t\n\t\t\t\t\t\t\t\t\t\t\t\t\t\t\t\t\t\t\t<div class=\"price-wrap\">\n\t\t\t\t\t\t\t\t<a href=\"https:\/\/islanda.evolutiontravel.it\/it_IT\/908\/tab\/39162_tour-di-gruppo-classico-in-italiano.html\" target=\"_blank\" rel=\"noopener\"><button class=\"price\"> 3100<\/button><\/a>\n\t\t\t\t\t\t\t<\/div>\n\t\t\t\t\t\t\t\t\t\t\t<\/div>\n\t\t\t\t<\/div>\n\t\t\t<\/li>\n\t\t\t\t\t\t<li  style=\"padding: 23px 0 38px\" class=\"rss_item feedzy-rss-col-3\" >\n\t\t\t\t\t\t\t\t\t<div class=\"rss_image\" style=\"width:225px; height:225px;\">\n\t\t\t\t\t\t<a href=\"https:\/\/islanda.evolutiontravel.it\/it_IT\/908\/tab\/34764_avventura-fuoristrada-in-auto-4x4-nel-cuore-islandese-lungo-la-pista-del-kjolur.html\" target=\"_blank\" \n\t\t\t\t\t\t\trel=\"noopener \"\n\t\t\t\t\t\t\ttitle=\"Avventura Fuoristrada: in auto 4x4 nel cuore islandese, lungo la pista del Kjolur\"\n\t\t\t\t\t\t\tstyle=\"width:225px; height:225px;\">\n\t\t\t\t\t\t\t<span class=\"fetched\" style=\"background-image:  url('http:\/\/etcdn.net\/thumbnails\/34764\/it-reykjavik-avventura-fuoristrada-7-notti-e-noleggio-4x4-5a323.jpg');\" title=\"Avventura Fuoristrada: in auto 4x4 nel cuore islandese, lungo la pista del Kjolur\"><\/span><amp-img width=\"225\" height=\"225\" src=\"http:\/\/etcdn.net\/thumbnails\/34764\/it-reykjavik-avventura-fuoristrada-7-notti-e-noleggio-4x4-5a323.jpg\">\t\t\t\t\t\t<\/a>\n\t\t\t\t\t<\/div>\n\t\t\t\t\t\t\t\t<div class=\"rss_content_wrap\">\n\t\t\t\t\t<span class=\"title\">\n\t\t\t\t\t\t<a href=\"https:\/\/islanda.evolutiontravel.it\/it_IT\/908\/tab\/34764_avventura-fuoristrada-in-auto-4x4-nel-cuore-islandese-lungo-la-pista-del-kjolur.html\" target=\"_blank\"  rel=\"noopener \">\n\t\t\t\t\t\t\tAvventura Fuoristrada: in auto 4x4 nel cuore islandese, lungo la pista del Kjolur\t\t\t\t\t\t<\/a>\n\t\t\t\t\t<\/span>\n\t\t\t\t\t<div class=\"rss_content\"\n\t\t\t\t\t\t\tstyle=\"\">\n\t\t\t\t\t\t\n\t\t\t\t\t\t\t\t\t\t\t\t<p class=\"description\">L'itinerario\u00a0pi\u00f9 classico\u00a0per un viaggio in Islanda pu\u00f2 diventare un fly &amp; drive in Islanda all'insegna dell'avventura [&hellip;]<\/p>\n\t\t\t\t\t\t\n\t\t\t\t\t\t\t\t\t\t\t\t\t\t\t\t\t\t\t<div class=\"price-wrap\">\n\t\t\t\t\t\t\t\t<a href=\"https:\/\/islanda.evolutiontravel.it\/it_IT\/908\/tab\/34764_avventura-fuoristrada-in-auto-4x4-nel-cuore-islandese-lungo-la-pista-del-kjolur.html\" target=\"_blank\" rel=\"noopener\"><button class=\"price\"> 2190<\/button><\/a>\n\t\t\t\t\t\t\t<\/div>\n\t\t\t\t\t\t\t\t\t\t\t<\/div>\n\t\t\t\t<\/div>\n\t\t\t<\/li>\n\t\t\t\t\t\t<li  style=\"padding: 23px 0 38px\" class=\"rss_item feedzy-rss-col-3\" >\n\t\t\t\t\t\t\t\t\t<div class=\"rss_image\" style=\"width:225px; height:225px;\">\n\t\t\t\t\t\t<a href=\"https:\/\/islanda.evolutiontravel.it\/it_IT\/908\/tab\/30796_viaggio-fly-drive-delle-balene-noleggio-auto-e-9-notti.html\" target=\"_blank\" \n\t\t\t\t\t\t\trel=\"noopener \"\n\t\t\t\t\t\t\ttitle=\"Viaggio Fly &amp; Drive delle Balene: Noleggio auto e 9 notti\"\n\t\t\t\t\t\t\tstyle=\"width:225px; height:225px;\">\n\t\t\t\t\t\t\t<span class=\"fetched\" style=\"background-image:  url('http:\/\/etcdn.net\/thumbnails\/30796\/it-reykjavik-viaggio-fly-drive-delle-balene-2016-noleggio-auto-e-9-notti-5a321.jpg');\" title=\"Viaggio Fly &amp; Drive delle Balene: Noleggio auto e 9 notti\"><\/span><amp-img width=\"225\" height=\"225\" src=\"http:\/\/etcdn.net\/thumbnails\/30796\/it-reykjavik-viaggio-fly-drive-delle-balene-2016-noleggio-auto-e-9-notti-5a321.jpg\">\t\t\t\t\t\t<\/a>\n\t\t\t\t\t<\/div>\n\t\t\t\t\t\t\t\t<div class=\"rss_content_wrap\">\n\t\t\t\t\t<span class=\"title\">\n\t\t\t\t\t\t<a href=\"https:\/\/islanda.evolutiontravel.it\/it_IT\/908\/tab\/30796_viaggio-fly-drive-delle-balene-noleggio-auto-e-9-notti.html\" target=\"_blank\"  rel=\"noopener \">\n\t\t\t\t\t\t\tViaggio Fly &amp; Drive delle Balene: Noleggio auto e 9 notti\t\t\t\t\t\t<\/a>\n\t\t\t\t\t<\/span>\n\t\t\t\t\t<div class=\"rss_content\"\n\t\t\t\t\t\t\tstyle=\"\">\n\t\t\t\t\t\t\n\t\t\t\t\t\t\t\t\t\t\t\t<p class=\"description\">In\u00a010 giorni e 9 notti\u00a0esplorerete le meraviglie naturali dell'Islanda, un viaggio fly and drive all'insegna della libert\u00e0 e [&hellip;]<\/p>\n\t\t\t\t\t\t\n\t\t\t\t\t\t\t\t\t\t\t\t\t\t\t\t\t\t\t<div class=\"price-wrap\">\n\t\t\t\t\t\t\t\t<a href=\"https:\/\/islanda.evolutiontravel.it\/it_IT\/908\/tab\/30796_viaggio-fly-drive-delle-balene-noleggio-auto-e-9-notti.html\" target=\"_blank\" rel=\"noopener\"><button class=\"price\"> 2200<\/button><\/a>\n\t\t\t\t\t\t\t<\/div>\n\t\t\t\t\t\t\t\t\t\t\t<\/div>\n\t\t\t\t<\/div>\n\t\t\t<\/li>\n\t\t\t\t\t\t<li  style=\"padding: 23px 0 38px\" class=\"rss_item feedzy-rss-col-3\" >\n\t\t\t\t\t\t\t\t\t<div class=\"rss_image\" style=\"width:225px; height:225px;\">\n\t\t\t\t\t\t<a href=\"https:\/\/islanda.evolutiontravel.it\/it_IT\/908\/tab\/35174_luci-del-nord-tour-guidato-in-italiano.html\" target=\"_blank\" \n\t\t\t\t\t\t\trel=\"noopener \"\n\t\t\t\t\t\t\ttitle=\"Luci del Nord - Tour Guidato in italiano\"\n\t\t\t\t\t\t\tstyle=\"width:225px; height:225px;\">\n\t\t\t\t\t\t\t<span class=\"fetched\" style=\"background-image:  url('http:\/\/etcdn.net\/thumbnails\/35174\/it-reykjavik-luci-del-nord-tour-esclusivo-in-italiano-4d086.jpg');\" title=\"Luci del Nord - Tour Guidato in italiano\"><\/span><amp-img width=\"225\" height=\"225\" src=\"http:\/\/etcdn.net\/thumbnails\/35174\/it-reykjavik-luci-del-nord-tour-esclusivo-in-italiano-4d086.jpg\">\t\t\t\t\t\t<\/a>\n\t\t\t\t\t<\/div>\n\t\t\t\t\t\t\t\t<div class=\"rss_content_wrap\">\n\t\t\t\t\t<span class=\"title\">\n\t\t\t\t\t\t<a href=\"https:\/\/islanda.evolutiontravel.it\/it_IT\/908\/tab\/35174_luci-del-nord-tour-guidato-in-italiano.html\" target=\"_blank\"  rel=\"noopener \">\n\t\t\t\t\t\t\tLuci del Nord - Tour Guidato in italiano\t\t\t\t\t\t<\/a>\n\t\t\t\t\t<\/span>\n\t\t\t\t\t<div class=\"rss_content\"\n\t\t\t\t\t\t\tstyle=\"\">\n\t\t\t\t\t\t\n\t\t\t\t\t\t\t\t\t\t\t\t<p class=\"description\">Questo programma di viaggio \u00e8 specificamente realizzato per farvi godere al meglio le Luci del Nord o Aurore Boreali\u00a0che [&hellip;]<\/p>\n\t\t\t\t\t\t\n\t\t\t\t\t\t\t\t\t\t\t\t\t\t\t\t\t\t\t<div class=\"price-wrap\">\n\t\t\t\t\t\t\t\t<a href=\"https:\/\/islanda.evolutiontravel.it\/it_IT\/908\/tab\/35174_luci-del-nord-tour-guidato-in-italiano.html\" target=\"_blank\" rel=\"noopener\"><button class=\"price\"> 1810<\/button><\/a>\n\t\t\t\t\t\t\t<\/div>\n\t\t\t\t\t\t\t\t\t\t\t<\/div>\n\t\t\t\t<\/div>\n\t\t\t<\/li>\n\t\t\t\t\t\t<li  style=\"padding: 23px 0 38px\" class=\"rss_item feedzy-rss-col-3\" >\n\t\t\t\t\t\t\t\t\t<div class=\"rss_image\" style=\"width:225px; height:225px;\">\n\t\t\t\t\t\t<a href=\"https:\/\/islanda.evolutiontravel.it\/it_IT\/908\/tab\/32692_meravigliose-aurore-boreali-in-4x4-viaggio-fly-drive-invernale.html\" target=\"_blank\" \n\t\t\t\t\t\t\trel=\"noopener \"\n\t\t\t\t\t\t\ttitle=\"Meravigliose Aurore Boreali in 4x4 - Viaggio Fly &amp; Drive Invernale\"\n\t\t\t\t\t\t\tstyle=\"width:225px; height:225px;\">\n\t\t\t\t\t\t\t<span class=\"fetched\" style=\"background-image:  url('http:\/\/etcdn.net\/thumbnails\/32692\/it-reykjavik-meravigliose-aurore-boreali-in-4x4-viaggio-fly-drive-invernale-4d085.jpg');\" title=\"Meravigliose Aurore Boreali in 4x4 - Viaggio Fly &amp; Drive Invernale\"><\/span><amp-img width=\"225\" height=\"225\" src=\"http:\/\/etcdn.net\/thumbnails\/32692\/it-reykjavik-meravigliose-aurore-boreali-in-4x4-viaggio-fly-drive-invernale-4d085.jpg\">\t\t\t\t\t\t<\/a>\n\t\t\t\t\t<\/div>\n\t\t\t\t\t\t\t\t<div class=\"rss_content_wrap\">\n\t\t\t\t\t<span class=\"title\">\n\t\t\t\t\t\t<a href=\"https:\/\/islanda.evolutiontravel.it\/it_IT\/908\/tab\/32692_meravigliose-aurore-boreali-in-4x4-viaggio-fly-drive-invernale.html\" target=\"_blank\"  rel=\"noopener \">\n\t\t\t\t\t\t\tMeravigliose Aurore Boreali in 4x4 - Viaggio Fly &amp; Drive Invernale\t\t\t\t\t\t<\/a>\n\t\t\t\t\t<\/span>\n\t\t\t\t\t<div class=\"rss_content\"\n\t\t\t\t\t\t\tstyle=\"\">\n\t\t\t\t\t\t\n\t\t\t\t\t\t\t\t\t\t\t\t<p class=\"description\">L'Ovest e il Sud dell'Islanda mostrano un'incredibile variet\u00e0 di paesaggi contrastanti facilmente esplorabili in un'avventura di [&hellip;]<\/p>\n\t\t\t\t\t\t\n\t\t\t\t\t\t\t\t\t\t\t\t\t\t\t\t\t\t\t<div class=\"price-wrap\">\n\t\t\t\t\t\t\t\t<a href=\"https:\/\/islanda.evolutiontravel.it\/it_IT\/908\/tab\/32692_meravigliose-aurore-boreali-in-4x4-viaggio-fly-drive-invernale.html\" target=\"_blank\" rel=\"noopener\"><button class=\"price\"> 1450<\/button><\/a>\n\t\t\t\t\t\t\t<\/div>\n\t\t\t\t\t\t\t\t\t\t\t<\/div>\n\t\t\t\t<\/div>\n\t\t\t<\/li>\n\t\t\t\t\t\t<li  style=\"padding: 23px 0 38px\" class=\"rss_item feedzy-rss-col-3\" >\n\t\t\t\t\t\t\t\t\t<div class=\"rss_image\" style=\"width:225px; height:225px;\">\n\t\t\t\t\t\t<a href=\"https:\/\/islanda.evolutiontravel.it\/it_IT\/908\/tab\/24926_viaggio-tour-di-gruppo-4x4-altopiani-meravigliosi-piccolo-gruppo.html\" target=\"_blank\" \n\t\t\t\t\t\t\trel=\"noopener \"\n\t\t\t\t\t\t\ttitle=\"Viaggio Tour di Gruppo 4x4: Altopiani meravigliosi - Piccolo Gruppo\"\n\t\t\t\t\t\t\tstyle=\"width:225px; height:225px;\">\n\t\t\t\t\t\t\t<span class=\"fetched\" style=\"background-image:  url('http:\/\/etcdn.net\/thumbnails\/24926\/it-reykjavik-altopiani-meravigliosi-5a6b1.jpg');\" title=\"Viaggio Tour di Gruppo 4x4: Altopiani meravigliosi - Piccolo Gruppo\"><\/span><amp-img width=\"225\" height=\"225\" src=\"http:\/\/etcdn.net\/thumbnails\/24926\/it-reykjavik-altopiani-meravigliosi-5a6b1.jpg\">\t\t\t\t\t\t<\/a>\n\t\t\t\t\t<\/div>\n\t\t\t\t\t\t\t\t<div class=\"rss_content_wrap\">\n\t\t\t\t\t<span class=\"title\">\n\t\t\t\t\t\t<a href=\"https:\/\/islanda.evolutiontravel.it\/it_IT\/908\/tab\/24926_viaggio-tour-di-gruppo-4x4-altopiani-meravigliosi-piccolo-gruppo.html\" target=\"_blank\"  rel=\"noopener \">\n\t\t\t\t\t\t\tViaggio Tour di Gruppo 4x4: Altopiani meravigliosi - Piccolo Gruppo\t\t\t\t\t\t<\/a>\n\t\t\t\t\t<\/span>\n\t\t\t\t\t<div class=\"rss_content\"\n\t\t\t\t\t\t\tstyle=\"\">\n\t\t\t\t\t\t\n\t\t\t\t\t\t\t\t\t\t\t\t<p class=\"description\">Il miglior modo per visitare l\u2019Islanda \u00e8 passeggiare senza fretta alla scoperta di una natura estrema e primordiale, magari [&hellip;]<\/p>\n\t\t\t\t\t\t\n\t\t\t\t\t\t\t\t\t\t\t\t\t\t\t\t\t\t\t<div class=\"price-wrap\">\n\t\t\t\t\t\t\t\t<a href=\"https:\/\/islanda.evolutiontravel.it\/it_IT\/908\/tab\/24926_viaggio-tour-di-gruppo-4x4-altopiani-meravigliosi-piccolo-gruppo.html\" target=\"_blank\" rel=\"noopener\"><button class=\"price\"> 4550<\/button><\/a>\n\t\t\t\t\t\t\t<\/div>\n\t\t\t\t\t\t\t\t\t\t\t<\/div>\n\t\t\t\t<\/div>\n\t\t\t<\/li>\n\t\t\t\t<\/ul>\n<\/div>\n<style type=\"text\/css\" media=\"all\">.feedzy-rss .rss_item .rss_image{float:left;position:relative;border:none;text-decoration:none;max-width:100%}.feedzy-rss .rss_item .rss_image span{display:inline-block;position:absolute;width:100%;height:100%;background-position:50%;background-size:cover}.feedzy-rss .rss_item .rss_image{margin:.3em 1em 0 0;content-visibility:auto}.feedzy-rss ul{list-style:none}.feedzy-rss ul li{display:inline-block}<\/style>\n","protected":false},"excerpt":{"rendered":"<p>A circa 200 km di distanza l\u2019una dall\u2019altra, l\u2019Islanda e la Groenlandia possono essere visitate in un unico tour. Il volo diretto dura circa 3 ore. Per organizzare un viaggio che preveda queste due destinazioni \u00e8 per\u00f2 consigliabile affidarsi a tour operator specializzati e puoi dare un&#8217;occhiata alle nostre offerte viaggi. Infatti viaggiare in Groenlandia <a class=\"moretag\" href=\"https:\/\/islanda.evolutiontravel.it\/infovacanze\/dove-andare\/islanda-groenlandia\/\">[&#8230;]<\/a><\/p>\n","protected":false},"author":6,"featured_media":0,"parent":108,"menu_order":0,"comment_status":"closed","ping_status":"open","template":"templates\/template-with-right-sidebar.php","meta":{"footnotes":""},"yoast_head":"<!-- This site is optimized with the Yoast SEO plugin v21.9.1 - https:\/\/yoast.com\/wordpress\/plugins\/seo\/ -->\n<title>Islanda e Groenlandia: viaggio unico verso le isole del ghiaccio<\/title>\n<meta name=\"description\" content=\"In un unico viaggio puoi visitare due paesi cos\u00ec diversi ma entrami meravigliosi: l&#039;Islanda e la Groenlandia, a soli 200 km l&#039;uno dall&#039;altro!\" \/>\n<meta name=\"robots\" content=\"index, follow, max-snippet:-1, max-image-preview:large, max-video-preview:-1\" \/>\n<link rel=\"canonical\" href=\"https:\/\/islanda.evolutiontravel.it\/infovacanze\/dove-andare\/islanda-groenlandia\/\" \/>\n<meta property=\"og:locale\" content=\"it_IT\" \/>\n<meta property=\"og:type\" content=\"article\" \/>\n<meta property=\"og:title\" content=\"Islanda e Groenlandia: viaggio unico verso le isole del ghiaccio\" \/>\n<meta property=\"og:description\" content=\"In un unico viaggio puoi visitare due paesi cos\u00ec diversi ma entrami meravigliosi: l&#039;Islanda e la Groenlandia, a soli 200 km l&#039;uno dall&#039;altro!\" \/>\n<meta property=\"og:url\" content=\"https:\/\/islanda.evolutiontravel.it\/infovacanze\/dove-andare\/islanda-groenlandia\/\" \/>\n<meta property=\"og:site_name\" content=\"Islanda\" \/>\n<meta property=\"article:modified_time\" content=\"2018-04-27T09:28:55+00:00\" \/>\n<meta property=\"og:image\" content=\"http:\/\/islanda.evolutiontravel.it\/infovacanze\/wp-content\/uploads\/sites\/21\/2014\/09\/Groenlandia-300x201.jpg\" \/>\n<meta name=\"twitter:label1\" content=\"Tempo di lettura stimato\" \/>\n\t<meta name=\"twitter:data1\" content=\"2 minuti\" \/>\n<script type=\"application\/ld+json\" class=\"yoast-schema-graph\">{\"@context\":\"https:\/\/schema.org\",\"@graph\":[{\"@type\":\"WebPage\",\"@id\":\"https:\/\/islanda.evolutiontravel.it\/infovacanze\/dove-andare\/islanda-groenlandia\/\",\"url\":\"https:\/\/islanda.evolutiontravel.it\/infovacanze\/dove-andare\/islanda-groenlandia\/\",\"name\":\"Islanda e Groenlandia: viaggio unico verso le isole del ghiaccio\",\"isPartOf\":{\"@id\":\"https:\/\/islanda.evolutiontravel.it\/infovacanze\/#website\"},\"datePublished\":\"2014-09-09T14:34:34+00:00\",\"dateModified\":\"2018-04-27T09:28:55+00:00\",\"description\":\"In un unico viaggio puoi visitare due paesi cos\u00ec diversi ma entrami meravigliosi: l'Islanda e la Groenlandia, a soli 200 km l'uno dall'altro!\",\"breadcrumb\":{\"@id\":\"https:\/\/islanda.evolutiontravel.it\/infovacanze\/dove-andare\/islanda-groenlandia\/#breadcrumb\"},\"inLanguage\":\"it-IT\",\"potentialAction\":[{\"@type\":\"ReadAction\",\"target\":[\"https:\/\/islanda.evolutiontravel.it\/infovacanze\/dove-andare\/islanda-groenlandia\/\"]}]},{\"@type\":\"BreadcrumbList\",\"@id\":\"https:\/\/islanda.evolutiontravel.it\/infovacanze\/dove-andare\/islanda-groenlandia\/#breadcrumb\",\"itemListElement\":[{\"@type\":\"ListItem\",\"position\":1,\"name\":\"Luoghi da vedere in Islanda\",\"item\":\"https:\/\/islanda.evolutiontravel.it\/infovacanze\/dove-andare\/\"},{\"@type\":\"ListItem\",\"position\":2,\"name\":\"Islanda e Groenlandia\"}]},{\"@type\":\"WebSite\",\"@id\":\"https:\/\/islanda.evolutiontravel.it\/infovacanze\/#website\",\"url\":\"https:\/\/islanda.evolutiontravel.it\/infovacanze\/\",\"name\":\"Islanda\",\"description\":\"\",\"potentialAction\":[{\"@type\":\"SearchAction\",\"target\":{\"@type\":\"EntryPoint\",\"urlTemplate\":\"https:\/\/islanda.evolutiontravel.it\/infovacanze\/?s={search_term_string}\"},\"query-input\":\"required name=search_term_string\"}],\"inLanguage\":\"it-IT\"}]}<\/script>\n<!-- \/ Yoast SEO plugin. -->","yoast_head_json":{"title":"Islanda e Groenlandia: viaggio unico verso le isole del ghiaccio","description":"In un unico viaggio puoi visitare due paesi cos\u00ec diversi ma entrami meravigliosi: l'Islanda e la Groenlandia, a soli 200 km l'uno dall'altro!","robots":{"index":"index","follow":"follow","max-snippet":"max-snippet:-1","max-image-preview":"max-image-preview:large","max-video-preview":"max-video-preview:-1"},"canonical":"https:\/\/islanda.evolutiontravel.it\/infovacanze\/dove-andare\/islanda-groenlandia\/","og_locale":"it_IT","og_type":"article","og_title":"Islanda e Groenlandia: viaggio unico verso le isole del ghiaccio","og_description":"In un unico viaggio puoi visitare due paesi cos\u00ec diversi ma entrami meravigliosi: l'Islanda e la Groenlandia, a soli 200 km l'uno dall'altro!","og_url":"https:\/\/islanda.evolutiontravel.it\/infovacanze\/dove-andare\/islanda-groenlandia\/","og_site_name":"Islanda","article_modified_time":"2018-04-27T09:28:55+00:00","og_image":[{"url":"http:\/\/islanda.evolutiontravel.it\/infovacanze\/wp-content\/uploads\/sites\/21\/2014\/09\/Groenlandia-300x201.jpg"}],"twitter_misc":{"Tempo di lettura stimato":"2 minuti"},"schema":{"@context":"https:\/\/schema.org","@graph":[{"@type":"WebPage","@id":"https:\/\/islanda.evolutiontravel.it\/infovacanze\/dove-andare\/islanda-groenlandia\/","url":"https:\/\/islanda.evolutiontravel.it\/infovacanze\/dove-andare\/islanda-groenlandia\/","name":"Islanda e Groenlandia: viaggio unico verso le isole del ghiaccio","isPartOf":{"@id":"https:\/\/islanda.evolutiontravel.it\/infovacanze\/#website"},"datePublished":"2014-09-09T14:34:34+00:00","dateModified":"2018-04-27T09:28:55+00:00","description":"In un unico viaggio puoi visitare due paesi cos\u00ec diversi ma entrami meravigliosi: l'Islanda e la Groenlandia, a soli 200 km l'uno dall'altro!","breadcrumb":{"@id":"https:\/\/islanda.evolutiontravel.it\/infovacanze\/dove-andare\/islanda-groenlandia\/#breadcrumb"},"inLanguage":"it-IT","potentialAction":[{"@type":"ReadAction","target":["https:\/\/islanda.evolutiontravel.it\/infovacanze\/dove-andare\/islanda-groenlandia\/"]}]},{"@type":"BreadcrumbList","@id":"https:\/\/islanda.evolutiontravel.it\/infovacanze\/dove-andare\/islanda-groenlandia\/#breadcrumb","itemListElement":[{"@type":"ListItem","position":1,"name":"Luoghi da vedere in Islanda","item":"https:\/\/islanda.evolutiontravel.it\/infovacanze\/dove-andare\/"},{"@type":"ListItem","position":2,"name":"Islanda e Groenlandia"}]},{"@type":"WebSite","@id":"https:\/\/islanda.evolutiontravel.it\/infovacanze\/#website","url":"https:\/\/islanda.evolutiontravel.it\/infovacanze\/","name":"Islanda","description":"","potentialAction":[{"@type":"SearchAction","target":{"@type":"EntryPoint","urlTemplate":"https:\/\/islanda.evolutiontravel.it\/infovacanze\/?s={search_term_string}"},"query-input":"required name=search_term_string"}],"inLanguage":"it-IT"}]}},"_links":{"self":[{"href":"https:\/\/islanda.evolutiontravel.it\/infovacanze\/wp-json\/wp\/v2\/pages\/179"}],"collection":[{"href":"https:\/\/islanda.evolutiontravel.it\/infovacanze\/wp-json\/wp\/v2\/pages"}],"about":[{"href":"https:\/\/islanda.evolutiontravel.it\/infovacanze\/wp-json\/wp\/v2\/types\/page"}],"author":[{"embeddable":true,"href":"https:\/\/islanda.evolutiontravel.it\/infovacanze\/wp-json\/wp\/v2\/users\/6"}],"replies":[{"embeddable":true,"href":"https:\/\/islanda.evolutiontravel.it\/infovacanze\/wp-json\/wp\/v2\/comments?post=179"}],"version-history":[{"count":10,"href":"https:\/\/islanda.evolutiontravel.it\/infovacanze\/wp-json\/wp\/v2\/pages\/179\/revisions"}],"predecessor-version":[{"id":542,"href":"https:\/\/islanda.evolutiontravel.it\/infovacanze\/wp-json\/wp\/v2\/pages\/179\/revisions\/542"}],"up":[{"embeddable":true,"href":"https:\/\/islanda.evolutiontravel.it\/infovacanze\/wp-json\/wp\/v2\/pages\/108"}],"wp:attachment":[{"href":"https:\/\/islanda.evolutiontravel.it\/infovacanze\/wp-json\/wp\/v2\/media?parent=179"}],"curies":[{"name":"wp","href":"https:\/\/api.w.org\/{rel}","templated":true}]}}