{"id":161,"date":"2014-09-09T16:18:32","date_gmt":"2014-09-09T14:18:32","guid":{"rendered":"http:\/\/islanda.evolutiontravel.it\/infovacanze\/?page_id=161"},"modified":"2018-05-04T17:00:08","modified_gmt":"2018-05-04T15:00:08","slug":"voli","status":"publish","type":"page","link":"https:\/\/islanda.evolutiontravel.it\/infovacanze\/voli\/","title":{"rendered":"Voli per l&#8217;Islanda"},"content":{"rendered":"<p>Rispetto al passato, oggi i <strong>voli per l&#8217;Islanda<\/strong> sono diventati <strong>pi\u00f9 economici<\/strong> e con una <strong>maggiore offerta<\/strong>, per altro questa destinazione \u00e8 sempre pi\u00f9 scelta da varie <strong>compagnie low cost<\/strong>.<\/p>\n<p>La principale compagnia che serve le rotte che collegano l&#8217;Italia a questa isola \u00e8 la <a href=\"https:\/\/www.icelandair.com\/it-it\/\" target=\"_blank\" rel=\"noopener\"><strong>Icelandair<\/strong><\/a>, attiva da molti anni con voli diretti in partenza da Milano.<\/p>\n<p>Le novit\u00e0, di stagione in stagione, si sono per\u00f2 susseguite, vedendo scendere in campo anche altri vettori low cost, come ad <a href=\"http:\/\/www.easyjet.com\/it\/voli-low-cost\/islanda\" target=\"_blank\" rel=\"noopener\"><strong>EasyJet<\/strong><\/a> e <a href=\"https:\/\/www.vueling.com\/it\/paese\/voli-economici-a-islanda\" target=\"_blank\" rel=\"noopener\"><strong>Vueling<\/strong><\/a>. Infine, non da ultima, anche la compagnia <a href=\"https:\/\/wowair.it\/prenota\/voli-islanda\/\" target=\"_blank\" rel=\"noopener\"><strong>WOW air<\/strong><\/a> ha attivato rotte frequenti per l&#8217;isola dei ghiacci.<\/p>\n<p><strong>La prima cosa da fare<\/strong>, per risparmiare, \u00e8<strong> prenotare i voli con largo anticipo<\/strong>, infatti i prezzi per questa destinazione sono particolarmente soggetti a stagionalit\u00e0 e ad altri fattori che fanno fluttuare &#8211; anche di molto &#8211; le tariffe aeree.<\/p>\n<p>Prenotando con <strong>circa 6\/8 mesi di anticipo<\/strong>, si riuscir\u00e0 a ottenere un prezzo sicuramente interessante per raggiungere la destinazione dei propri sogni. Ovviamente bisogner\u00e0 considerare che, in linea di massima, i voli diretti costeranno di pi\u00f9 di quelli con scalo.<\/p>\n<p><strong>La durata media di un volo<\/strong> diretto <strong>da Milano a Reykjavik<\/strong> \u00e8 di <strong>4 ore e 30 minuti<\/strong>; mentre le ore di volo aumentano decollando da <strong>Roma<\/strong>: in questo caso si dovranno considerare poco <strong>pi\u00f9 di 5 ore<\/strong>.<\/p>\n<p style=\"text-align: center\"><span style=\"color: #008000\"><strong>METTICI ALLA PROVA: ORGANIZZIAMO TUTTO NOI!<\/strong><\/span><\/p>\n<p style=\"text-align: center\"><strong>Non devi pensare n\u00e8 ai voli n\u00e8 agli hotel, Evolution Travel ti offre un <span style=\"color: #008000\">viaggio in Islanda CHIAVI IN MANO!<\/span><\/strong><\/p>\n<p style=\"text-align: center\"><strong><span style=\"color: #008000\">CLICCA E SCOPRI<\/span><\/strong>: <strong>programma<\/strong>, <strong>foto<\/strong>, <strong>recensioni<\/strong>,<strong> servizi inlcusi<\/strong>.<\/p>\n<p style=\"text-align: left\"><div class=\"feedzy-e455b6760610a81aa4c7c0e73ab1fe6c feedzy-rss\">\n\t\t<ul class=\"feedzy-style2\">\n\t\t\t\t\t<li  style=\"padding: 23px 0 38px\" class=\"rss_item feedzy-rss-col-3\" >\n\t\t\t\t\t\t\t\t\t<div class=\"rss_image\" style=\"width:225px; height:225px;\">\n\t\t\t\t\t\t<a href=\"https:\/\/islanda.evolutiontravel.it\/it_IT\/908\/tab\/39162_tour-di-gruppo-classico-in-italiano.html\" target=\"_blank\" \n\t\t\t\t\t\t\trel=\"noopener \"\n\t\t\t\t\t\t\ttitle=\"Tour di Gruppo Classico in italiano\"\n\t\t\t\t\t\t\tstyle=\"width:225px; height:225px;\">\n\t\t\t\t\t\t\t<span class=\"fetched\" style=\"background-image:  url('http:\/\/etcdn.net\/thumbnails\/39162\/it-reykjavik-tour-di-gruppo-classico-in-italiano-7998b.jpg');\" title=\"Tour di Gruppo Classico in italiano\"><\/span><amp-img width=\"225\" height=\"225\" src=\"http:\/\/etcdn.net\/thumbnails\/39162\/it-reykjavik-tour-di-gruppo-classico-in-italiano-7998b.jpg\">\t\t\t\t\t\t<\/a>\n\t\t\t\t\t<\/div>\n\t\t\t\t\t\t\t\t<div class=\"rss_content_wrap\">\n\t\t\t\t\t<span class=\"title\">\n\t\t\t\t\t\t<a href=\"https:\/\/islanda.evolutiontravel.it\/it_IT\/908\/tab\/39162_tour-di-gruppo-classico-in-italiano.html\" target=\"_blank\"  rel=\"noopener \">\n\t\t\t\t\t\t\tTour di Gruppo Classico in italiano\t\t\t\t\t\t<\/a>\n\t\t\t\t\t<\/span>\n\t\t\t\t\t<div class=\"rss_content\"\n\t\t\t\t\t\t\tstyle=\"\">\n\t\t\t\t\t\t\n\t\t\t\t\t\t\t\t\t\t\t\t<p class=\"description\">Il classico dei classici: un tour di gruppo con guida in italiano, che si sviluppa lungo la mitica Ring Road n. 1 per portarvi a [&hellip;]<\/p>\n\t\t\t\t\t\t\n\t\t\t\t\t\t\t\t\t\t\t\t\t\t\t\t\t\t\t<div class=\"price-wrap\">\n\t\t\t\t\t\t\t\t<a href=\"https:\/\/islanda.evolutiontravel.it\/it_IT\/908\/tab\/39162_tour-di-gruppo-classico-in-italiano.html\" target=\"_blank\" rel=\"noopener\"><button class=\"price\"> 3100<\/button><\/a>\n\t\t\t\t\t\t\t<\/div>\n\t\t\t\t\t\t\t\t\t\t\t<\/div>\n\t\t\t\t<\/div>\n\t\t\t<\/li>\n\t\t\t\t\t\t<li  style=\"padding: 23px 0 38px\" class=\"rss_item feedzy-rss-col-3\" >\n\t\t\t\t\t\t\t\t\t<div class=\"rss_image\" style=\"width:225px; height:225px;\">\n\t\t\t\t\t\t<a href=\"https:\/\/islanda.evolutiontravel.it\/it_IT\/908\/tab\/34764_avventura-fuoristrada-in-auto-4x4-nel-cuore-islandese-lungo-la-pista-del-kjolur.html\" target=\"_blank\" \n\t\t\t\t\t\t\trel=\"noopener \"\n\t\t\t\t\t\t\ttitle=\"Avventura Fuoristrada: in auto 4x4 nel cuore islandese, lungo la pista del Kjolur\"\n\t\t\t\t\t\t\tstyle=\"width:225px; height:225px;\">\n\t\t\t\t\t\t\t<span class=\"fetched\" style=\"background-image:  url('http:\/\/etcdn.net\/thumbnails\/34764\/it-reykjavik-avventura-fuoristrada-7-notti-e-noleggio-4x4-5a323.jpg');\" title=\"Avventura Fuoristrada: in auto 4x4 nel cuore islandese, lungo la pista del Kjolur\"><\/span><amp-img width=\"225\" height=\"225\" src=\"http:\/\/etcdn.net\/thumbnails\/34764\/it-reykjavik-avventura-fuoristrada-7-notti-e-noleggio-4x4-5a323.jpg\">\t\t\t\t\t\t<\/a>\n\t\t\t\t\t<\/div>\n\t\t\t\t\t\t\t\t<div class=\"rss_content_wrap\">\n\t\t\t\t\t<span class=\"title\">\n\t\t\t\t\t\t<a href=\"https:\/\/islanda.evolutiontravel.it\/it_IT\/908\/tab\/34764_avventura-fuoristrada-in-auto-4x4-nel-cuore-islandese-lungo-la-pista-del-kjolur.html\" target=\"_blank\"  rel=\"noopener \">\n\t\t\t\t\t\t\tAvventura Fuoristrada: in auto 4x4 nel cuore islandese, lungo la pista del Kjolur\t\t\t\t\t\t<\/a>\n\t\t\t\t\t<\/span>\n\t\t\t\t\t<div class=\"rss_content\"\n\t\t\t\t\t\t\tstyle=\"\">\n\t\t\t\t\t\t\n\t\t\t\t\t\t\t\t\t\t\t\t<p class=\"description\">L'itinerario\u00a0pi\u00f9 classico\u00a0per un viaggio in Islanda pu\u00f2 diventare un fly &amp; drive in Islanda all'insegna dell'avventura [&hellip;]<\/p>\n\t\t\t\t\t\t\n\t\t\t\t\t\t\t\t\t\t\t\t\t\t\t\t\t\t\t<div class=\"price-wrap\">\n\t\t\t\t\t\t\t\t<a href=\"https:\/\/islanda.evolutiontravel.it\/it_IT\/908\/tab\/34764_avventura-fuoristrada-in-auto-4x4-nel-cuore-islandese-lungo-la-pista-del-kjolur.html\" target=\"_blank\" rel=\"noopener\"><button class=\"price\"> 2190<\/button><\/a>\n\t\t\t\t\t\t\t<\/div>\n\t\t\t\t\t\t\t\t\t\t\t<\/div>\n\t\t\t\t<\/div>\n\t\t\t<\/li>\n\t\t\t\t\t\t<li  style=\"padding: 23px 0 38px\" class=\"rss_item feedzy-rss-col-3\" >\n\t\t\t\t\t\t\t\t\t<div class=\"rss_image\" style=\"width:225px; height:225px;\">\n\t\t\t\t\t\t<a href=\"https:\/\/islanda.evolutiontravel.it\/it_IT\/908\/tab\/30796_viaggio-fly-drive-delle-balene-noleggio-auto-e-9-notti.html\" target=\"_blank\" \n\t\t\t\t\t\t\trel=\"noopener \"\n\t\t\t\t\t\t\ttitle=\"Viaggio Fly &amp; Drive delle Balene: Noleggio auto e 9 notti\"\n\t\t\t\t\t\t\tstyle=\"width:225px; height:225px;\">\n\t\t\t\t\t\t\t<span class=\"fetched\" style=\"background-image:  url('http:\/\/etcdn.net\/thumbnails\/30796\/it-reykjavik-viaggio-fly-drive-delle-balene-2016-noleggio-auto-e-9-notti-5a321.jpg');\" title=\"Viaggio Fly &amp; Drive delle Balene: Noleggio auto e 9 notti\"><\/span><amp-img width=\"225\" height=\"225\" src=\"http:\/\/etcdn.net\/thumbnails\/30796\/it-reykjavik-viaggio-fly-drive-delle-balene-2016-noleggio-auto-e-9-notti-5a321.jpg\">\t\t\t\t\t\t<\/a>\n\t\t\t\t\t<\/div>\n\t\t\t\t\t\t\t\t<div class=\"rss_content_wrap\">\n\t\t\t\t\t<span class=\"title\">\n\t\t\t\t\t\t<a href=\"https:\/\/islanda.evolutiontravel.it\/it_IT\/908\/tab\/30796_viaggio-fly-drive-delle-balene-noleggio-auto-e-9-notti.html\" target=\"_blank\"  rel=\"noopener \">\n\t\t\t\t\t\t\tViaggio Fly &amp; Drive delle Balene: Noleggio auto e 9 notti\t\t\t\t\t\t<\/a>\n\t\t\t\t\t<\/span>\n\t\t\t\t\t<div class=\"rss_content\"\n\t\t\t\t\t\t\tstyle=\"\">\n\t\t\t\t\t\t\n\t\t\t\t\t\t\t\t\t\t\t\t<p class=\"description\">In\u00a010 giorni e 9 notti\u00a0esplorerete le meraviglie naturali dell'Islanda, un viaggio fly and drive all'insegna della libert\u00e0 e [&hellip;]<\/p>\n\t\t\t\t\t\t\n\t\t\t\t\t\t\t\t\t\t\t\t\t\t\t\t\t\t\t<div class=\"price-wrap\">\n\t\t\t\t\t\t\t\t<a href=\"https:\/\/islanda.evolutiontravel.it\/it_IT\/908\/tab\/30796_viaggio-fly-drive-delle-balene-noleggio-auto-e-9-notti.html\" target=\"_blank\" rel=\"noopener\"><button class=\"price\"> 2200<\/button><\/a>\n\t\t\t\t\t\t\t<\/div>\n\t\t\t\t\t\t\t\t\t\t\t<\/div>\n\t\t\t\t<\/div>\n\t\t\t<\/li>\n\t\t\t\t\t\t<li  style=\"padding: 23px 0 38px\" class=\"rss_item feedzy-rss-col-3\" >\n\t\t\t\t\t\t\t\t\t<div class=\"rss_image\" style=\"width:225px; height:225px;\">\n\t\t\t\t\t\t<a href=\"https:\/\/islanda.evolutiontravel.it\/it_IT\/908\/tab\/35174_luci-del-nord-tour-guidato-in-italiano.html\" target=\"_blank\" \n\t\t\t\t\t\t\trel=\"noopener \"\n\t\t\t\t\t\t\ttitle=\"Luci del Nord - Tour Guidato in italiano\"\n\t\t\t\t\t\t\tstyle=\"width:225px; height:225px;\">\n\t\t\t\t\t\t\t<span class=\"fetched\" style=\"background-image:  url('http:\/\/etcdn.net\/thumbnails\/35174\/it-reykjavik-luci-del-nord-tour-esclusivo-in-italiano-4d086.jpg');\" title=\"Luci del Nord - Tour Guidato in italiano\"><\/span><amp-img width=\"225\" height=\"225\" src=\"http:\/\/etcdn.net\/thumbnails\/35174\/it-reykjavik-luci-del-nord-tour-esclusivo-in-italiano-4d086.jpg\">\t\t\t\t\t\t<\/a>\n\t\t\t\t\t<\/div>\n\t\t\t\t\t\t\t\t<div class=\"rss_content_wrap\">\n\t\t\t\t\t<span class=\"title\">\n\t\t\t\t\t\t<a href=\"https:\/\/islanda.evolutiontravel.it\/it_IT\/908\/tab\/35174_luci-del-nord-tour-guidato-in-italiano.html\" target=\"_blank\"  rel=\"noopener \">\n\t\t\t\t\t\t\tLuci del Nord - Tour Guidato in italiano\t\t\t\t\t\t<\/a>\n\t\t\t\t\t<\/span>\n\t\t\t\t\t<div class=\"rss_content\"\n\t\t\t\t\t\t\tstyle=\"\">\n\t\t\t\t\t\t\n\t\t\t\t\t\t\t\t\t\t\t\t<p class=\"description\">Questo programma di viaggio \u00e8 specificamente realizzato per farvi godere al meglio le Luci del Nord o Aurore Boreali\u00a0che [&hellip;]<\/p>\n\t\t\t\t\t\t\n\t\t\t\t\t\t\t\t\t\t\t\t\t\t\t\t\t\t\t<div class=\"price-wrap\">\n\t\t\t\t\t\t\t\t<a href=\"https:\/\/islanda.evolutiontravel.it\/it_IT\/908\/tab\/35174_luci-del-nord-tour-guidato-in-italiano.html\" target=\"_blank\" rel=\"noopener\"><button class=\"price\"> 1810<\/button><\/a>\n\t\t\t\t\t\t\t<\/div>\n\t\t\t\t\t\t\t\t\t\t\t<\/div>\n\t\t\t\t<\/div>\n\t\t\t<\/li>\n\t\t\t\t\t\t<li  style=\"padding: 23px 0 38px\" class=\"rss_item feedzy-rss-col-3\" >\n\t\t\t\t\t\t\t\t\t<div class=\"rss_image\" style=\"width:225px; height:225px;\">\n\t\t\t\t\t\t<a href=\"https:\/\/islanda.evolutiontravel.it\/it_IT\/908\/tab\/32692_meravigliose-aurore-boreali-in-4x4-viaggio-fly-drive-invernale.html\" target=\"_blank\" \n\t\t\t\t\t\t\trel=\"noopener \"\n\t\t\t\t\t\t\ttitle=\"Meravigliose Aurore Boreali in 4x4 - Viaggio Fly &amp; Drive Invernale\"\n\t\t\t\t\t\t\tstyle=\"width:225px; height:225px;\">\n\t\t\t\t\t\t\t<span class=\"fetched\" style=\"background-image:  url('http:\/\/etcdn.net\/thumbnails\/32692\/it-reykjavik-meravigliose-aurore-boreali-in-4x4-viaggio-fly-drive-invernale-4d085.jpg');\" title=\"Meravigliose Aurore Boreali in 4x4 - Viaggio Fly &amp; Drive Invernale\"><\/span><amp-img width=\"225\" height=\"225\" src=\"http:\/\/etcdn.net\/thumbnails\/32692\/it-reykjavik-meravigliose-aurore-boreali-in-4x4-viaggio-fly-drive-invernale-4d085.jpg\">\t\t\t\t\t\t<\/a>\n\t\t\t\t\t<\/div>\n\t\t\t\t\t\t\t\t<div class=\"rss_content_wrap\">\n\t\t\t\t\t<span class=\"title\">\n\t\t\t\t\t\t<a href=\"https:\/\/islanda.evolutiontravel.it\/it_IT\/908\/tab\/32692_meravigliose-aurore-boreali-in-4x4-viaggio-fly-drive-invernale.html\" target=\"_blank\"  rel=\"noopener \">\n\t\t\t\t\t\t\tMeravigliose Aurore Boreali in 4x4 - Viaggio Fly &amp; Drive Invernale\t\t\t\t\t\t<\/a>\n\t\t\t\t\t<\/span>\n\t\t\t\t\t<div class=\"rss_content\"\n\t\t\t\t\t\t\tstyle=\"\">\n\t\t\t\t\t\t\n\t\t\t\t\t\t\t\t\t\t\t\t<p class=\"description\">L'Ovest e il Sud dell'Islanda mostrano un'incredibile variet\u00e0 di paesaggi contrastanti facilmente esplorabili in un'avventura di [&hellip;]<\/p>\n\t\t\t\t\t\t\n\t\t\t\t\t\t\t\t\t\t\t\t\t\t\t\t\t\t\t<div class=\"price-wrap\">\n\t\t\t\t\t\t\t\t<a href=\"https:\/\/islanda.evolutiontravel.it\/it_IT\/908\/tab\/32692_meravigliose-aurore-boreali-in-4x4-viaggio-fly-drive-invernale.html\" target=\"_blank\" rel=\"noopener\"><button class=\"price\"> 1450<\/button><\/a>\n\t\t\t\t\t\t\t<\/div>\n\t\t\t\t\t\t\t\t\t\t\t<\/div>\n\t\t\t\t<\/div>\n\t\t\t<\/li>\n\t\t\t\t\t\t<li  style=\"padding: 23px 0 38px\" class=\"rss_item feedzy-rss-col-3\" >\n\t\t\t\t\t\t\t\t\t<div class=\"rss_image\" style=\"width:225px; height:225px;\">\n\t\t\t\t\t\t<a href=\"https:\/\/islanda.evolutiontravel.it\/it_IT\/908\/tab\/24926_viaggio-tour-di-gruppo-4x4-altopiani-meravigliosi-piccolo-gruppo.html\" target=\"_blank\" \n\t\t\t\t\t\t\trel=\"noopener \"\n\t\t\t\t\t\t\ttitle=\"Viaggio Tour di Gruppo 4x4: Altopiani meravigliosi - Piccolo Gruppo\"\n\t\t\t\t\t\t\tstyle=\"width:225px; height:225px;\">\n\t\t\t\t\t\t\t<span class=\"fetched\" style=\"background-image:  url('http:\/\/etcdn.net\/thumbnails\/24926\/it-reykjavik-altopiani-meravigliosi-5a6b1.jpg');\" title=\"Viaggio Tour di Gruppo 4x4: Altopiani meravigliosi - Piccolo Gruppo\"><\/span><amp-img width=\"225\" height=\"225\" src=\"http:\/\/etcdn.net\/thumbnails\/24926\/it-reykjavik-altopiani-meravigliosi-5a6b1.jpg\">\t\t\t\t\t\t<\/a>\n\t\t\t\t\t<\/div>\n\t\t\t\t\t\t\t\t<div class=\"rss_content_wrap\">\n\t\t\t\t\t<span class=\"title\">\n\t\t\t\t\t\t<a href=\"https:\/\/islanda.evolutiontravel.it\/it_IT\/908\/tab\/24926_viaggio-tour-di-gruppo-4x4-altopiani-meravigliosi-piccolo-gruppo.html\" target=\"_blank\"  rel=\"noopener \">\n\t\t\t\t\t\t\tViaggio Tour di Gruppo 4x4: Altopiani meravigliosi - Piccolo Gruppo\t\t\t\t\t\t<\/a>\n\t\t\t\t\t<\/span>\n\t\t\t\t\t<div class=\"rss_content\"\n\t\t\t\t\t\t\tstyle=\"\">\n\t\t\t\t\t\t\n\t\t\t\t\t\t\t\t\t\t\t\t<p class=\"description\">Il miglior modo per visitare l\u2019Islanda \u00e8 passeggiare senza fretta alla scoperta di una natura estrema e primordiale, magari [&hellip;]<\/p>\n\t\t\t\t\t\t\n\t\t\t\t\t\t\t\t\t\t\t\t\t\t\t\t\t\t\t<div class=\"price-wrap\">\n\t\t\t\t\t\t\t\t<a href=\"https:\/\/islanda.evolutiontravel.it\/it_IT\/908\/tab\/24926_viaggio-tour-di-gruppo-4x4-altopiani-meravigliosi-piccolo-gruppo.html\" target=\"_blank\" rel=\"noopener\"><button class=\"price\"> 4550<\/button><\/a>\n\t\t\t\t\t\t\t<\/div>\n\t\t\t\t\t\t\t\t\t\t\t<\/div>\n\t\t\t\t<\/div>\n\t\t\t<\/li>\n\t\t\t\t<\/ul>\n<\/div>\n<style type=\"text\/css\" media=\"all\">.feedzy-rss .rss_item .rss_image{float:left;position:relative;border:none;text-decoration:none;max-width:100%}.feedzy-rss .rss_item .rss_image span{display:inline-block;position:absolute;width:100%;height:100%;background-position:50%;background-size:cover}.feedzy-rss .rss_item .rss_image{margin:.3em 1em 0 0;content-visibility:auto}.feedzy-rss ul{list-style:none}.feedzy-rss ul li{display:inline-block}<\/style><\/p>\n","protected":false},"excerpt":{"rendered":"<p>Rispetto al passato, oggi i voli per l&#8217;Islanda sono diventati pi\u00f9 economici e con una maggiore offerta, per altro questa destinazione \u00e8 sempre pi\u00f9 scelta da varie compagnie low cost. La principale compagnia che serve le rotte che collegano l&#8217;Italia a questa isola \u00e8 la Icelandair, attiva da molti anni con voli diretti in partenza <a class=\"moretag\" href=\"https:\/\/islanda.evolutiontravel.it\/infovacanze\/voli\/\">[&#8230;]<\/a><\/p>\n","protected":false},"author":6,"featured_media":0,"parent":0,"menu_order":0,"comment_status":"closed","ping_status":"open","template":"templates\/template-with-right-sidebar.php","meta":{"footnotes":""},"yoast_head":"<!-- This site is optimized with the Yoast SEO plugin v21.9.1 - https:\/\/yoast.com\/wordpress\/plugins\/seo\/ -->\n<title>Voli Islanda: durata volo e consigli utili per il viaggio<\/title>\n<meta name=\"description\" content=\"Leggi il nostro articolo dedicato ai voli per l&#039;Islanda: trovi consigli utili che possono aiutarti nella programmazione del tuo viaggio e parti con le nostre offerte per questa destinazione da sogno!\" \/>\n<meta name=\"robots\" content=\"index, follow, max-snippet:-1, max-image-preview:large, max-video-preview:-1\" \/>\n<link rel=\"canonical\" href=\"https:\/\/islanda.evolutiontravel.it\/infovacanze\/voli\/\" \/>\n<meta property=\"og:locale\" content=\"it_IT\" \/>\n<meta property=\"og:type\" content=\"article\" \/>\n<meta property=\"og:title\" content=\"Voli Islanda: durata volo e consigli utili per il viaggio\" \/>\n<meta property=\"og:description\" content=\"Leggi il nostro articolo dedicato ai voli per l&#039;Islanda: trovi consigli utili che possono aiutarti nella programmazione del tuo viaggio e parti con le nostre offerte per questa destinazione da sogno!\" \/>\n<meta property=\"og:url\" content=\"https:\/\/islanda.evolutiontravel.it\/infovacanze\/voli\/\" \/>\n<meta property=\"og:site_name\" content=\"Islanda\" \/>\n<meta property=\"article:modified_time\" content=\"2018-05-04T15:00:08+00:00\" \/>\n<meta name=\"twitter:label1\" content=\"Tempo di lettura stimato\" \/>\n\t<meta name=\"twitter:data1\" content=\"1 minuto\" \/>\n<script type=\"application\/ld+json\" class=\"yoast-schema-graph\">{\"@context\":\"https:\/\/schema.org\",\"@graph\":[{\"@type\":\"WebPage\",\"@id\":\"https:\/\/islanda.evolutiontravel.it\/infovacanze\/voli\/\",\"url\":\"https:\/\/islanda.evolutiontravel.it\/infovacanze\/voli\/\",\"name\":\"Voli Islanda: durata volo e consigli utili per il viaggio\",\"isPartOf\":{\"@id\":\"https:\/\/islanda.evolutiontravel.it\/infovacanze\/#website\"},\"datePublished\":\"2014-09-09T14:18:32+00:00\",\"dateModified\":\"2018-05-04T15:00:08+00:00\",\"description\":\"Leggi il nostro articolo dedicato ai voli per l'Islanda: trovi consigli utili che possono aiutarti nella programmazione del tuo viaggio e parti con le nostre offerte per questa destinazione da sogno!\",\"inLanguage\":\"it-IT\",\"potentialAction\":[{\"@type\":\"ReadAction\",\"target\":[\"https:\/\/islanda.evolutiontravel.it\/infovacanze\/voli\/\"]}]},{\"@type\":\"WebSite\",\"@id\":\"https:\/\/islanda.evolutiontravel.it\/infovacanze\/#website\",\"url\":\"https:\/\/islanda.evolutiontravel.it\/infovacanze\/\",\"name\":\"Islanda\",\"description\":\"\",\"potentialAction\":[{\"@type\":\"SearchAction\",\"target\":{\"@type\":\"EntryPoint\",\"urlTemplate\":\"https:\/\/islanda.evolutiontravel.it\/infovacanze\/?s={search_term_string}\"},\"query-input\":\"required name=search_term_string\"}],\"inLanguage\":\"it-IT\"}]}<\/script>\n<!-- \/ Yoast SEO plugin. -->","yoast_head_json":{"title":"Voli Islanda: durata volo e consigli utili per il viaggio","description":"Leggi il nostro articolo dedicato ai voli per l'Islanda: trovi consigli utili che possono aiutarti nella programmazione del tuo viaggio e parti con le nostre offerte per questa destinazione da sogno!","robots":{"index":"index","follow":"follow","max-snippet":"max-snippet:-1","max-image-preview":"max-image-preview:large","max-video-preview":"max-video-preview:-1"},"canonical":"https:\/\/islanda.evolutiontravel.it\/infovacanze\/voli\/","og_locale":"it_IT","og_type":"article","og_title":"Voli Islanda: durata volo e consigli utili per il viaggio","og_description":"Leggi il nostro articolo dedicato ai voli per l'Islanda: trovi consigli utili che possono aiutarti nella programmazione del tuo viaggio e parti con le nostre offerte per questa destinazione da sogno!","og_url":"https:\/\/islanda.evolutiontravel.it\/infovacanze\/voli\/","og_site_name":"Islanda","article_modified_time":"2018-05-04T15:00:08+00:00","twitter_misc":{"Tempo di lettura stimato":"1 minuto"},"schema":{"@context":"https:\/\/schema.org","@graph":[{"@type":"WebPage","@id":"https:\/\/islanda.evolutiontravel.it\/infovacanze\/voli\/","url":"https:\/\/islanda.evolutiontravel.it\/infovacanze\/voli\/","name":"Voli Islanda: durata volo e consigli utili per il viaggio","isPartOf":{"@id":"https:\/\/islanda.evolutiontravel.it\/infovacanze\/#website"},"datePublished":"2014-09-09T14:18:32+00:00","dateModified":"2018-05-04T15:00:08+00:00","description":"Leggi il nostro articolo dedicato ai voli per l'Islanda: trovi consigli utili che possono aiutarti nella programmazione del tuo viaggio e parti con le nostre offerte per questa destinazione da sogno!","inLanguage":"it-IT","potentialAction":[{"@type":"ReadAction","target":["https:\/\/islanda.evolutiontravel.it\/infovacanze\/voli\/"]}]},{"@type":"WebSite","@id":"https:\/\/islanda.evolutiontravel.it\/infovacanze\/#website","url":"https:\/\/islanda.evolutiontravel.it\/infovacanze\/","name":"Islanda","description":"","potentialAction":[{"@type":"SearchAction","target":{"@type":"EntryPoint","urlTemplate":"https:\/\/islanda.evolutiontravel.it\/infovacanze\/?s={search_term_string}"},"query-input":"required name=search_term_string"}],"inLanguage":"it-IT"}]}},"_links":{"self":[{"href":"https:\/\/islanda.evolutiontravel.it\/infovacanze\/wp-json\/wp\/v2\/pages\/161"}],"collection":[{"href":"https:\/\/islanda.evolutiontravel.it\/infovacanze\/wp-json\/wp\/v2\/pages"}],"about":[{"href":"https:\/\/islanda.evolutiontravel.it\/infovacanze\/wp-json\/wp\/v2\/types\/page"}],"author":[{"embeddable":true,"href":"https:\/\/islanda.evolutiontravel.it\/infovacanze\/wp-json\/wp\/v2\/users\/6"}],"replies":[{"embeddable":true,"href":"https:\/\/islanda.evolutiontravel.it\/infovacanze\/wp-json\/wp\/v2\/comments?post=161"}],"version-history":[{"count":7,"href":"https:\/\/islanda.evolutiontravel.it\/infovacanze\/wp-json\/wp\/v2\/pages\/161\/revisions"}],"predecessor-version":[{"id":578,"href":"https:\/\/islanda.evolutiontravel.it\/infovacanze\/wp-json\/wp\/v2\/pages\/161\/revisions\/578"}],"wp:attachment":[{"href":"https:\/\/islanda.evolutiontravel.it\/infovacanze\/wp-json\/wp\/v2\/media?parent=161"}],"curies":[{"name":"wp","href":"https:\/\/api.w.org\/{rel}","templated":true}]}}