{"id":137,"date":"2014-06-13T16:11:37","date_gmt":"2014-06-13T14:11:37","guid":{"rendered":"http:\/\/islanda.evolutiontravel.it\/infovacanze\/?page_id=137"},"modified":"2018-05-02T10:46:41","modified_gmt":"2018-05-02T08:46:41","slug":"stykkisholmur","status":"publish","type":"page","link":"https:\/\/islanda.evolutiontravel.it\/infovacanze\/dove-andare\/stykkisholmur\/","title":{"rendered":"Stykkish\u00f3lmur"},"content":{"rendered":"<p><strong>Stykkish\u00f3lmur<\/strong>, in Islanda, \u00e8 un piccolo viallaggio di pescatori affacciato sul mare nella penisola di Snaefellsness. Il suo nome &#8220;<em>Stykkish\u00f3lmur<\/em>&#8221; deriva da <em>Stykki\u00f0 <\/em>ovvero<em> &#8220;<\/em>il pezzo&#8221; che richiama le dimensioni della piccola piccola isola che si trova poco lontano dal porto della cittadina.<\/p>\n<p>Questo borgo \u00e8 <strong>uno dei caratteristici villaggi d\u2019Islanda<\/strong> con i suoi panorami ameni, le casette di legno colorate, barche che galleggiano nel piccolo porto. Qui vi sembrer\u00e0 di respirare atmosfere di altri tempi ed \u00e8 il luogo giusto per tutti quei viaggiatori che cercano <strong>relax e natura<\/strong>.<\/p>\n<div id=\"attachment_139\" style=\"width: 281px\" class=\"wp-caption alignright\"><img loading=\"lazy\" decoding=\"async\" aria-describedby=\"caption-attachment-139\" class=\"wp-image-139 \" src=\"http:\/\/islanda.evolutiontravel.it\/infovacanze\/wp-content\/uploads\/sites\/21\/2014\/06\/Stykkish\u00f3lmur-300x217.jpg\" alt=\"Stykkish\u00f3lmur\" width=\"271\" height=\"196\" srcset=\"https:\/\/islanda.evolutiontravel.it\/infovacanze\/wp-content\/uploads\/sites\/21\/2014\/06\/Stykkish\u00f3lmur-300x217.jpg 300w, https:\/\/islanda.evolutiontravel.it\/infovacanze\/wp-content\/uploads\/sites\/21\/2014\/06\/Stykkish\u00f3lmur-413x300.jpg 413w, https:\/\/islanda.evolutiontravel.it\/infovacanze\/wp-content\/uploads\/sites\/21\/2014\/06\/Stykkish\u00f3lmur.jpg 622w\" sizes=\"(max-width: 271px) 100vw, 271px\" \/><p id=\"caption-attachment-139\" class=\"wp-caption-text\">Stykkish\u00f3lmur<\/p><\/div>\n<p>Da qui potete prenotare un traghetto verso il <strong>fiordo Breidafjordur<\/strong> o l\u2019arcipelago e godere cos\u00ec dei classici panorami islandesi, mozzafiato.<\/p>\n<p>A qualche chilometro a sud di Stykkish\u00f3lmur c\u2019\u00e8 poi <strong>Helgafell<\/strong>, la celebre <strong>montagna sacra d\u2019Islanda<\/strong> dove riposano i resti di una delle eroine delle saghe islandesi, Gu\u00f0run Osvifsd\u00f3ttir. Il posto ideale per <strong>fare trekking <\/strong>e respirare l\u2019aria magica che circonda la zona.<\/p>\n<p><strong>La leggenda<\/strong> vuole infatti che chi scali la collina possa chiedere tre desideri a patto che rispetti alcune semplici regole: percorrere il pendio sudoccidentale in silenzio e senza voltarsi mai, i desideri devono essere chiesti da un cuore nobile ed innocente, bisogna scendere dal pendio orientale e non svelarli a nessuno.<\/p>\n<p><strong>Nei dintorni di Stykkish\u00f3lmur<\/strong>\u00a0 ci sono altri villaggi di pescatori che meritano di essere visitati, come Budir, Hellissandur, Rif, \u00d3lafsv\u00edk, Grundarfjordur e Arnastapi, quest\u2019ultimo su un promontorio dominato dal <strong>ghiacciaio Snaefellsj\u00f6kull<\/strong>. In questa zona, infatti, potete ammirare il ghiacciaio del vulcano Snaeffels: \u00e8 da questo famoso ghiacciaio che i protagonisti del romanzo di Jules Verne, \u201c<em>Viaggio al centro della Terra<\/em>\u201d, cominciano il loro cammino.<\/p>\n<h3 style=\"text-align: center\">OFFERTE VIAGGI E VACANZE IN ISLANDA<\/h3>\n<p style=\"text-align: center\">Con <strong>Evolution Travel<\/strong> trovi le<strong> migliori offerte<\/strong> per questa destinazione:<\/p>\n<p style=\"text-align: center\"><strong><span style=\"color: #008000\">CLICCA E SCOPRI TUTTO<\/span><\/strong>, <strong>programma<\/strong>, <strong>foto<\/strong>, <strong>commenti<\/strong>, <strong>itinerari<\/strong> e altro ancora!<\/p>\n<div class=\"feedzy-cb02d0c3d47368aaec769c5619347ffe feedzy-rss\">\n\t\t<ul class=\"feedzy-style2\">\n\t\t\t\t\t<li  style=\"padding: 23px 0 38px\" class=\"rss_item feedzy-rss-col-3\" >\n\t\t\t\t\t\t\t\t\t<div class=\"rss_image\" style=\"width:225px; height:225px;\">\n\t\t\t\t\t\t<a href=\"https:\/\/islanda.evolutiontravel.it\/it_IT\/908\/tab\/39162_tour-di-gruppo-classico-in-italiano.html\" target=\"_blank\" \n\t\t\t\t\t\t\trel=\"noopener \"\n\t\t\t\t\t\t\ttitle=\"Tour di Gruppo Classico in italiano\"\n\t\t\t\t\t\t\tstyle=\"width:225px; height:225px;\">\n\t\t\t\t\t\t\t<span class=\"fetched\" style=\"background-image:  url('http:\/\/etcdn.net\/thumbnails\/39162\/it-reykjavik-tour-di-gruppo-classico-in-italiano-7998b.jpg');\" title=\"Tour di Gruppo Classico in italiano\"><\/span><amp-img width=\"225\" height=\"225\" src=\"http:\/\/etcdn.net\/thumbnails\/39162\/it-reykjavik-tour-di-gruppo-classico-in-italiano-7998b.jpg\">\t\t\t\t\t\t<\/a>\n\t\t\t\t\t<\/div>\n\t\t\t\t\t\t\t\t<div class=\"rss_content_wrap\">\n\t\t\t\t\t<span class=\"title\">\n\t\t\t\t\t\t<a href=\"https:\/\/islanda.evolutiontravel.it\/it_IT\/908\/tab\/39162_tour-di-gruppo-classico-in-italiano.html\" target=\"_blank\"  rel=\"noopener \">\n\t\t\t\t\t\t\tTour di Gruppo Classico in italiano\t\t\t\t\t\t<\/a>\n\t\t\t\t\t<\/span>\n\t\t\t\t\t<div class=\"rss_content\"\n\t\t\t\t\t\t\tstyle=\"\">\n\t\t\t\t\t\t\n\t\t\t\t\t\t\t\t\t\t\t\t<p class=\"description\">Il classico dei classici: un tour di gruppo con guida in italiano, che si sviluppa lungo la mitica Ring Road n. 1 per portarvi a [&hellip;]<\/p>\n\t\t\t\t\t\t\n\t\t\t\t\t\t\t\t\t\t\t\t\t\t\t\t\t\t\t<div class=\"price-wrap\">\n\t\t\t\t\t\t\t\t<a href=\"https:\/\/islanda.evolutiontravel.it\/it_IT\/908\/tab\/39162_tour-di-gruppo-classico-in-italiano.html\" target=\"_blank\" rel=\"noopener\"><button class=\"price\"> 3100<\/button><\/a>\n\t\t\t\t\t\t\t<\/div>\n\t\t\t\t\t\t\t\t\t\t\t<\/div>\n\t\t\t\t<\/div>\n\t\t\t<\/li>\n\t\t\t\t\t\t<li  style=\"padding: 23px 0 38px\" class=\"rss_item feedzy-rss-col-3\" >\n\t\t\t\t\t\t\t\t\t<div class=\"rss_image\" style=\"width:225px; height:225px;\">\n\t\t\t\t\t\t<a href=\"https:\/\/islanda.evolutiontravel.it\/it_IT\/908\/tab\/34764_avventura-fuoristrada-in-auto-4x4-nel-cuore-islandese-lungo-la-pista-del-kjolur.html\" target=\"_blank\" \n\t\t\t\t\t\t\trel=\"noopener \"\n\t\t\t\t\t\t\ttitle=\"Avventura Fuoristrada: in auto 4x4 nel cuore islandese, lungo la pista del Kjolur\"\n\t\t\t\t\t\t\tstyle=\"width:225px; height:225px;\">\n\t\t\t\t\t\t\t<span class=\"fetched\" style=\"background-image:  url('http:\/\/etcdn.net\/thumbnails\/34764\/it-reykjavik-avventura-fuoristrada-7-notti-e-noleggio-4x4-5a323.jpg');\" title=\"Avventura Fuoristrada: in auto 4x4 nel cuore islandese, lungo la pista del Kjolur\"><\/span><amp-img width=\"225\" height=\"225\" src=\"http:\/\/etcdn.net\/thumbnails\/34764\/it-reykjavik-avventura-fuoristrada-7-notti-e-noleggio-4x4-5a323.jpg\">\t\t\t\t\t\t<\/a>\n\t\t\t\t\t<\/div>\n\t\t\t\t\t\t\t\t<div class=\"rss_content_wrap\">\n\t\t\t\t\t<span class=\"title\">\n\t\t\t\t\t\t<a href=\"https:\/\/islanda.evolutiontravel.it\/it_IT\/908\/tab\/34764_avventura-fuoristrada-in-auto-4x4-nel-cuore-islandese-lungo-la-pista-del-kjolur.html\" target=\"_blank\"  rel=\"noopener \">\n\t\t\t\t\t\t\tAvventura Fuoristrada: in auto 4x4 nel cuore islandese, lungo la pista del Kjolur\t\t\t\t\t\t<\/a>\n\t\t\t\t\t<\/span>\n\t\t\t\t\t<div class=\"rss_content\"\n\t\t\t\t\t\t\tstyle=\"\">\n\t\t\t\t\t\t\n\t\t\t\t\t\t\t\t\t\t\t\t<p class=\"description\">L'itinerario\u00a0pi\u00f9 classico\u00a0per un viaggio in Islanda pu\u00f2 diventare un fly &amp; drive in Islanda all'insegna dell'avventura [&hellip;]<\/p>\n\t\t\t\t\t\t\n\t\t\t\t\t\t\t\t\t\t\t\t\t\t\t\t\t\t\t<div class=\"price-wrap\">\n\t\t\t\t\t\t\t\t<a href=\"https:\/\/islanda.evolutiontravel.it\/it_IT\/908\/tab\/34764_avventura-fuoristrada-in-auto-4x4-nel-cuore-islandese-lungo-la-pista-del-kjolur.html\" target=\"_blank\" rel=\"noopener\"><button class=\"price\"> 2190<\/button><\/a>\n\t\t\t\t\t\t\t<\/div>\n\t\t\t\t\t\t\t\t\t\t\t<\/div>\n\t\t\t\t<\/div>\n\t\t\t<\/li>\n\t\t\t\t\t\t<li  style=\"padding: 23px 0 38px\" class=\"rss_item feedzy-rss-col-3\" >\n\t\t\t\t\t\t\t\t\t<div class=\"rss_image\" style=\"width:225px; height:225px;\">\n\t\t\t\t\t\t<a href=\"https:\/\/islanda.evolutiontravel.it\/it_IT\/908\/tab\/30796_viaggio-fly-drive-delle-balene-noleggio-auto-e-9-notti.html\" target=\"_blank\" \n\t\t\t\t\t\t\trel=\"noopener \"\n\t\t\t\t\t\t\ttitle=\"Viaggio Fly &amp; Drive delle Balene: Noleggio auto e 9 notti\"\n\t\t\t\t\t\t\tstyle=\"width:225px; height:225px;\">\n\t\t\t\t\t\t\t<span class=\"fetched\" style=\"background-image:  url('http:\/\/etcdn.net\/thumbnails\/30796\/it-reykjavik-viaggio-fly-drive-delle-balene-2016-noleggio-auto-e-9-notti-5a321.jpg');\" title=\"Viaggio Fly &amp; Drive delle Balene: Noleggio auto e 9 notti\"><\/span><amp-img width=\"225\" height=\"225\" src=\"http:\/\/etcdn.net\/thumbnails\/30796\/it-reykjavik-viaggio-fly-drive-delle-balene-2016-noleggio-auto-e-9-notti-5a321.jpg\">\t\t\t\t\t\t<\/a>\n\t\t\t\t\t<\/div>\n\t\t\t\t\t\t\t\t<div class=\"rss_content_wrap\">\n\t\t\t\t\t<span class=\"title\">\n\t\t\t\t\t\t<a href=\"https:\/\/islanda.evolutiontravel.it\/it_IT\/908\/tab\/30796_viaggio-fly-drive-delle-balene-noleggio-auto-e-9-notti.html\" target=\"_blank\"  rel=\"noopener \">\n\t\t\t\t\t\t\tViaggio Fly &amp; Drive delle Balene: Noleggio auto e 9 notti\t\t\t\t\t\t<\/a>\n\t\t\t\t\t<\/span>\n\t\t\t\t\t<div class=\"rss_content\"\n\t\t\t\t\t\t\tstyle=\"\">\n\t\t\t\t\t\t\n\t\t\t\t\t\t\t\t\t\t\t\t<p class=\"description\">In\u00a010 giorni e 9 notti\u00a0esplorerete le meraviglie naturali dell'Islanda, un viaggio fly and drive all'insegna della libert\u00e0 e [&hellip;]<\/p>\n\t\t\t\t\t\t\n\t\t\t\t\t\t\t\t\t\t\t\t\t\t\t\t\t\t\t<div class=\"price-wrap\">\n\t\t\t\t\t\t\t\t<a href=\"https:\/\/islanda.evolutiontravel.it\/it_IT\/908\/tab\/30796_viaggio-fly-drive-delle-balene-noleggio-auto-e-9-notti.html\" target=\"_blank\" rel=\"noopener\"><button class=\"price\"> 2200<\/button><\/a>\n\t\t\t\t\t\t\t<\/div>\n\t\t\t\t\t\t\t\t\t\t\t<\/div>\n\t\t\t\t<\/div>\n\t\t\t<\/li>\n\t\t\t\t\t\t<li  style=\"padding: 23px 0 38px\" class=\"rss_item feedzy-rss-col-3\" >\n\t\t\t\t\t\t\t\t\t<div class=\"rss_image\" style=\"width:225px; height:225px;\">\n\t\t\t\t\t\t<a href=\"https:\/\/islanda.evolutiontravel.it\/it_IT\/908\/tab\/35174_luci-del-nord-tour-guidato-in-italiano.html\" target=\"_blank\" \n\t\t\t\t\t\t\trel=\"noopener \"\n\t\t\t\t\t\t\ttitle=\"Luci del Nord - Tour Guidato in italiano\"\n\t\t\t\t\t\t\tstyle=\"width:225px; height:225px;\">\n\t\t\t\t\t\t\t<span class=\"fetched\" style=\"background-image:  url('http:\/\/etcdn.net\/thumbnails\/35174\/it-reykjavik-luci-del-nord-tour-esclusivo-in-italiano-4d086.jpg');\" title=\"Luci del Nord - Tour Guidato in italiano\"><\/span><amp-img width=\"225\" height=\"225\" src=\"http:\/\/etcdn.net\/thumbnails\/35174\/it-reykjavik-luci-del-nord-tour-esclusivo-in-italiano-4d086.jpg\">\t\t\t\t\t\t<\/a>\n\t\t\t\t\t<\/div>\n\t\t\t\t\t\t\t\t<div class=\"rss_content_wrap\">\n\t\t\t\t\t<span class=\"title\">\n\t\t\t\t\t\t<a href=\"https:\/\/islanda.evolutiontravel.it\/it_IT\/908\/tab\/35174_luci-del-nord-tour-guidato-in-italiano.html\" target=\"_blank\"  rel=\"noopener \">\n\t\t\t\t\t\t\tLuci del Nord - Tour Guidato in italiano\t\t\t\t\t\t<\/a>\n\t\t\t\t\t<\/span>\n\t\t\t\t\t<div class=\"rss_content\"\n\t\t\t\t\t\t\tstyle=\"\">\n\t\t\t\t\t\t\n\t\t\t\t\t\t\t\t\t\t\t\t<p class=\"description\">Questo programma di viaggio \u00e8 specificamente realizzato per farvi godere al meglio le Luci del Nord o Aurore Boreali\u00a0che [&hellip;]<\/p>\n\t\t\t\t\t\t\n\t\t\t\t\t\t\t\t\t\t\t\t\t\t\t\t\t\t\t<div class=\"price-wrap\">\n\t\t\t\t\t\t\t\t<a href=\"https:\/\/islanda.evolutiontravel.it\/it_IT\/908\/tab\/35174_luci-del-nord-tour-guidato-in-italiano.html\" target=\"_blank\" rel=\"noopener\"><button class=\"price\"> 1810<\/button><\/a>\n\t\t\t\t\t\t\t<\/div>\n\t\t\t\t\t\t\t\t\t\t\t<\/div>\n\t\t\t\t<\/div>\n\t\t\t<\/li>\n\t\t\t\t\t\t<li  style=\"padding: 23px 0 38px\" class=\"rss_item feedzy-rss-col-3\" >\n\t\t\t\t\t\t\t\t\t<div class=\"rss_image\" style=\"width:225px; height:225px;\">\n\t\t\t\t\t\t<a href=\"https:\/\/islanda.evolutiontravel.it\/it_IT\/908\/tab\/32692_meravigliose-aurore-boreali-in-4x4-viaggio-fly-drive-invernale.html\" target=\"_blank\" \n\t\t\t\t\t\t\trel=\"noopener \"\n\t\t\t\t\t\t\ttitle=\"Meravigliose Aurore Boreali in 4x4 - Viaggio Fly &amp; Drive Invernale\"\n\t\t\t\t\t\t\tstyle=\"width:225px; height:225px;\">\n\t\t\t\t\t\t\t<span class=\"fetched\" style=\"background-image:  url('http:\/\/etcdn.net\/thumbnails\/32692\/it-reykjavik-meravigliose-aurore-boreali-in-4x4-viaggio-fly-drive-invernale-4d085.jpg');\" title=\"Meravigliose Aurore Boreali in 4x4 - Viaggio Fly &amp; Drive Invernale\"><\/span><amp-img width=\"225\" height=\"225\" src=\"http:\/\/etcdn.net\/thumbnails\/32692\/it-reykjavik-meravigliose-aurore-boreali-in-4x4-viaggio-fly-drive-invernale-4d085.jpg\">\t\t\t\t\t\t<\/a>\n\t\t\t\t\t<\/div>\n\t\t\t\t\t\t\t\t<div class=\"rss_content_wrap\">\n\t\t\t\t\t<span class=\"title\">\n\t\t\t\t\t\t<a href=\"https:\/\/islanda.evolutiontravel.it\/it_IT\/908\/tab\/32692_meravigliose-aurore-boreali-in-4x4-viaggio-fly-drive-invernale.html\" target=\"_blank\"  rel=\"noopener \">\n\t\t\t\t\t\t\tMeravigliose Aurore Boreali in 4x4 - Viaggio Fly &amp; Drive Invernale\t\t\t\t\t\t<\/a>\n\t\t\t\t\t<\/span>\n\t\t\t\t\t<div class=\"rss_content\"\n\t\t\t\t\t\t\tstyle=\"\">\n\t\t\t\t\t\t\n\t\t\t\t\t\t\t\t\t\t\t\t<p class=\"description\">L'Ovest e il Sud dell'Islanda mostrano un'incredibile variet\u00e0 di paesaggi contrastanti facilmente esplorabili in un'avventura di [&hellip;]<\/p>\n\t\t\t\t\t\t\n\t\t\t\t\t\t\t\t\t\t\t\t\t\t\t\t\t\t\t<div class=\"price-wrap\">\n\t\t\t\t\t\t\t\t<a href=\"https:\/\/islanda.evolutiontravel.it\/it_IT\/908\/tab\/32692_meravigliose-aurore-boreali-in-4x4-viaggio-fly-drive-invernale.html\" target=\"_blank\" rel=\"noopener\"><button class=\"price\"> 1450<\/button><\/a>\n\t\t\t\t\t\t\t<\/div>\n\t\t\t\t\t\t\t\t\t\t\t<\/div>\n\t\t\t\t<\/div>\n\t\t\t<\/li>\n\t\t\t\t\t\t<li  style=\"padding: 23px 0 38px\" class=\"rss_item feedzy-rss-col-3\" >\n\t\t\t\t\t\t\t\t\t<div class=\"rss_image\" style=\"width:225px; height:225px;\">\n\t\t\t\t\t\t<a href=\"https:\/\/islanda.evolutiontravel.it\/it_IT\/908\/tab\/24926_viaggio-tour-di-gruppo-4x4-altopiani-meravigliosi-piccolo-gruppo.html\" target=\"_blank\" \n\t\t\t\t\t\t\trel=\"noopener \"\n\t\t\t\t\t\t\ttitle=\"Viaggio Tour di Gruppo 4x4: Altopiani meravigliosi - Piccolo Gruppo\"\n\t\t\t\t\t\t\tstyle=\"width:225px; height:225px;\">\n\t\t\t\t\t\t\t<span class=\"fetched\" style=\"background-image:  url('http:\/\/etcdn.net\/thumbnails\/24926\/it-reykjavik-altopiani-meravigliosi-5a6b1.jpg');\" title=\"Viaggio Tour di Gruppo 4x4: Altopiani meravigliosi - Piccolo Gruppo\"><\/span><amp-img width=\"225\" height=\"225\" src=\"http:\/\/etcdn.net\/thumbnails\/24926\/it-reykjavik-altopiani-meravigliosi-5a6b1.jpg\">\t\t\t\t\t\t<\/a>\n\t\t\t\t\t<\/div>\n\t\t\t\t\t\t\t\t<div class=\"rss_content_wrap\">\n\t\t\t\t\t<span class=\"title\">\n\t\t\t\t\t\t<a href=\"https:\/\/islanda.evolutiontravel.it\/it_IT\/908\/tab\/24926_viaggio-tour-di-gruppo-4x4-altopiani-meravigliosi-piccolo-gruppo.html\" target=\"_blank\"  rel=\"noopener \">\n\t\t\t\t\t\t\tViaggio Tour di Gruppo 4x4: Altopiani meravigliosi - Piccolo Gruppo\t\t\t\t\t\t<\/a>\n\t\t\t\t\t<\/span>\n\t\t\t\t\t<div class=\"rss_content\"\n\t\t\t\t\t\t\tstyle=\"\">\n\t\t\t\t\t\t\n\t\t\t\t\t\t\t\t\t\t\t\t<p class=\"description\">Il miglior modo per visitare l\u2019Islanda \u00e8 passeggiare senza fretta alla scoperta di una natura estrema e primordiale, magari [&hellip;]<\/p>\n\t\t\t\t\t\t\n\t\t\t\t\t\t\t\t\t\t\t\t\t\t\t\t\t\t\t<div class=\"price-wrap\">\n\t\t\t\t\t\t\t\t<a href=\"https:\/\/islanda.evolutiontravel.it\/it_IT\/908\/tab\/24926_viaggio-tour-di-gruppo-4x4-altopiani-meravigliosi-piccolo-gruppo.html\" target=\"_blank\" rel=\"noopener\"><button class=\"price\"> 4550<\/button><\/a>\n\t\t\t\t\t\t\t<\/div>\n\t\t\t\t\t\t\t\t\t\t\t<\/div>\n\t\t\t\t<\/div>\n\t\t\t<\/li>\n\t\t\t\t<\/ul>\n<\/div>\n<style type=\"text\/css\" media=\"all\">.feedzy-rss .rss_item .rss_image{float:left;position:relative;border:none;text-decoration:none;max-width:100%}.feedzy-rss .rss_item .rss_image span{display:inline-block;position:absolute;width:100%;height:100%;background-position:50%;background-size:cover}.feedzy-rss .rss_item .rss_image{margin:.3em 1em 0 0;content-visibility:auto}.feedzy-rss ul{list-style:none}.feedzy-rss ul li{display:inline-block}<\/style>\n","protected":false},"excerpt":{"rendered":"<p>Stykkish\u00f3lmur, in Islanda, \u00e8 un piccolo viallaggio di pescatori affacciato sul mare nella penisola di Snaefellsness. Il suo nome &#8220;Stykkish\u00f3lmur&#8221; deriva da Stykki\u00f0 ovvero &#8220;il pezzo&#8221; che richiama le dimensioni della piccola piccola isola che si trova poco lontano dal porto della cittadina. Questo borgo \u00e8 uno dei caratteristici villaggi d\u2019Islanda con i suoi panorami <a class=\"moretag\" href=\"https:\/\/islanda.evolutiontravel.it\/infovacanze\/dove-andare\/stykkisholmur\/\">[&#8230;]<\/a><\/p>\n","protected":false},"author":6,"featured_media":0,"parent":108,"menu_order":0,"comment_status":"closed","ping_status":"open","template":"templates\/template-with-right-sidebar.php","meta":{"footnotes":""},"yoast_head":"<!-- This site is optimized with the Yoast SEO plugin v21.9.1 - https:\/\/yoast.com\/wordpress\/plugins\/seo\/ -->\n<title>Stykkish\u00f3lmur, Islanda: caratteristico villaggio dei pescatori islandesi<\/title>\n<meta name=\"description\" content=\"Stykkish\u00f3lmur, villaggio di pescatori tra i pi\u00f9 caratteristici in Islanda: scopri con noi questa destinazione e molte altre. Parti con le imperdibili offerte firmate Evolution Travel!\" \/>\n<meta name=\"robots\" content=\"index, follow, max-snippet:-1, max-image-preview:large, max-video-preview:-1\" \/>\n<link rel=\"canonical\" href=\"https:\/\/islanda.evolutiontravel.it\/infovacanze\/dove-andare\/stykkisholmur\/\" \/>\n<meta property=\"og:locale\" content=\"it_IT\" \/>\n<meta property=\"og:type\" content=\"article\" \/>\n<meta property=\"og:title\" content=\"Stykkish\u00f3lmur, Islanda: caratteristico villaggio dei pescatori islandesi\" \/>\n<meta property=\"og:description\" content=\"Stykkish\u00f3lmur, villaggio di pescatori tra i pi\u00f9 caratteristici in Islanda: scopri con noi questa destinazione e molte altre. Parti con le imperdibili offerte firmate Evolution Travel!\" \/>\n<meta property=\"og:url\" content=\"https:\/\/islanda.evolutiontravel.it\/infovacanze\/dove-andare\/stykkisholmur\/\" \/>\n<meta property=\"og:site_name\" content=\"Islanda\" \/>\n<meta property=\"article:modified_time\" content=\"2018-05-02T08:46:41+00:00\" \/>\n<meta name=\"twitter:label1\" content=\"Tempo di lettura stimato\" \/>\n\t<meta name=\"twitter:data1\" content=\"2 minuti\" \/>\n<script type=\"application\/ld+json\" class=\"yoast-schema-graph\">{\"@context\":\"https:\/\/schema.org\",\"@graph\":[{\"@type\":\"WebPage\",\"@id\":\"https:\/\/islanda.evolutiontravel.it\/infovacanze\/dove-andare\/stykkisholmur\/\",\"url\":\"https:\/\/islanda.evolutiontravel.it\/infovacanze\/dove-andare\/stykkisholmur\/\",\"name\":\"Stykkish\u00f3lmur, Islanda: caratteristico villaggio dei pescatori islandesi\",\"isPartOf\":{\"@id\":\"https:\/\/islanda.evolutiontravel.it\/infovacanze\/#website\"},\"datePublished\":\"2014-06-13T14:11:37+00:00\",\"dateModified\":\"2018-05-02T08:46:41+00:00\",\"description\":\"Stykkish\u00f3lmur, villaggio di pescatori tra i pi\u00f9 caratteristici in Islanda: scopri con noi questa destinazione e molte altre. Parti con le imperdibili offerte firmate Evolution Travel!\",\"breadcrumb\":{\"@id\":\"https:\/\/islanda.evolutiontravel.it\/infovacanze\/dove-andare\/stykkisholmur\/#breadcrumb\"},\"inLanguage\":\"it-IT\",\"potentialAction\":[{\"@type\":\"ReadAction\",\"target\":[\"https:\/\/islanda.evolutiontravel.it\/infovacanze\/dove-andare\/stykkisholmur\/\"]}]},{\"@type\":\"BreadcrumbList\",\"@id\":\"https:\/\/islanda.evolutiontravel.it\/infovacanze\/dove-andare\/stykkisholmur\/#breadcrumb\",\"itemListElement\":[{\"@type\":\"ListItem\",\"position\":1,\"name\":\"Luoghi da vedere in Islanda\",\"item\":\"https:\/\/islanda.evolutiontravel.it\/infovacanze\/dove-andare\/\"},{\"@type\":\"ListItem\",\"position\":2,\"name\":\"Stykkish\u00f3lmur\"}]},{\"@type\":\"WebSite\",\"@id\":\"https:\/\/islanda.evolutiontravel.it\/infovacanze\/#website\",\"url\":\"https:\/\/islanda.evolutiontravel.it\/infovacanze\/\",\"name\":\"Islanda\",\"description\":\"\",\"potentialAction\":[{\"@type\":\"SearchAction\",\"target\":{\"@type\":\"EntryPoint\",\"urlTemplate\":\"https:\/\/islanda.evolutiontravel.it\/infovacanze\/?s={search_term_string}\"},\"query-input\":\"required name=search_term_string\"}],\"inLanguage\":\"it-IT\"}]}<\/script>\n<!-- \/ Yoast SEO plugin. -->","yoast_head_json":{"title":"Stykkish\u00f3lmur, Islanda: caratteristico villaggio dei pescatori islandesi","description":"Stykkish\u00f3lmur, villaggio di pescatori tra i pi\u00f9 caratteristici in Islanda: scopri con noi questa destinazione e molte altre. Parti con le imperdibili offerte firmate Evolution Travel!","robots":{"index":"index","follow":"follow","max-snippet":"max-snippet:-1","max-image-preview":"max-image-preview:large","max-video-preview":"max-video-preview:-1"},"canonical":"https:\/\/islanda.evolutiontravel.it\/infovacanze\/dove-andare\/stykkisholmur\/","og_locale":"it_IT","og_type":"article","og_title":"Stykkish\u00f3lmur, Islanda: caratteristico villaggio dei pescatori islandesi","og_description":"Stykkish\u00f3lmur, villaggio di pescatori tra i pi\u00f9 caratteristici in Islanda: scopri con noi questa destinazione e molte altre. Parti con le imperdibili offerte firmate Evolution Travel!","og_url":"https:\/\/islanda.evolutiontravel.it\/infovacanze\/dove-andare\/stykkisholmur\/","og_site_name":"Islanda","article_modified_time":"2018-05-02T08:46:41+00:00","twitter_misc":{"Tempo di lettura stimato":"2 minuti"},"schema":{"@context":"https:\/\/schema.org","@graph":[{"@type":"WebPage","@id":"https:\/\/islanda.evolutiontravel.it\/infovacanze\/dove-andare\/stykkisholmur\/","url":"https:\/\/islanda.evolutiontravel.it\/infovacanze\/dove-andare\/stykkisholmur\/","name":"Stykkish\u00f3lmur, Islanda: caratteristico villaggio dei pescatori islandesi","isPartOf":{"@id":"https:\/\/islanda.evolutiontravel.it\/infovacanze\/#website"},"datePublished":"2014-06-13T14:11:37+00:00","dateModified":"2018-05-02T08:46:41+00:00","description":"Stykkish\u00f3lmur, villaggio di pescatori tra i pi\u00f9 caratteristici in Islanda: scopri con noi questa destinazione e molte altre. Parti con le imperdibili offerte firmate Evolution Travel!","breadcrumb":{"@id":"https:\/\/islanda.evolutiontravel.it\/infovacanze\/dove-andare\/stykkisholmur\/#breadcrumb"},"inLanguage":"it-IT","potentialAction":[{"@type":"ReadAction","target":["https:\/\/islanda.evolutiontravel.it\/infovacanze\/dove-andare\/stykkisholmur\/"]}]},{"@type":"BreadcrumbList","@id":"https:\/\/islanda.evolutiontravel.it\/infovacanze\/dove-andare\/stykkisholmur\/#breadcrumb","itemListElement":[{"@type":"ListItem","position":1,"name":"Luoghi da vedere in Islanda","item":"https:\/\/islanda.evolutiontravel.it\/infovacanze\/dove-andare\/"},{"@type":"ListItem","position":2,"name":"Stykkish\u00f3lmur"}]},{"@type":"WebSite","@id":"https:\/\/islanda.evolutiontravel.it\/infovacanze\/#website","url":"https:\/\/islanda.evolutiontravel.it\/infovacanze\/","name":"Islanda","description":"","potentialAction":[{"@type":"SearchAction","target":{"@type":"EntryPoint","urlTemplate":"https:\/\/islanda.evolutiontravel.it\/infovacanze\/?s={search_term_string}"},"query-input":"required name=search_term_string"}],"inLanguage":"it-IT"}]}},"_links":{"self":[{"href":"https:\/\/islanda.evolutiontravel.it\/infovacanze\/wp-json\/wp\/v2\/pages\/137"}],"collection":[{"href":"https:\/\/islanda.evolutiontravel.it\/infovacanze\/wp-json\/wp\/v2\/pages"}],"about":[{"href":"https:\/\/islanda.evolutiontravel.it\/infovacanze\/wp-json\/wp\/v2\/types\/page"}],"author":[{"embeddable":true,"href":"https:\/\/islanda.evolutiontravel.it\/infovacanze\/wp-json\/wp\/v2\/users\/6"}],"replies":[{"embeddable":true,"href":"https:\/\/islanda.evolutiontravel.it\/infovacanze\/wp-json\/wp\/v2\/comments?post=137"}],"version-history":[{"count":10,"href":"https:\/\/islanda.evolutiontravel.it\/infovacanze\/wp-json\/wp\/v2\/pages\/137\/revisions"}],"predecessor-version":[{"id":349,"href":"https:\/\/islanda.evolutiontravel.it\/infovacanze\/wp-json\/wp\/v2\/pages\/137\/revisions\/349"}],"up":[{"embeddable":true,"href":"https:\/\/islanda.evolutiontravel.it\/infovacanze\/wp-json\/wp\/v2\/pages\/108"}],"wp:attachment":[{"href":"https:\/\/islanda.evolutiontravel.it\/infovacanze\/wp-json\/wp\/v2\/media?parent=137"}],"curies":[{"name":"wp","href":"https:\/\/api.w.org\/{rel}","templated":true}]}}