{"id":126,"date":"2014-06-13T16:03:37","date_gmt":"2014-06-13T14:03:37","guid":{"rendered":"http:\/\/islanda.evolutiontravel.it\/infovacanze\/?page_id=126"},"modified":"2018-05-02T12:27:29","modified_gmt":"2018-05-02T10:27:29","slug":"hofn","status":"publish","type":"page","link":"https:\/\/islanda.evolutiontravel.it\/infovacanze\/dove-andare\/hofn\/","title":{"rendered":"Hofn e il ghiacciaio Vatnajokull"},"content":{"rendered":"<p><strong>A Hofn<\/strong> ecco il Vatnajokull National Park con il famoso <strong>ghiacciaio Vatnajokull,<\/strong> il pi\u00f9 grande d\u2019Europa, attrazione naturalistica utilizzata anche per <strong>molti film<\/strong> come \u201c<em>Lara Croft: Tomb Raider<\/em>\u201d, \u201c<em>Batman Begin<\/em>s\u201d e due episodi della saga di James Bond.<\/p>\n<p>Una<strong> graziosa cittadina di pescatori<\/strong>,\u00a0il cui nome significa \u201cporto\u201d, situata vicino al <strong>fiordo Hornafj\u00f6r\u00f0ur <\/strong>e a meno di <strong>500 km dalla capitale Reykjav\u00edk<\/strong>.\u00a0 Hofn \u00e8 circondata dal mare su tre lati e si affaccia su <strong>tre isole: <\/strong>Mikley, Kr\u00f3kal\u00e1tur ed Hellir.<\/p>\n<p><img loading=\"lazy\" decoding=\"async\" class=\"size-medium wp-image-419 alignright\" src=\"http:\/\/islanda.evolutiontravel.it\/infovacanze\/wp-content\/uploads\/sites\/21\/2014\/06\/Hofn-300x142.jpg\" alt=\"\" width=\"300\" height=\"142\" srcset=\"https:\/\/islanda.evolutiontravel.it\/infovacanze\/wp-content\/uploads\/sites\/21\/2014\/06\/Hofn-300x142.jpg 300w, https:\/\/islanda.evolutiontravel.it\/infovacanze\/wp-content\/uploads\/sites\/21\/2014\/06\/Hofn.jpg 450w\" sizes=\"(max-width: 300px) 100vw, 300px\" \/>Qui sono presenti anche <strong>tre musei<\/strong>, l\u2019H\u00f6fn Glacier Museum, l\u2019H\u00f6fn Folk Museum e l\u2019H\u00f6fn Nautical Museum.<\/p>\n<p>Ad Hofn visitare <strong>Gamlab\u00fa\u00f0<\/strong>, uno degli edifici storici pi\u00f9 antichi che negli anni \u00e8 stato utilizzato per diversi scopi, da centro commerciale a ufficio postale, ad oggi \u00e8 la sede del centro informazioni del <strong>Parco Nazionale Vatnaj\u00f6kull<\/strong>. Qui troverete informazioni dettagliate sul ghiacciaio.<\/p>\n<p>Tra le attivit\u00e0 principali sulle quali questa cittadina fonda la sua economia c&#8217;\u00e8 ovviamente la pesca con tanto di lavorazione e confezionamento soprattutto di baccal\u00e0 e aragoste. Ed \u00e8 proprio <strong>all\u2019aragosta che viene dedicato un festival<\/strong>, lo <strong>Humarh\u00e1t\u00ed\u00f0<\/strong>, che si svolge <strong>il primo weekend di luglio<\/strong>.<\/p>\n<h3>Approfondimenti<\/h3>\n<p>Per approfondire alcuni argomenti clicca su quello di seguito in elenco:<\/p>\n<ul>\n<li><a href=\"https:\/\/islanda.evolutiontravel.it\/infovacanze\/dove-andare\/reykjavik\/\">Reykjav\u00edk<\/a><\/li>\n<li><a href=\"https:\/\/islanda.evolutiontravel.it\/infovacanze\/informazioni\/clima-islanda\/\">Il clima mite dell&#8217;Islanda<\/a><\/li>\n<li><a href=\"https:\/\/islanda.evolutiontravel.it\/infovacanze\/informazioni\/cucina-islandese\/\">La cucina islandese<\/a><\/li>\n<li><a href=\"https:\/\/islanda.evolutiontravel.it\/infovacanze\/islanda-viaggi\/\">Scegli il tuo tipo di viaggio<\/a><\/li>\n<\/ul>\n<h3 style=\"text-align: center\">OFFERTE VIAGGI E VACANZE IN ISLANDA<\/h3>\n<p style=\"text-align: center\"><strong><span style=\"color: #008000\">CLICCA, SCOPRI E PARTI<\/span><\/strong>: <strong>tutti i dettagli del viaggio in un solo click!<\/strong><\/p>\n<div class=\"feedzy-cb02d0c3d47368aaec769c5619347ffe feedzy-rss\">\n\t\t<ul class=\"feedzy-style2\">\n\t\t\t\t\t<li  style=\"padding: 23px 0 38px\" class=\"rss_item feedzy-rss-col-3\" >\n\t\t\t\t\t\t\t\t\t<div class=\"rss_image\" style=\"width:225px; height:225px;\">\n\t\t\t\t\t\t<a href=\"https:\/\/islanda.evolutiontravel.it\/it_IT\/908\/tab\/39162_tour-di-gruppo-classico-in-italiano.html\" target=\"_blank\" \n\t\t\t\t\t\t\trel=\"noopener \"\n\t\t\t\t\t\t\ttitle=\"Tour di Gruppo Classico in italiano\"\n\t\t\t\t\t\t\tstyle=\"width:225px; height:225px;\">\n\t\t\t\t\t\t\t<span class=\"fetched\" style=\"background-image:  url('http:\/\/etcdn.net\/thumbnails\/39162\/it-reykjavik-tour-di-gruppo-classico-in-italiano-7998b.jpg');\" title=\"Tour di Gruppo Classico in italiano\"><\/span><amp-img width=\"225\" height=\"225\" src=\"http:\/\/etcdn.net\/thumbnails\/39162\/it-reykjavik-tour-di-gruppo-classico-in-italiano-7998b.jpg\">\t\t\t\t\t\t<\/a>\n\t\t\t\t\t<\/div>\n\t\t\t\t\t\t\t\t<div class=\"rss_content_wrap\">\n\t\t\t\t\t<span class=\"title\">\n\t\t\t\t\t\t<a href=\"https:\/\/islanda.evolutiontravel.it\/it_IT\/908\/tab\/39162_tour-di-gruppo-classico-in-italiano.html\" target=\"_blank\"  rel=\"noopener \">\n\t\t\t\t\t\t\tTour di Gruppo Classico in italiano\t\t\t\t\t\t<\/a>\n\t\t\t\t\t<\/span>\n\t\t\t\t\t<div class=\"rss_content\"\n\t\t\t\t\t\t\tstyle=\"\">\n\t\t\t\t\t\t\n\t\t\t\t\t\t\t\t\t\t\t\t<p class=\"description\">Il classico dei classici: un tour di gruppo con guida in italiano, che si sviluppa lungo la mitica Ring Road n. 1 per portarvi a [&hellip;]<\/p>\n\t\t\t\t\t\t\n\t\t\t\t\t\t\t\t\t\t\t\t\t\t\t\t\t\t\t<div class=\"price-wrap\">\n\t\t\t\t\t\t\t\t<a href=\"https:\/\/islanda.evolutiontravel.it\/it_IT\/908\/tab\/39162_tour-di-gruppo-classico-in-italiano.html\" target=\"_blank\" rel=\"noopener\"><button class=\"price\"> 3100<\/button><\/a>\n\t\t\t\t\t\t\t<\/div>\n\t\t\t\t\t\t\t\t\t\t\t<\/div>\n\t\t\t\t<\/div>\n\t\t\t<\/li>\n\t\t\t\t\t\t<li  style=\"padding: 23px 0 38px\" class=\"rss_item feedzy-rss-col-3\" >\n\t\t\t\t\t\t\t\t\t<div class=\"rss_image\" style=\"width:225px; height:225px;\">\n\t\t\t\t\t\t<a href=\"https:\/\/islanda.evolutiontravel.it\/it_IT\/908\/tab\/34764_avventura-fuoristrada-in-auto-4x4-nel-cuore-islandese-lungo-la-pista-del-kjolur.html\" target=\"_blank\" \n\t\t\t\t\t\t\trel=\"noopener \"\n\t\t\t\t\t\t\ttitle=\"Avventura Fuoristrada: in auto 4x4 nel cuore islandese, lungo la pista del Kjolur\"\n\t\t\t\t\t\t\tstyle=\"width:225px; height:225px;\">\n\t\t\t\t\t\t\t<span class=\"fetched\" style=\"background-image:  url('http:\/\/etcdn.net\/thumbnails\/34764\/it-reykjavik-avventura-fuoristrada-7-notti-e-noleggio-4x4-5a323.jpg');\" title=\"Avventura Fuoristrada: in auto 4x4 nel cuore islandese, lungo la pista del Kjolur\"><\/span><amp-img width=\"225\" height=\"225\" src=\"http:\/\/etcdn.net\/thumbnails\/34764\/it-reykjavik-avventura-fuoristrada-7-notti-e-noleggio-4x4-5a323.jpg\">\t\t\t\t\t\t<\/a>\n\t\t\t\t\t<\/div>\n\t\t\t\t\t\t\t\t<div class=\"rss_content_wrap\">\n\t\t\t\t\t<span class=\"title\">\n\t\t\t\t\t\t<a href=\"https:\/\/islanda.evolutiontravel.it\/it_IT\/908\/tab\/34764_avventura-fuoristrada-in-auto-4x4-nel-cuore-islandese-lungo-la-pista-del-kjolur.html\" target=\"_blank\"  rel=\"noopener \">\n\t\t\t\t\t\t\tAvventura Fuoristrada: in auto 4x4 nel cuore islandese, lungo la pista del Kjolur\t\t\t\t\t\t<\/a>\n\t\t\t\t\t<\/span>\n\t\t\t\t\t<div class=\"rss_content\"\n\t\t\t\t\t\t\tstyle=\"\">\n\t\t\t\t\t\t\n\t\t\t\t\t\t\t\t\t\t\t\t<p class=\"description\">L'itinerario\u00a0pi\u00f9 classico\u00a0per un viaggio in Islanda pu\u00f2 diventare un fly &amp; drive in Islanda all'insegna dell'avventura [&hellip;]<\/p>\n\t\t\t\t\t\t\n\t\t\t\t\t\t\t\t\t\t\t\t\t\t\t\t\t\t\t<div class=\"price-wrap\">\n\t\t\t\t\t\t\t\t<a href=\"https:\/\/islanda.evolutiontravel.it\/it_IT\/908\/tab\/34764_avventura-fuoristrada-in-auto-4x4-nel-cuore-islandese-lungo-la-pista-del-kjolur.html\" target=\"_blank\" rel=\"noopener\"><button class=\"price\"> 2190<\/button><\/a>\n\t\t\t\t\t\t\t<\/div>\n\t\t\t\t\t\t\t\t\t\t\t<\/div>\n\t\t\t\t<\/div>\n\t\t\t<\/li>\n\t\t\t\t\t\t<li  style=\"padding: 23px 0 38px\" class=\"rss_item feedzy-rss-col-3\" >\n\t\t\t\t\t\t\t\t\t<div class=\"rss_image\" style=\"width:225px; height:225px;\">\n\t\t\t\t\t\t<a href=\"https:\/\/islanda.evolutiontravel.it\/it_IT\/908\/tab\/30796_viaggio-fly-drive-delle-balene-noleggio-auto-e-9-notti.html\" target=\"_blank\" \n\t\t\t\t\t\t\trel=\"noopener \"\n\t\t\t\t\t\t\ttitle=\"Viaggio Fly &amp; Drive delle Balene: Noleggio auto e 9 notti\"\n\t\t\t\t\t\t\tstyle=\"width:225px; height:225px;\">\n\t\t\t\t\t\t\t<span class=\"fetched\" style=\"background-image:  url('http:\/\/etcdn.net\/thumbnails\/30796\/it-reykjavik-viaggio-fly-drive-delle-balene-2016-noleggio-auto-e-9-notti-5a321.jpg');\" title=\"Viaggio Fly &amp; Drive delle Balene: Noleggio auto e 9 notti\"><\/span><amp-img width=\"225\" height=\"225\" src=\"http:\/\/etcdn.net\/thumbnails\/30796\/it-reykjavik-viaggio-fly-drive-delle-balene-2016-noleggio-auto-e-9-notti-5a321.jpg\">\t\t\t\t\t\t<\/a>\n\t\t\t\t\t<\/div>\n\t\t\t\t\t\t\t\t<div class=\"rss_content_wrap\">\n\t\t\t\t\t<span class=\"title\">\n\t\t\t\t\t\t<a href=\"https:\/\/islanda.evolutiontravel.it\/it_IT\/908\/tab\/30796_viaggio-fly-drive-delle-balene-noleggio-auto-e-9-notti.html\" target=\"_blank\"  rel=\"noopener \">\n\t\t\t\t\t\t\tViaggio Fly &amp; Drive delle Balene: Noleggio auto e 9 notti\t\t\t\t\t\t<\/a>\n\t\t\t\t\t<\/span>\n\t\t\t\t\t<div class=\"rss_content\"\n\t\t\t\t\t\t\tstyle=\"\">\n\t\t\t\t\t\t\n\t\t\t\t\t\t\t\t\t\t\t\t<p class=\"description\">In\u00a010 giorni e 9 notti\u00a0esplorerete le meraviglie naturali dell'Islanda, un viaggio fly and drive all'insegna della libert\u00e0 e [&hellip;]<\/p>\n\t\t\t\t\t\t\n\t\t\t\t\t\t\t\t\t\t\t\t\t\t\t\t\t\t\t<div class=\"price-wrap\">\n\t\t\t\t\t\t\t\t<a href=\"https:\/\/islanda.evolutiontravel.it\/it_IT\/908\/tab\/30796_viaggio-fly-drive-delle-balene-noleggio-auto-e-9-notti.html\" target=\"_blank\" rel=\"noopener\"><button class=\"price\"> 2200<\/button><\/a>\n\t\t\t\t\t\t\t<\/div>\n\t\t\t\t\t\t\t\t\t\t\t<\/div>\n\t\t\t\t<\/div>\n\t\t\t<\/li>\n\t\t\t\t\t\t<li  style=\"padding: 23px 0 38px\" class=\"rss_item feedzy-rss-col-3\" >\n\t\t\t\t\t\t\t\t\t<div class=\"rss_image\" style=\"width:225px; height:225px;\">\n\t\t\t\t\t\t<a href=\"https:\/\/islanda.evolutiontravel.it\/it_IT\/908\/tab\/32692_meravigliose-aurore-boreali-in-4x4-viaggio-fly-drive-invernale.html\" target=\"_blank\" \n\t\t\t\t\t\t\trel=\"noopener \"\n\t\t\t\t\t\t\ttitle=\"Meravigliose Aurore Boreali in 4x4 - Viaggio Fly &amp; Drive Invernale\"\n\t\t\t\t\t\t\tstyle=\"width:225px; height:225px;\">\n\t\t\t\t\t\t\t<span class=\"fetched\" style=\"background-image:  url('http:\/\/etcdn.net\/thumbnails\/32692\/it-reykjavik-meravigliose-aurore-boreali-in-4x4-viaggio-fly-drive-invernale-4d085.jpg');\" title=\"Meravigliose Aurore Boreali in 4x4 - Viaggio Fly &amp; Drive Invernale\"><\/span><amp-img width=\"225\" height=\"225\" src=\"http:\/\/etcdn.net\/thumbnails\/32692\/it-reykjavik-meravigliose-aurore-boreali-in-4x4-viaggio-fly-drive-invernale-4d085.jpg\">\t\t\t\t\t\t<\/a>\n\t\t\t\t\t<\/div>\n\t\t\t\t\t\t\t\t<div class=\"rss_content_wrap\">\n\t\t\t\t\t<span class=\"title\">\n\t\t\t\t\t\t<a href=\"https:\/\/islanda.evolutiontravel.it\/it_IT\/908\/tab\/32692_meravigliose-aurore-boreali-in-4x4-viaggio-fly-drive-invernale.html\" target=\"_blank\"  rel=\"noopener \">\n\t\t\t\t\t\t\tMeravigliose Aurore Boreali in 4x4 - Viaggio Fly &amp; Drive Invernale\t\t\t\t\t\t<\/a>\n\t\t\t\t\t<\/span>\n\t\t\t\t\t<div class=\"rss_content\"\n\t\t\t\t\t\t\tstyle=\"\">\n\t\t\t\t\t\t\n\t\t\t\t\t\t\t\t\t\t\t\t<p class=\"description\">L'Ovest e il Sud dell'Islanda mostrano un'incredibile variet\u00e0 di paesaggi contrastanti facilmente esplorabili in un'avventura di [&hellip;]<\/p>\n\t\t\t\t\t\t\n\t\t\t\t\t\t\t\t\t\t\t\t\t\t\t\t\t\t\t<div class=\"price-wrap\">\n\t\t\t\t\t\t\t\t<a href=\"https:\/\/islanda.evolutiontravel.it\/it_IT\/908\/tab\/32692_meravigliose-aurore-boreali-in-4x4-viaggio-fly-drive-invernale.html\" target=\"_blank\" rel=\"noopener\"><button class=\"price\"> 1290<\/button><\/a>\n\t\t\t\t\t\t\t<\/div>\n\t\t\t\t\t\t\t\t\t\t\t<\/div>\n\t\t\t\t<\/div>\n\t\t\t<\/li>\n\t\t\t\t\t\t<li  style=\"padding: 23px 0 38px\" class=\"rss_item feedzy-rss-col-3\" >\n\t\t\t\t\t\t\t\t\t<div class=\"rss_image\" style=\"width:225px; height:225px;\">\n\t\t\t\t\t\t<a href=\"https:\/\/islanda.evolutiontravel.it\/it_IT\/908\/tab\/24926_viaggio-tour-di-gruppo-4x4-altopiani-meravigliosi-piccolo-gruppo.html\" target=\"_blank\" \n\t\t\t\t\t\t\trel=\"noopener \"\n\t\t\t\t\t\t\ttitle=\"Viaggio Tour di Gruppo 4x4: Altopiani meravigliosi - Piccolo Gruppo\"\n\t\t\t\t\t\t\tstyle=\"width:225px; height:225px;\">\n\t\t\t\t\t\t\t<span class=\"fetched\" style=\"background-image:  url('http:\/\/etcdn.net\/thumbnails\/24926\/it-reykjavik-altopiani-meravigliosi-5a6b1.jpg');\" title=\"Viaggio Tour di Gruppo 4x4: Altopiani meravigliosi - Piccolo Gruppo\"><\/span><amp-img width=\"225\" height=\"225\" src=\"http:\/\/etcdn.net\/thumbnails\/24926\/it-reykjavik-altopiani-meravigliosi-5a6b1.jpg\">\t\t\t\t\t\t<\/a>\n\t\t\t\t\t<\/div>\n\t\t\t\t\t\t\t\t<div class=\"rss_content_wrap\">\n\t\t\t\t\t<span class=\"title\">\n\t\t\t\t\t\t<a href=\"https:\/\/islanda.evolutiontravel.it\/it_IT\/908\/tab\/24926_viaggio-tour-di-gruppo-4x4-altopiani-meravigliosi-piccolo-gruppo.html\" target=\"_blank\"  rel=\"noopener \">\n\t\t\t\t\t\t\tViaggio Tour di Gruppo 4x4: Altopiani meravigliosi - Piccolo Gruppo\t\t\t\t\t\t<\/a>\n\t\t\t\t\t<\/span>\n\t\t\t\t\t<div class=\"rss_content\"\n\t\t\t\t\t\t\tstyle=\"\">\n\t\t\t\t\t\t\n\t\t\t\t\t\t\t\t\t\t\t\t<p class=\"description\">Il miglior modo per visitare l\u2019Islanda \u00e8 passeggiare senza fretta alla scoperta di una natura estrema e primordiale, magari [&hellip;]<\/p>\n\t\t\t\t\t\t\n\t\t\t\t\t\t\t\t\t\t\t\t\t\t\t\t\t\t\t<div class=\"price-wrap\">\n\t\t\t\t\t\t\t\t<a href=\"https:\/\/islanda.evolutiontravel.it\/it_IT\/908\/tab\/24926_viaggio-tour-di-gruppo-4x4-altopiani-meravigliosi-piccolo-gruppo.html\" target=\"_blank\" rel=\"noopener\"><button class=\"price\"> 4550<\/button><\/a>\n\t\t\t\t\t\t\t<\/div>\n\t\t\t\t\t\t\t\t\t\t\t<\/div>\n\t\t\t\t<\/div>\n\t\t\t<\/li>\n\t\t\t\t\t\t<li  style=\"padding: 23px 0 38px\" class=\"rss_item feedzy-rss-col-3\" >\n\t\t\t\t\t\t\t\t\t<div class=\"rss_image\" style=\"width:225px; height:225px;\">\n\t\t\t\t\t\t<a href=\"https:\/\/islanda.evolutiontravel.it\/it_IT\/908\/tab\/36105_weekend-lungo-a-caccia-dellaurora-boreale.html\" target=\"_blank\" \n\t\t\t\t\t\t\trel=\"noopener \"\n\t\t\t\t\t\t\ttitle=\"Weekend lungo a caccia dell&#039;Aurora Boreale\"\n\t\t\t\t\t\t\tstyle=\"width:225px; height:225px;\">\n\t\t\t\t\t\t\t<span class=\"fetched\" style=\"background-image:  url('http:\/\/etcdn.net\/thumbnails\/36105\/it-reykjavik-weekend-lungo-a-caccia-dellaurora-boreale-62503.jpg');\" title=\"Weekend lungo a caccia dell&#039;Aurora Boreale\"><\/span><amp-img width=\"225\" height=\"225\" src=\"http:\/\/etcdn.net\/thumbnails\/36105\/it-reykjavik-weekend-lungo-a-caccia-dellaurora-boreale-62503.jpg\">\t\t\t\t\t\t<\/a>\n\t\t\t\t\t<\/div>\n\t\t\t\t\t\t\t\t<div class=\"rss_content_wrap\">\n\t\t\t\t\t<span class=\"title\">\n\t\t\t\t\t\t<a href=\"https:\/\/islanda.evolutiontravel.it\/it_IT\/908\/tab\/36105_weekend-lungo-a-caccia-dellaurora-boreale.html\" target=\"_blank\"  rel=\"noopener \">\n\t\t\t\t\t\t\tWeekend lungo a caccia dell'Aurora Boreale\t\t\t\t\t\t<\/a>\n\t\t\t\t\t<\/span>\n\t\t\t\t\t<div class=\"rss_content\"\n\t\t\t\t\t\t\tstyle=\"\">\n\t\t\t\t\t\t\n\t\t\t\t\t\t\t\t\t\t\t\t<p class=\"description\">Reykjav\u00edk \u00e8 perfetta per una breve vacanza. Scoprite la vita culturale della vibrante e attiva capitale d\u2018Islanda\u00a0con questo [&hellip;]<\/p>\n\t\t\t\t\t\t\n\t\t\t\t\t\t\t\t\t\t\t\t\t\t\t\t\t\t\t<div class=\"price-wrap\">\n\t\t\t\t\t\t\t\t<a href=\"https:\/\/islanda.evolutiontravel.it\/it_IT\/908\/tab\/36105_weekend-lungo-a-caccia-dellaurora-boreale.html\" target=\"_blank\" rel=\"noopener\"><button class=\"price\"> 790<\/button><\/a>\n\t\t\t\t\t\t\t<\/div>\n\t\t\t\t\t\t\t\t\t\t\t<\/div>\n\t\t\t\t<\/div>\n\t\t\t<\/li>\n\t\t\t\t<\/ul>\n<\/div>\n<style type=\"text\/css\" media=\"all\">.feedzy-rss .rss_item .rss_image{float:left;position:relative;border:none;text-decoration:none;max-width:100%}.feedzy-rss .rss_item .rss_image span{display:inline-block;position:absolute;width:100%;height:100%;background-position:50%;background-size:cover}.feedzy-rss .rss_item .rss_image{margin:.3em 1em 0 0;content-visibility:auto}.feedzy-rss ul{list-style:none}.feedzy-rss ul li{display:inline-block}<\/style>\n","protected":false},"excerpt":{"rendered":"<p>A Hofn ecco il Vatnajokull National Park con il famoso ghiacciaio Vatnajokull, il pi\u00f9 grande d\u2019Europa, attrazione naturalistica utilizzata anche per molti film come \u201cLara Croft: Tomb Raider\u201d, \u201cBatman Begins\u201d e due episodi della saga di James Bond. Una graziosa cittadina di pescatori,\u00a0il cui nome significa \u201cporto\u201d, situata vicino al fiordo Hornafj\u00f6r\u00f0ur e a meno <a class=\"moretag\" href=\"https:\/\/islanda.evolutiontravel.it\/infovacanze\/dove-andare\/hofn\/\">[&#8230;]<\/a><\/p>\n","protected":false},"author":6,"featured_media":0,"parent":108,"menu_order":0,"comment_status":"closed","ping_status":"open","template":"templates\/template-with-right-sidebar.php","meta":{"footnotes":""},"yoast_head":"<!-- This site is optimized with the Yoast SEO plugin v21.9.1 - https:\/\/yoast.com\/wordpress\/plugins\/seo\/ -->\n<title>Ghiacciaio Vatnajokull e Hofn: escursioni in Islanda tra fuoco e ghiaccio<\/title>\n<meta name=\"description\" content=\"Scopri con noi Hofn e il ghiacciaio, pittoresca cittadina islandese: leggi il nostro articolo e parti per l&#039;Islanda grazie alle nostre offerte!\" \/>\n<meta name=\"robots\" content=\"index, follow, max-snippet:-1, max-image-preview:large, max-video-preview:-1\" \/>\n<link rel=\"canonical\" href=\"https:\/\/islanda.evolutiontravel.it\/infovacanze\/dove-andare\/hofn\/\" \/>\n<meta property=\"og:locale\" content=\"it_IT\" \/>\n<meta property=\"og:type\" content=\"article\" \/>\n<meta property=\"og:title\" content=\"Ghiacciaio Vatnajokull e Hofn: escursioni in Islanda tra fuoco e ghiaccio\" \/>\n<meta property=\"og:description\" content=\"Scopri con noi Hofn e il ghiacciaio, pittoresca cittadina islandese: leggi il nostro articolo e parti per l&#039;Islanda grazie alle nostre offerte!\" \/>\n<meta property=\"og:url\" content=\"https:\/\/islanda.evolutiontravel.it\/infovacanze\/dove-andare\/hofn\/\" \/>\n<meta property=\"og:site_name\" content=\"Islanda\" \/>\n<meta property=\"article:modified_time\" content=\"2018-05-02T10:27:29+00:00\" \/>\n<meta property=\"og:image\" content=\"http:\/\/islanda.evolutiontravel.it\/infovacanze\/wp-content\/uploads\/sites\/21\/2014\/06\/Hofn-300x142.jpg\" \/>\n<meta name=\"twitter:label1\" content=\"Tempo di lettura stimato\" \/>\n\t<meta name=\"twitter:data1\" content=\"1 minuto\" \/>\n<script type=\"application\/ld+json\" class=\"yoast-schema-graph\">{\"@context\":\"https:\/\/schema.org\",\"@graph\":[{\"@type\":\"WebPage\",\"@id\":\"https:\/\/islanda.evolutiontravel.it\/infovacanze\/dove-andare\/hofn\/\",\"url\":\"https:\/\/islanda.evolutiontravel.it\/infovacanze\/dove-andare\/hofn\/\",\"name\":\"Ghiacciaio Vatnajokull e Hofn: escursioni in Islanda tra fuoco e ghiaccio\",\"isPartOf\":{\"@id\":\"https:\/\/islanda.evolutiontravel.it\/infovacanze\/#website\"},\"datePublished\":\"2014-06-13T14:03:37+00:00\",\"dateModified\":\"2018-05-02T10:27:29+00:00\",\"description\":\"Scopri con noi Hofn e il ghiacciaio, pittoresca cittadina islandese: leggi il nostro articolo e parti per l'Islanda grazie alle nostre offerte!\",\"breadcrumb\":{\"@id\":\"https:\/\/islanda.evolutiontravel.it\/infovacanze\/dove-andare\/hofn\/#breadcrumb\"},\"inLanguage\":\"it-IT\",\"potentialAction\":[{\"@type\":\"ReadAction\",\"target\":[\"https:\/\/islanda.evolutiontravel.it\/infovacanze\/dove-andare\/hofn\/\"]}]},{\"@type\":\"BreadcrumbList\",\"@id\":\"https:\/\/islanda.evolutiontravel.it\/infovacanze\/dove-andare\/hofn\/#breadcrumb\",\"itemListElement\":[{\"@type\":\"ListItem\",\"position\":1,\"name\":\"Luoghi da vedere in Islanda\",\"item\":\"https:\/\/islanda.evolutiontravel.it\/infovacanze\/dove-andare\/\"},{\"@type\":\"ListItem\",\"position\":2,\"name\":\"Hofn e il ghiacciaio Vatnajokull\"}]},{\"@type\":\"WebSite\",\"@id\":\"https:\/\/islanda.evolutiontravel.it\/infovacanze\/#website\",\"url\":\"https:\/\/islanda.evolutiontravel.it\/infovacanze\/\",\"name\":\"Islanda\",\"description\":\"\",\"potentialAction\":[{\"@type\":\"SearchAction\",\"target\":{\"@type\":\"EntryPoint\",\"urlTemplate\":\"https:\/\/islanda.evolutiontravel.it\/infovacanze\/?s={search_term_string}\"},\"query-input\":\"required name=search_term_string\"}],\"inLanguage\":\"it-IT\"}]}<\/script>\n<!-- \/ Yoast SEO plugin. -->","yoast_head_json":{"title":"Ghiacciaio Vatnajokull e Hofn: escursioni in Islanda tra fuoco e ghiaccio","description":"Scopri con noi Hofn e il ghiacciaio, pittoresca cittadina islandese: leggi il nostro articolo e parti per l'Islanda grazie alle nostre offerte!","robots":{"index":"index","follow":"follow","max-snippet":"max-snippet:-1","max-image-preview":"max-image-preview:large","max-video-preview":"max-video-preview:-1"},"canonical":"https:\/\/islanda.evolutiontravel.it\/infovacanze\/dove-andare\/hofn\/","og_locale":"it_IT","og_type":"article","og_title":"Ghiacciaio Vatnajokull e Hofn: escursioni in Islanda tra fuoco e ghiaccio","og_description":"Scopri con noi Hofn e il ghiacciaio, pittoresca cittadina islandese: leggi il nostro articolo e parti per l'Islanda grazie alle nostre offerte!","og_url":"https:\/\/islanda.evolutiontravel.it\/infovacanze\/dove-andare\/hofn\/","og_site_name":"Islanda","article_modified_time":"2018-05-02T10:27:29+00:00","og_image":[{"url":"http:\/\/islanda.evolutiontravel.it\/infovacanze\/wp-content\/uploads\/sites\/21\/2014\/06\/Hofn-300x142.jpg"}],"twitter_misc":{"Tempo di lettura stimato":"1 minuto"},"schema":{"@context":"https:\/\/schema.org","@graph":[{"@type":"WebPage","@id":"https:\/\/islanda.evolutiontravel.it\/infovacanze\/dove-andare\/hofn\/","url":"https:\/\/islanda.evolutiontravel.it\/infovacanze\/dove-andare\/hofn\/","name":"Ghiacciaio Vatnajokull e Hofn: escursioni in Islanda tra fuoco e ghiaccio","isPartOf":{"@id":"https:\/\/islanda.evolutiontravel.it\/infovacanze\/#website"},"datePublished":"2014-06-13T14:03:37+00:00","dateModified":"2018-05-02T10:27:29+00:00","description":"Scopri con noi Hofn e il ghiacciaio, pittoresca cittadina islandese: leggi il nostro articolo e parti per l'Islanda grazie alle nostre offerte!","breadcrumb":{"@id":"https:\/\/islanda.evolutiontravel.it\/infovacanze\/dove-andare\/hofn\/#breadcrumb"},"inLanguage":"it-IT","potentialAction":[{"@type":"ReadAction","target":["https:\/\/islanda.evolutiontravel.it\/infovacanze\/dove-andare\/hofn\/"]}]},{"@type":"BreadcrumbList","@id":"https:\/\/islanda.evolutiontravel.it\/infovacanze\/dove-andare\/hofn\/#breadcrumb","itemListElement":[{"@type":"ListItem","position":1,"name":"Luoghi da vedere in Islanda","item":"https:\/\/islanda.evolutiontravel.it\/infovacanze\/dove-andare\/"},{"@type":"ListItem","position":2,"name":"Hofn e il ghiacciaio Vatnajokull"}]},{"@type":"WebSite","@id":"https:\/\/islanda.evolutiontravel.it\/infovacanze\/#website","url":"https:\/\/islanda.evolutiontravel.it\/infovacanze\/","name":"Islanda","description":"","potentialAction":[{"@type":"SearchAction","target":{"@type":"EntryPoint","urlTemplate":"https:\/\/islanda.evolutiontravel.it\/infovacanze\/?s={search_term_string}"},"query-input":"required name=search_term_string"}],"inLanguage":"it-IT"}]}},"_links":{"self":[{"href":"https:\/\/islanda.evolutiontravel.it\/infovacanze\/wp-json\/wp\/v2\/pages\/126"}],"collection":[{"href":"https:\/\/islanda.evolutiontravel.it\/infovacanze\/wp-json\/wp\/v2\/pages"}],"about":[{"href":"https:\/\/islanda.evolutiontravel.it\/infovacanze\/wp-json\/wp\/v2\/types\/page"}],"author":[{"embeddable":true,"href":"https:\/\/islanda.evolutiontravel.it\/infovacanze\/wp-json\/wp\/v2\/users\/6"}],"replies":[{"embeddable":true,"href":"https:\/\/islanda.evolutiontravel.it\/infovacanze\/wp-json\/wp\/v2\/comments?post=126"}],"version-history":[{"count":6,"href":"https:\/\/islanda.evolutiontravel.it\/infovacanze\/wp-json\/wp\/v2\/pages\/126\/revisions"}],"predecessor-version":[{"id":561,"href":"https:\/\/islanda.evolutiontravel.it\/infovacanze\/wp-json\/wp\/v2\/pages\/126\/revisions\/561"}],"up":[{"embeddable":true,"href":"https:\/\/islanda.evolutiontravel.it\/infovacanze\/wp-json\/wp\/v2\/pages\/108"}],"wp:attachment":[{"href":"https:\/\/islanda.evolutiontravel.it\/infovacanze\/wp-json\/wp\/v2\/media?parent=126"}],"curies":[{"name":"wp","href":"https:\/\/api.w.org\/{rel}","templated":true}]}}