{"id":118,"date":"2014-06-13T15:56:20","date_gmt":"2014-06-13T13:56:20","guid":{"rendered":"http:\/\/islanda.evolutiontravel.it\/infovacanze\/?page_id=118"},"modified":"2018-04-30T11:26:29","modified_gmt":"2018-04-30T09:26:29","slug":"circolo-doro","status":"publish","type":"page","link":"https:\/\/islanda.evolutiontravel.it\/infovacanze\/dove-andare\/circolo-doro\/","title":{"rendered":"Cerchio d&#8217;Oro d&#8217;Islanda"},"content":{"rendered":"<p>Il <strong>tour dell&#8217;Islanda<\/strong> chiamto &#8220;<em><strong>Cerchio d&#8217;Oro<\/strong><\/em>&#8221; vi consente di vedere in un unico giorno alcune delle attrazioni pi\u00f9 famose di questa isola: <strong>Gullfoss<\/strong>, <strong>Geysir<\/strong> e<strong> Thingvellir.<\/strong><\/p>\n<p>Il &#8220;giro ad anello&#8221; (ecco perch\u00e8 &#8220;cerchio&#8221;) <strong>inizia dalla capitale Reykjavik<\/strong> e la prima tappa \u00e8<strong> Thingvellir, Patrimonio dell\u2019Umanit\u00e0, con il suo Parco nazionale<\/strong>.<\/p>\n<p>Questo parco \u00e8 famoso per la sua attivit\u00e0 vulcanica e per la sua speciale tettonica caratterizzata da faglie e gole come l\u2019<strong>Almannagj\u00e1, il pi\u00f9 grande canyon<\/strong>. Si tratta di un luogo molto importante a livello storico perch\u00e9 qui venne fondato uno dei primi parlamenti del mondo e dichiarata l\u2019indipendenza dell\u2019isola.<\/p>\n<p>Altra tappa \u00e8 la <strong>Cascata d\u2019oro, Gullfoss<\/strong>, la pi\u00f9 famosa d\u2019Islanda che dal 1975 \u00e8 <strong>Riserva naturale<\/strong>, alimentata dal fiume Hv\u00edt\u00e1 che con un salto di circa 30 metri d\u00e0 vita a due cascate dalla portata media di circa 100 metri. Conosciuta come la regina di tutte le cascate islandesi, Gullfoss \u00e8 una delle attrazioni naturalistiche pi\u00f9 visitate in Islanda, grazie anche ai <strong>giochi di luce<\/strong> creati dal suo doppio salto. L\u2019acqua nebulizzata crea vapori tutto intorno aiutando la formazione di affascinanti arcobaleni.<\/p>\n<div id=\"attachment_358\" style=\"width: 240px\" class=\"wp-caption alignright\"><img loading=\"lazy\" decoding=\"async\" aria-describedby=\"caption-attachment-358\" class=\"wp-image-358 \" src=\"http:\/\/islanda.evolutiontravel.it\/infovacanze\/wp-content\/uploads\/sites\/21\/2014\/06\/circolo-oro-islanda-300x201.jpg\" alt=\"Circolo d'Oro\" width=\"230\" height=\"154\" srcset=\"https:\/\/islanda.evolutiontravel.it\/infovacanze\/wp-content\/uploads\/sites\/21\/2014\/06\/circolo-oro-islanda-300x201.jpg 300w, https:\/\/islanda.evolutiontravel.it\/infovacanze\/wp-content\/uploads\/sites\/21\/2014\/06\/circolo-oro-islanda.jpg 400w\" sizes=\"(max-width: 230px) 100vw, 230px\" \/><p id=\"caption-attachment-358\" class=\"wp-caption-text\">Una tappa del Circolo d&#8217;Oro: Geysir<\/p><\/div>\n<p>Ed ecco la terza sosta di questo tour: <strong>Geysir, nella valle di Haukadalur<\/strong>. Si tratta del <strong>geyser pi\u00f9 antico del mondo<\/strong> ed \u00e8 proprio da qui che deriva il nome delle particolari sorgenti d\u2019acqua. Attivo da circa 10000 anni, pu\u00f2 arrivare anche ad un\u2019altezza di<strong> 60 metri<\/strong>, \u00e8 quindi anche uno dei pi\u00f9 alti del mondo.<\/p>\n<p>Qui potrete vedere anche un altro geyser, lo <strong>Strokkur<\/strong>, le cui eruzioni avvengono circa ogni 5 minuti con colonne d\u2019acqua che possono arrivare anche a 30 metri.<\/p>\n<p>Per <strong>approfondire altri argomenti <\/strong>trattati in questo articolo dedicato al Cerchio d&#8217;Oro clicca su quello di tuo interesse; oppure dai subito un&#8217;occhiata alle nostre <strong><span style=\"color: #008000\">IMPERDIBILI OFFERTE!<\/span><\/strong><\/p>\n<ul>\n<li><a href=\"https:\/\/islanda.evolutiontravel.it\/infovacanze\/dove-andare\/islanda-geyser\/\">Geyser<\/a><\/li>\n<li><a title=\"Reykjav\u00edk\" href=\"https:\/\/islanda.evolutiontravel.it\/infovacanze\/dove-andare\/reykjavik\/\">Reykjav\u00edk<\/a><\/li>\n<li><a title=\"geyser islandesi\" href=\"https:\/\/islanda.evolutiontravel.it\/infovacanze\/dove-andare\/islanda-geyser\/\">Islanda, patria dei geyser<\/a><\/li>\n<li><a title=\"escursioni Islanda\" href=\"https:\/\/islanda.evolutiontravel.it\/infovacanze\/islanda-viaggi\/islanda-escursioni\/\">Escursioni in Islanda, tra ghiacciai e vulcani<\/a><\/li>\n<\/ul>\n<h3 style=\"text-align: center\">&#8220;<span style=\"color: #008000\">SPECIALE ISLANDA<\/span>&#8221; con Evolution Travel<\/h3>\n<p style=\"text-align: center\"><strong>In un solo click scopri tutte le nostre migliori offerte per l&#8217;Islanda<\/strong><\/p>\n<p style=\"text-align: center\"><strong><span style=\"color: #008000\">CLICCA E SCOPRI<\/span><\/strong>: <strong>programma<\/strong> viaggio,<strong> itinerari<\/strong>, <strong>foto<\/strong>, <strong>commenti<\/strong> e <strong>recensioni<\/strong>!<\/p>\n<div class=\"feedzy-cb02d0c3d47368aaec769c5619347ffe feedzy-rss\">\n\t\t<ul class=\"feedzy-style2\">\n\t\t\t\t\t<li  style=\"padding: 23px 0 38px\" class=\"rss_item feedzy-rss-col-3\" >\n\t\t\t\t\t\t\t\t\t<div class=\"rss_image\" style=\"width:225px; height:225px;\">\n\t\t\t\t\t\t<a href=\"https:\/\/islanda.evolutiontravel.it\/it_IT\/908\/tab\/39162_tour-di-gruppo-classico-in-italiano.html\" target=\"_blank\" \n\t\t\t\t\t\t\trel=\"noopener \"\n\t\t\t\t\t\t\ttitle=\"Tour di Gruppo Classico in italiano\"\n\t\t\t\t\t\t\tstyle=\"width:225px; height:225px;\">\n\t\t\t\t\t\t\t<span class=\"fetched\" style=\"background-image:  url('http:\/\/etcdn.net\/thumbnails\/39162\/it-reykjavik-tour-di-gruppo-classico-in-italiano-7998b.jpg');\" title=\"Tour di Gruppo Classico in italiano\"><\/span><amp-img width=\"225\" height=\"225\" src=\"http:\/\/etcdn.net\/thumbnails\/39162\/it-reykjavik-tour-di-gruppo-classico-in-italiano-7998b.jpg\">\t\t\t\t\t\t<\/a>\n\t\t\t\t\t<\/div>\n\t\t\t\t\t\t\t\t<div class=\"rss_content_wrap\">\n\t\t\t\t\t<span class=\"title\">\n\t\t\t\t\t\t<a href=\"https:\/\/islanda.evolutiontravel.it\/it_IT\/908\/tab\/39162_tour-di-gruppo-classico-in-italiano.html\" target=\"_blank\"  rel=\"noopener \">\n\t\t\t\t\t\t\tTour di Gruppo Classico in italiano\t\t\t\t\t\t<\/a>\n\t\t\t\t\t<\/span>\n\t\t\t\t\t<div class=\"rss_content\"\n\t\t\t\t\t\t\tstyle=\"\">\n\t\t\t\t\t\t\n\t\t\t\t\t\t\t\t\t\t\t\t<p class=\"description\">Il classico dei classici: un tour di gruppo con guida in italiano, che si sviluppa lungo la mitica Ring Road n. 1 per portarvi a [&hellip;]<\/p>\n\t\t\t\t\t\t\n\t\t\t\t\t\t\t\t\t\t\t\t\t\t\t\t\t\t\t<div class=\"price-wrap\">\n\t\t\t\t\t\t\t\t<a href=\"https:\/\/islanda.evolutiontravel.it\/it_IT\/908\/tab\/39162_tour-di-gruppo-classico-in-italiano.html\" target=\"_blank\" rel=\"noopener\"><button class=\"price\"> 3100<\/button><\/a>\n\t\t\t\t\t\t\t<\/div>\n\t\t\t\t\t\t\t\t\t\t\t<\/div>\n\t\t\t\t<\/div>\n\t\t\t<\/li>\n\t\t\t\t\t\t<li  style=\"padding: 23px 0 38px\" class=\"rss_item feedzy-rss-col-3\" >\n\t\t\t\t\t\t\t\t\t<div class=\"rss_image\" style=\"width:225px; height:225px;\">\n\t\t\t\t\t\t<a href=\"https:\/\/islanda.evolutiontravel.it\/it_IT\/908\/tab\/34764_avventura-fuoristrada-in-auto-4x4-nel-cuore-islandese-lungo-la-pista-del-kjolur.html\" target=\"_blank\" \n\t\t\t\t\t\t\trel=\"noopener \"\n\t\t\t\t\t\t\ttitle=\"Avventura Fuoristrada: in auto 4x4 nel cuore islandese, lungo la pista del Kjolur\"\n\t\t\t\t\t\t\tstyle=\"width:225px; height:225px;\">\n\t\t\t\t\t\t\t<span class=\"fetched\" style=\"background-image:  url('http:\/\/etcdn.net\/thumbnails\/34764\/it-reykjavik-avventura-fuoristrada-7-notti-e-noleggio-4x4-5a323.jpg');\" title=\"Avventura Fuoristrada: in auto 4x4 nel cuore islandese, lungo la pista del Kjolur\"><\/span><amp-img width=\"225\" height=\"225\" src=\"http:\/\/etcdn.net\/thumbnails\/34764\/it-reykjavik-avventura-fuoristrada-7-notti-e-noleggio-4x4-5a323.jpg\">\t\t\t\t\t\t<\/a>\n\t\t\t\t\t<\/div>\n\t\t\t\t\t\t\t\t<div class=\"rss_content_wrap\">\n\t\t\t\t\t<span class=\"title\">\n\t\t\t\t\t\t<a href=\"https:\/\/islanda.evolutiontravel.it\/it_IT\/908\/tab\/34764_avventura-fuoristrada-in-auto-4x4-nel-cuore-islandese-lungo-la-pista-del-kjolur.html\" target=\"_blank\"  rel=\"noopener \">\n\t\t\t\t\t\t\tAvventura Fuoristrada: in auto 4x4 nel cuore islandese, lungo la pista del Kjolur\t\t\t\t\t\t<\/a>\n\t\t\t\t\t<\/span>\n\t\t\t\t\t<div class=\"rss_content\"\n\t\t\t\t\t\t\tstyle=\"\">\n\t\t\t\t\t\t\n\t\t\t\t\t\t\t\t\t\t\t\t<p class=\"description\">L'itinerario\u00a0pi\u00f9 classico\u00a0per un viaggio in Islanda pu\u00f2 diventare un fly &amp; drive in Islanda all'insegna dell'avventura [&hellip;]<\/p>\n\t\t\t\t\t\t\n\t\t\t\t\t\t\t\t\t\t\t\t\t\t\t\t\t\t\t<div class=\"price-wrap\">\n\t\t\t\t\t\t\t\t<a href=\"https:\/\/islanda.evolutiontravel.it\/it_IT\/908\/tab\/34764_avventura-fuoristrada-in-auto-4x4-nel-cuore-islandese-lungo-la-pista-del-kjolur.html\" target=\"_blank\" rel=\"noopener\"><button class=\"price\"> 2190<\/button><\/a>\n\t\t\t\t\t\t\t<\/div>\n\t\t\t\t\t\t\t\t\t\t\t<\/div>\n\t\t\t\t<\/div>\n\t\t\t<\/li>\n\t\t\t\t\t\t<li  style=\"padding: 23px 0 38px\" class=\"rss_item feedzy-rss-col-3\" >\n\t\t\t\t\t\t\t\t\t<div class=\"rss_image\" style=\"width:225px; height:225px;\">\n\t\t\t\t\t\t<a href=\"https:\/\/islanda.evolutiontravel.it\/it_IT\/908\/tab\/30796_viaggio-fly-drive-delle-balene-noleggio-auto-e-9-notti.html\" target=\"_blank\" \n\t\t\t\t\t\t\trel=\"noopener \"\n\t\t\t\t\t\t\ttitle=\"Viaggio Fly &amp; Drive delle Balene: Noleggio auto e 9 notti\"\n\t\t\t\t\t\t\tstyle=\"width:225px; height:225px;\">\n\t\t\t\t\t\t\t<span class=\"fetched\" style=\"background-image:  url('http:\/\/etcdn.net\/thumbnails\/30796\/it-reykjavik-viaggio-fly-drive-delle-balene-2016-noleggio-auto-e-9-notti-5a321.jpg');\" title=\"Viaggio Fly &amp; Drive delle Balene: Noleggio auto e 9 notti\"><\/span><amp-img width=\"225\" height=\"225\" src=\"http:\/\/etcdn.net\/thumbnails\/30796\/it-reykjavik-viaggio-fly-drive-delle-balene-2016-noleggio-auto-e-9-notti-5a321.jpg\">\t\t\t\t\t\t<\/a>\n\t\t\t\t\t<\/div>\n\t\t\t\t\t\t\t\t<div class=\"rss_content_wrap\">\n\t\t\t\t\t<span class=\"title\">\n\t\t\t\t\t\t<a href=\"https:\/\/islanda.evolutiontravel.it\/it_IT\/908\/tab\/30796_viaggio-fly-drive-delle-balene-noleggio-auto-e-9-notti.html\" target=\"_blank\"  rel=\"noopener \">\n\t\t\t\t\t\t\tViaggio Fly &amp; Drive delle Balene: Noleggio auto e 9 notti\t\t\t\t\t\t<\/a>\n\t\t\t\t\t<\/span>\n\t\t\t\t\t<div class=\"rss_content\"\n\t\t\t\t\t\t\tstyle=\"\">\n\t\t\t\t\t\t\n\t\t\t\t\t\t\t\t\t\t\t\t<p class=\"description\">In\u00a010 giorni e 9 notti\u00a0esplorerete le meraviglie naturali dell'Islanda, un viaggio fly and drive all'insegna della libert\u00e0 e [&hellip;]<\/p>\n\t\t\t\t\t\t\n\t\t\t\t\t\t\t\t\t\t\t\t\t\t\t\t\t\t\t<div class=\"price-wrap\">\n\t\t\t\t\t\t\t\t<a href=\"https:\/\/islanda.evolutiontravel.it\/it_IT\/908\/tab\/30796_viaggio-fly-drive-delle-balene-noleggio-auto-e-9-notti.html\" target=\"_blank\" rel=\"noopener\"><button class=\"price\"> 2200<\/button><\/a>\n\t\t\t\t\t\t\t<\/div>\n\t\t\t\t\t\t\t\t\t\t\t<\/div>\n\t\t\t\t<\/div>\n\t\t\t<\/li>\n\t\t\t\t\t\t<li  style=\"padding: 23px 0 38px\" class=\"rss_item feedzy-rss-col-3\" >\n\t\t\t\t\t\t\t\t\t<div class=\"rss_image\" style=\"width:225px; height:225px;\">\n\t\t\t\t\t\t<a href=\"https:\/\/islanda.evolutiontravel.it\/it_IT\/908\/tab\/35174_luci-del-nord-tour-guidato-in-italiano.html\" target=\"_blank\" \n\t\t\t\t\t\t\trel=\"noopener \"\n\t\t\t\t\t\t\ttitle=\"Luci del Nord - Tour Guidato in italiano\"\n\t\t\t\t\t\t\tstyle=\"width:225px; height:225px;\">\n\t\t\t\t\t\t\t<span class=\"fetched\" style=\"background-image:  url('http:\/\/etcdn.net\/thumbnails\/35174\/it-reykjavik-luci-del-nord-tour-esclusivo-in-italiano-4d086.jpg');\" title=\"Luci del Nord - Tour Guidato in italiano\"><\/span><amp-img width=\"225\" height=\"225\" src=\"http:\/\/etcdn.net\/thumbnails\/35174\/it-reykjavik-luci-del-nord-tour-esclusivo-in-italiano-4d086.jpg\">\t\t\t\t\t\t<\/a>\n\t\t\t\t\t<\/div>\n\t\t\t\t\t\t\t\t<div class=\"rss_content_wrap\">\n\t\t\t\t\t<span class=\"title\">\n\t\t\t\t\t\t<a href=\"https:\/\/islanda.evolutiontravel.it\/it_IT\/908\/tab\/35174_luci-del-nord-tour-guidato-in-italiano.html\" target=\"_blank\"  rel=\"noopener \">\n\t\t\t\t\t\t\tLuci del Nord - Tour Guidato in italiano\t\t\t\t\t\t<\/a>\n\t\t\t\t\t<\/span>\n\t\t\t\t\t<div class=\"rss_content\"\n\t\t\t\t\t\t\tstyle=\"\">\n\t\t\t\t\t\t\n\t\t\t\t\t\t\t\t\t\t\t\t<p class=\"description\">Questo programma di viaggio \u00e8 specificamente realizzato per farvi godere al meglio le Luci del Nord o Aurore Boreali\u00a0che [&hellip;]<\/p>\n\t\t\t\t\t\t\n\t\t\t\t\t\t\t\t\t\t\t\t\t\t\t\t\t\t\t<div class=\"price-wrap\">\n\t\t\t\t\t\t\t\t<a href=\"https:\/\/islanda.evolutiontravel.it\/it_IT\/908\/tab\/35174_luci-del-nord-tour-guidato-in-italiano.html\" target=\"_blank\" rel=\"noopener\"><button class=\"price\"> 1810<\/button><\/a>\n\t\t\t\t\t\t\t<\/div>\n\t\t\t\t\t\t\t\t\t\t\t<\/div>\n\t\t\t\t<\/div>\n\t\t\t<\/li>\n\t\t\t\t\t\t<li  style=\"padding: 23px 0 38px\" class=\"rss_item feedzy-rss-col-3\" >\n\t\t\t\t\t\t\t\t\t<div class=\"rss_image\" style=\"width:225px; height:225px;\">\n\t\t\t\t\t\t<a href=\"https:\/\/islanda.evolutiontravel.it\/it_IT\/908\/tab\/32692_meravigliose-aurore-boreali-in-4x4-viaggio-fly-drive-invernale.html\" target=\"_blank\" \n\t\t\t\t\t\t\trel=\"noopener \"\n\t\t\t\t\t\t\ttitle=\"Meravigliose Aurore Boreali in 4x4 - Viaggio Fly &amp; Drive Invernale\"\n\t\t\t\t\t\t\tstyle=\"width:225px; height:225px;\">\n\t\t\t\t\t\t\t<span class=\"fetched\" style=\"background-image:  url('http:\/\/etcdn.net\/thumbnails\/32692\/it-reykjavik-meravigliose-aurore-boreali-in-4x4-viaggio-fly-drive-invernale-4d085.jpg');\" title=\"Meravigliose Aurore Boreali in 4x4 - Viaggio Fly &amp; Drive Invernale\"><\/span><amp-img width=\"225\" height=\"225\" src=\"http:\/\/etcdn.net\/thumbnails\/32692\/it-reykjavik-meravigliose-aurore-boreali-in-4x4-viaggio-fly-drive-invernale-4d085.jpg\">\t\t\t\t\t\t<\/a>\n\t\t\t\t\t<\/div>\n\t\t\t\t\t\t\t\t<div class=\"rss_content_wrap\">\n\t\t\t\t\t<span class=\"title\">\n\t\t\t\t\t\t<a href=\"https:\/\/islanda.evolutiontravel.it\/it_IT\/908\/tab\/32692_meravigliose-aurore-boreali-in-4x4-viaggio-fly-drive-invernale.html\" target=\"_blank\"  rel=\"noopener \">\n\t\t\t\t\t\t\tMeravigliose Aurore Boreali in 4x4 - Viaggio Fly &amp; Drive Invernale\t\t\t\t\t\t<\/a>\n\t\t\t\t\t<\/span>\n\t\t\t\t\t<div class=\"rss_content\"\n\t\t\t\t\t\t\tstyle=\"\">\n\t\t\t\t\t\t\n\t\t\t\t\t\t\t\t\t\t\t\t<p class=\"description\">L'Ovest e il Sud dell'Islanda mostrano un'incredibile variet\u00e0 di paesaggi contrastanti facilmente esplorabili in un'avventura di [&hellip;]<\/p>\n\t\t\t\t\t\t\n\t\t\t\t\t\t\t\t\t\t\t\t\t\t\t\t\t\t\t<div class=\"price-wrap\">\n\t\t\t\t\t\t\t\t<a href=\"https:\/\/islanda.evolutiontravel.it\/it_IT\/908\/tab\/32692_meravigliose-aurore-boreali-in-4x4-viaggio-fly-drive-invernale.html\" target=\"_blank\" rel=\"noopener\"><button class=\"price\"> 1450<\/button><\/a>\n\t\t\t\t\t\t\t<\/div>\n\t\t\t\t\t\t\t\t\t\t\t<\/div>\n\t\t\t\t<\/div>\n\t\t\t<\/li>\n\t\t\t\t\t\t<li  style=\"padding: 23px 0 38px\" class=\"rss_item feedzy-rss-col-3\" >\n\t\t\t\t\t\t\t\t\t<div class=\"rss_image\" style=\"width:225px; height:225px;\">\n\t\t\t\t\t\t<a href=\"https:\/\/islanda.evolutiontravel.it\/it_IT\/908\/tab\/24926_viaggio-tour-di-gruppo-4x4-altopiani-meravigliosi-piccolo-gruppo.html\" target=\"_blank\" \n\t\t\t\t\t\t\trel=\"noopener \"\n\t\t\t\t\t\t\ttitle=\"Viaggio Tour di Gruppo 4x4: Altopiani meravigliosi - Piccolo Gruppo\"\n\t\t\t\t\t\t\tstyle=\"width:225px; height:225px;\">\n\t\t\t\t\t\t\t<span class=\"fetched\" style=\"background-image:  url('http:\/\/etcdn.net\/thumbnails\/24926\/it-reykjavik-altopiani-meravigliosi-5a6b1.jpg');\" title=\"Viaggio Tour di Gruppo 4x4: Altopiani meravigliosi - Piccolo Gruppo\"><\/span><amp-img width=\"225\" height=\"225\" src=\"http:\/\/etcdn.net\/thumbnails\/24926\/it-reykjavik-altopiani-meravigliosi-5a6b1.jpg\">\t\t\t\t\t\t<\/a>\n\t\t\t\t\t<\/div>\n\t\t\t\t\t\t\t\t<div class=\"rss_content_wrap\">\n\t\t\t\t\t<span class=\"title\">\n\t\t\t\t\t\t<a href=\"https:\/\/islanda.evolutiontravel.it\/it_IT\/908\/tab\/24926_viaggio-tour-di-gruppo-4x4-altopiani-meravigliosi-piccolo-gruppo.html\" target=\"_blank\"  rel=\"noopener \">\n\t\t\t\t\t\t\tViaggio Tour di Gruppo 4x4: Altopiani meravigliosi - Piccolo Gruppo\t\t\t\t\t\t<\/a>\n\t\t\t\t\t<\/span>\n\t\t\t\t\t<div class=\"rss_content\"\n\t\t\t\t\t\t\tstyle=\"\">\n\t\t\t\t\t\t\n\t\t\t\t\t\t\t\t\t\t\t\t<p class=\"description\">Il miglior modo per visitare l\u2019Islanda \u00e8 passeggiare senza fretta alla scoperta di una natura estrema e primordiale, magari [&hellip;]<\/p>\n\t\t\t\t\t\t\n\t\t\t\t\t\t\t\t\t\t\t\t\t\t\t\t\t\t\t<div class=\"price-wrap\">\n\t\t\t\t\t\t\t\t<a href=\"https:\/\/islanda.evolutiontravel.it\/it_IT\/908\/tab\/24926_viaggio-tour-di-gruppo-4x4-altopiani-meravigliosi-piccolo-gruppo.html\" target=\"_blank\" rel=\"noopener\"><button class=\"price\"> 4550<\/button><\/a>\n\t\t\t\t\t\t\t<\/div>\n\t\t\t\t\t\t\t\t\t\t\t<\/div>\n\t\t\t\t<\/div>\n\t\t\t<\/li>\n\t\t\t\t<\/ul>\n<\/div>\n<style type=\"text\/css\" media=\"all\">.feedzy-rss .rss_item .rss_image{float:left;position:relative;border:none;text-decoration:none;max-width:100%}.feedzy-rss .rss_item .rss_image span{display:inline-block;position:absolute;width:100%;height:100%;background-position:50%;background-size:cover}.feedzy-rss .rss_item .rss_image{margin:.3em 1em 0 0;content-visibility:auto}.feedzy-rss ul{list-style:none}.feedzy-rss ul li{display:inline-block}<\/style>\n","protected":false},"excerpt":{"rendered":"<p>Il tour dell&#8217;Islanda chiamto &#8220;Cerchio d&#8217;Oro&#8221; vi consente di vedere in un unico giorno alcune delle attrazioni pi\u00f9 famose di questa isola: Gullfoss, Geysir e Thingvellir. Il &#8220;giro ad anello&#8221; (ecco perch\u00e8 &#8220;cerchio&#8221;) inizia dalla capitale Reykjavik e la prima tappa \u00e8 Thingvellir, Patrimonio dell\u2019Umanit\u00e0, con il suo Parco nazionale. Questo parco \u00e8 famoso per <a class=\"moretag\" href=\"https:\/\/islanda.evolutiontravel.it\/infovacanze\/dove-andare\/circolo-doro\/\">[&#8230;]<\/a><\/p>\n","protected":false},"author":6,"featured_media":0,"parent":108,"menu_order":0,"comment_status":"closed","ping_status":"open","template":"templates\/template-with-right-sidebar.php","meta":{"footnotes":""},"yoast_head":"<!-- This site is optimized with the Yoast SEO plugin v21.9.1 - https:\/\/yoast.com\/wordpress\/plugins\/seo\/ -->\n<title>Cerchio d\u2019Oro in Islanda: tour di un giorno tra Gullfoss, Thingvellir e Geysir<\/title>\n<meta name=\"description\" content=\"Il Cerchio d&#039;Oro in Islanda \u00e8 uno dei percorsi turistici pi\u00f9 famosi che ti porter\u00e0 alla scoperta di Thingvellir, Gullfoss e Geysir. Leggi il nostro articolo e parti grazie alle nostre offerte imperdibili per l&#039;Islanda!\" \/>\n<meta name=\"robots\" content=\"index, follow, max-snippet:-1, max-image-preview:large, max-video-preview:-1\" \/>\n<link rel=\"canonical\" href=\"https:\/\/islanda.evolutiontravel.it\/infovacanze\/dove-andare\/circolo-doro\/\" \/>\n<meta property=\"og:locale\" content=\"it_IT\" \/>\n<meta property=\"og:type\" content=\"article\" \/>\n<meta property=\"og:title\" content=\"Cerchio d\u2019Oro in Islanda: tour di un giorno tra Gullfoss, Thingvellir e Geysir\" \/>\n<meta property=\"og:description\" content=\"Il Cerchio d&#039;Oro in Islanda \u00e8 uno dei percorsi turistici pi\u00f9 famosi che ti porter\u00e0 alla scoperta di Thingvellir, Gullfoss e Geysir. Leggi il nostro articolo e parti grazie alle nostre offerte imperdibili per l&#039;Islanda!\" \/>\n<meta property=\"og:url\" content=\"https:\/\/islanda.evolutiontravel.it\/infovacanze\/dove-andare\/circolo-doro\/\" \/>\n<meta property=\"og:site_name\" content=\"Islanda\" \/>\n<meta property=\"article:modified_time\" content=\"2018-04-30T09:26:29+00:00\" \/>\n<meta property=\"og:image\" content=\"http:\/\/islanda.evolutiontravel.it\/infovacanze\/wp-content\/uploads\/sites\/21\/2014\/06\/circolo-oro-islanda-300x201.jpg\" \/>\n<meta name=\"twitter:label1\" content=\"Tempo di lettura stimato\" \/>\n\t<meta name=\"twitter:data1\" content=\"2 minuti\" \/>\n<script type=\"application\/ld+json\" class=\"yoast-schema-graph\">{\"@context\":\"https:\/\/schema.org\",\"@graph\":[{\"@type\":\"WebPage\",\"@id\":\"https:\/\/islanda.evolutiontravel.it\/infovacanze\/dove-andare\/circolo-doro\/\",\"url\":\"https:\/\/islanda.evolutiontravel.it\/infovacanze\/dove-andare\/circolo-doro\/\",\"name\":\"Cerchio d\u2019Oro in Islanda: tour di un giorno tra Gullfoss, Thingvellir e Geysir\",\"isPartOf\":{\"@id\":\"https:\/\/islanda.evolutiontravel.it\/infovacanze\/#website\"},\"datePublished\":\"2014-06-13T13:56:20+00:00\",\"dateModified\":\"2018-04-30T09:26:29+00:00\",\"description\":\"Il Cerchio d'Oro in Islanda \u00e8 uno dei percorsi turistici pi\u00f9 famosi che ti porter\u00e0 alla scoperta di Thingvellir, Gullfoss e Geysir. Leggi il nostro articolo e parti grazie alle nostre offerte imperdibili per l'Islanda!\",\"breadcrumb\":{\"@id\":\"https:\/\/islanda.evolutiontravel.it\/infovacanze\/dove-andare\/circolo-doro\/#breadcrumb\"},\"inLanguage\":\"it-IT\",\"potentialAction\":[{\"@type\":\"ReadAction\",\"target\":[\"https:\/\/islanda.evolutiontravel.it\/infovacanze\/dove-andare\/circolo-doro\/\"]}]},{\"@type\":\"BreadcrumbList\",\"@id\":\"https:\/\/islanda.evolutiontravel.it\/infovacanze\/dove-andare\/circolo-doro\/#breadcrumb\",\"itemListElement\":[{\"@type\":\"ListItem\",\"position\":1,\"name\":\"Luoghi da vedere in Islanda\",\"item\":\"https:\/\/islanda.evolutiontravel.it\/infovacanze\/dove-andare\/\"},{\"@type\":\"ListItem\",\"position\":2,\"name\":\"Cerchio d&#8217;Oro d&#8217;Islanda\"}]},{\"@type\":\"WebSite\",\"@id\":\"https:\/\/islanda.evolutiontravel.it\/infovacanze\/#website\",\"url\":\"https:\/\/islanda.evolutiontravel.it\/infovacanze\/\",\"name\":\"Islanda\",\"description\":\"\",\"potentialAction\":[{\"@type\":\"SearchAction\",\"target\":{\"@type\":\"EntryPoint\",\"urlTemplate\":\"https:\/\/islanda.evolutiontravel.it\/infovacanze\/?s={search_term_string}\"},\"query-input\":\"required name=search_term_string\"}],\"inLanguage\":\"it-IT\"}]}<\/script>\n<!-- \/ Yoast SEO plugin. -->","yoast_head_json":{"title":"Cerchio d\u2019Oro in Islanda: tour di un giorno tra Gullfoss, Thingvellir e Geysir","description":"Il Cerchio d'Oro in Islanda \u00e8 uno dei percorsi turistici pi\u00f9 famosi che ti porter\u00e0 alla scoperta di Thingvellir, Gullfoss e Geysir. Leggi il nostro articolo e parti grazie alle nostre offerte imperdibili per l'Islanda!","robots":{"index":"index","follow":"follow","max-snippet":"max-snippet:-1","max-image-preview":"max-image-preview:large","max-video-preview":"max-video-preview:-1"},"canonical":"https:\/\/islanda.evolutiontravel.it\/infovacanze\/dove-andare\/circolo-doro\/","og_locale":"it_IT","og_type":"article","og_title":"Cerchio d\u2019Oro in Islanda: tour di un giorno tra Gullfoss, Thingvellir e Geysir","og_description":"Il Cerchio d'Oro in Islanda \u00e8 uno dei percorsi turistici pi\u00f9 famosi che ti porter\u00e0 alla scoperta di Thingvellir, Gullfoss e Geysir. Leggi il nostro articolo e parti grazie alle nostre offerte imperdibili per l'Islanda!","og_url":"https:\/\/islanda.evolutiontravel.it\/infovacanze\/dove-andare\/circolo-doro\/","og_site_name":"Islanda","article_modified_time":"2018-04-30T09:26:29+00:00","og_image":[{"url":"http:\/\/islanda.evolutiontravel.it\/infovacanze\/wp-content\/uploads\/sites\/21\/2014\/06\/circolo-oro-islanda-300x201.jpg"}],"twitter_misc":{"Tempo di lettura stimato":"2 minuti"},"schema":{"@context":"https:\/\/schema.org","@graph":[{"@type":"WebPage","@id":"https:\/\/islanda.evolutiontravel.it\/infovacanze\/dove-andare\/circolo-doro\/","url":"https:\/\/islanda.evolutiontravel.it\/infovacanze\/dove-andare\/circolo-doro\/","name":"Cerchio d\u2019Oro in Islanda: tour di un giorno tra Gullfoss, Thingvellir e Geysir","isPartOf":{"@id":"https:\/\/islanda.evolutiontravel.it\/infovacanze\/#website"},"datePublished":"2014-06-13T13:56:20+00:00","dateModified":"2018-04-30T09:26:29+00:00","description":"Il Cerchio d'Oro in Islanda \u00e8 uno dei percorsi turistici pi\u00f9 famosi che ti porter\u00e0 alla scoperta di Thingvellir, Gullfoss e Geysir. Leggi il nostro articolo e parti grazie alle nostre offerte imperdibili per l'Islanda!","breadcrumb":{"@id":"https:\/\/islanda.evolutiontravel.it\/infovacanze\/dove-andare\/circolo-doro\/#breadcrumb"},"inLanguage":"it-IT","potentialAction":[{"@type":"ReadAction","target":["https:\/\/islanda.evolutiontravel.it\/infovacanze\/dove-andare\/circolo-doro\/"]}]},{"@type":"BreadcrumbList","@id":"https:\/\/islanda.evolutiontravel.it\/infovacanze\/dove-andare\/circolo-doro\/#breadcrumb","itemListElement":[{"@type":"ListItem","position":1,"name":"Luoghi da vedere in Islanda","item":"https:\/\/islanda.evolutiontravel.it\/infovacanze\/dove-andare\/"},{"@type":"ListItem","position":2,"name":"Cerchio d&#8217;Oro d&#8217;Islanda"}]},{"@type":"WebSite","@id":"https:\/\/islanda.evolutiontravel.it\/infovacanze\/#website","url":"https:\/\/islanda.evolutiontravel.it\/infovacanze\/","name":"Islanda","description":"","potentialAction":[{"@type":"SearchAction","target":{"@type":"EntryPoint","urlTemplate":"https:\/\/islanda.evolutiontravel.it\/infovacanze\/?s={search_term_string}"},"query-input":"required name=search_term_string"}],"inLanguage":"it-IT"}]}},"_links":{"self":[{"href":"https:\/\/islanda.evolutiontravel.it\/infovacanze\/wp-json\/wp\/v2\/pages\/118"}],"collection":[{"href":"https:\/\/islanda.evolutiontravel.it\/infovacanze\/wp-json\/wp\/v2\/pages"}],"about":[{"href":"https:\/\/islanda.evolutiontravel.it\/infovacanze\/wp-json\/wp\/v2\/types\/page"}],"author":[{"embeddable":true,"href":"https:\/\/islanda.evolutiontravel.it\/infovacanze\/wp-json\/wp\/v2\/users\/6"}],"replies":[{"embeddable":true,"href":"https:\/\/islanda.evolutiontravel.it\/infovacanze\/wp-json\/wp\/v2\/comments?post=118"}],"version-history":[{"count":9,"href":"https:\/\/islanda.evolutiontravel.it\/infovacanze\/wp-json\/wp\/v2\/pages\/118\/revisions"}],"predecessor-version":[{"id":546,"href":"https:\/\/islanda.evolutiontravel.it\/infovacanze\/wp-json\/wp\/v2\/pages\/118\/revisions\/546"}],"up":[{"embeddable":true,"href":"https:\/\/islanda.evolutiontravel.it\/infovacanze\/wp-json\/wp\/v2\/pages\/108"}],"wp:attachment":[{"href":"https:\/\/islanda.evolutiontravel.it\/infovacanze\/wp-json\/wp\/v2\/media?parent=118"}],"curies":[{"name":"wp","href":"https:\/\/api.w.org\/{rel}","templated":true}]}}